{"id":3132,"date":"2022-05-16T12:49:43","date_gmt":"2022-05-16T10:49:43","guid":{"rendered":"https:\/\/www.sedigas.es\/informeanual\/2023\/?page_id=3132"},"modified":"2025-06-25T11:04:25","modified_gmt":"2025-06-25T09:04:25","slug":"resumen","status":"publish","type":"page","link":"https:\/\/www.sedigas.es\/informeanual\/2024\/resumen\/","title":{"rendered":"Resumen"},"content":{"rendered":"<div class=\"fusion-two-third two_third fusion-layout-column fusion-column spacing-yes\"><div class=\"fusion-column-wrapper\">\n<h2><strong>El gas se consolida como elemento clave para el suministro en Europa<\/strong><\/h2>\n<div class=\"fusion-sep-clear\"><\/div><div class=\"fusion-separator fusion-full-width-sep sep-none\" style=\"border-color:#e0dede;margin-top:px;\"><\/div>El gas natural ha consolidado su papel fundamental en la seguridad de suministro energ\u00e9tico en Europa, tras la crisis derivada de la invasi\u00f3n rusa a Ucrania. La Comisi\u00f3n Europea continu\u00f3 en 2024 proponiendo la implementaci\u00f3n de medidas para reducir la dependencia de los aprovisionamientos procedentes de Rusia, que consolidan las estrategias adoptadas en a\u00f1os anteriores y contemplan nuevas iniciativas para garantizar la seguridad de suministro en el futuro.<\/p>\n<p>En particular, los Estados miembros cumplieron con sus compromisos de llenado de los almacenamientos subterr\u00e1neos de acuerdo con los objetivos establecidos para el conjunto de la Uni\u00f3n Europea (UE). En este sentido, Espa\u00f1a alcanz\u00f3 en el mes de agosto el 100% de su capacidad (la UE exig\u00eda a sus Estados miembros un nivel de llenado del 90% el 1 de noviembre).<\/p>\n<p>Los factores geopol\u00edticos, unidos a las indisponibilidades en algunas instalaciones, configuraron un contexto energ\u00e9tico con precios al alza a lo largo de todo 2024. Adem\u00e1s de por el conflicto ruso-ucraniano, las cotizaciones del gas se vieron afectadas por nuevas tensiones en Oriente Medio, as\u00ed como por las paradas en las plantas australianas y en la americana de Freeport y por la interrupci\u00f3n del tr\u00e1nsito a trav\u00e9s del Canal de Suez.<\/p>\n<p>El Sistema Gasista se mantuvo disponible todos los d\u00edas del a\u00f1o y ha garantizado el suministro a todos los consumidores. Tambi\u00e9n ha demostrado su resiliencia ante fen\u00f3menos climatol\u00f3gicos adversos como la DANA que afect\u00f3 gravemente a numerosas comarcas del Levante espa\u00f1ol.<\/p>\n<p>Espa\u00f1a sigui\u00f3 contribuyendo a la seguridad de suministro del resto de Europa y envi\u00f3 un total de 34,5 TWh de gas natural, tanto a trav\u00e9s de las interconexiones como mediante recargas de buques de gas natural licuado.<\/div><\/div><div class=\"fusion-one-third one_third fusion-layout-column fusion-column last spacing-yes\"><div class=\"fusion-column-wrapper\"><span class=\"fusion-imageframe imageframe imageframe-none imageframe-1\"> <img decoding=\"async\" src=\"https:\/\/www.sedigas.es\/informeanual\/2024\/wp-content\/uploads\/2025\/06\/informe-sistema-gasista-sedigas-2024-19.jpg\" alt=\"\" class=\"img-responsive\" \/><\/span>\n<h6 style=\"text-align: right;\"><span style=\"color: #000000;\">Nuestro sistema se consolid\u00f3 un a\u00f1o m\u00e1s como un referente en Europa por su situaci\u00f3n privilegiada y su red de infraestructuras .<\/span><em><span style=\"color: #1684b9;\"><br \/>\n<\/span><\/em><\/h6>\n<\/div><\/div><div class=\"fusion-clearfix\"><\/div><div class=\"accordian fusion-accordian\"><div class=\"panel-group\" id=\"accordion-1\"><div class=\"fusion-panel panel-default\"><div class=\"panel-heading\"><h4 class=\"panel-title toggle\"><a data-toggle=\"collapse\" data-parent=\"#accordion-1\" data-target=\"#8e74e7178ec1f94c8\" href=\"#8e74e7178ec1f94c8\"><i class=\"fa-fusion-box\"><\/i>Segundo pa\u00eds a nivel europeo en volumen de GNL recargado <\/a><\/h4><\/div><div id=\"8e74e7178ec1f94c8\" class=\"panel-collapse collapse \"><div class=\"panel-body toggle-content\">En 2024 Espa\u00f1a se consolid\u00f3 como el segundo pa\u00eds a nivel europeo en volumen de GNL recargado, tan solo superado por B\u00e9lgica. Las operaciones de carga cumplieron con el 14\u00ba paquete de sanciones de la UE contra Rusia por la invasi\u00f3n a Ucrania. Espa\u00f1a fue el primer pa\u00eds de la UE en definir las normas y procedimientos de detalle para el seguimiento, control y autorizaci\u00f3n de las cargas de buques realizadas en el Sistema Gasista con el objetivo de asegurar el cumplimiento de las sanciones impuestas.<\/p>\n<p>El sistema espa\u00f1ol recibi\u00f3 aprovisionamientos de 14 or\u00edgenes distintos, lo que representa una amplia diversificaci\u00f3n del suministro y posiciona a Espa\u00f1a como un punto estrat\u00e9gico de entrada de gas natural licuado de Europa. Asimismo, las terminales realizaron m\u00e1s cargas de GNL para bunkering en 2024 que en el a\u00f1o anterior, contribuyendo al proceso de descarbonizaci\u00f3n del sector mar\u00edtimo.<\/p>\n<p>Los altos niveles de contrataci\u00f3n de almacenamiento de GNL en tanque y el elevado llenado de los almacenamientos subterr\u00e1neos reflejaron el compromiso de los usuarios con el Sistema. La plataforma de solicitud y contrataci\u00f3n de capacidad estuvo sometida de forma reiterada a subastas competitivas con m\u00faltiples rondas y participantes. Esto se puso de manifiesto en las subastas anuales, donde se ofertaron y asignaron slots de descarga y capacidad de almacenamiento de GNL hasta el a\u00f1o 2039.<\/p>\n<\/div><\/div><\/div><\/div><\/div>\n","protected":false},"excerpt":{"rendered":"","protected":false},"author":1,"featured_media":0,"parent":0,"menu_order":0,"comment_status":"open","ping_status":"open","template":"","meta":{"footnotes":""},"class_list":["post-3132","page","type-page","status-publish","hentry"],"_links":{"self":[{"href":"https:\/\/www.sedigas.es\/informeanual\/2024\/wp-json\/wp\/v2\/pages\/3132","targetHints":{"allow":["GET"]}}],"collection":[{"href":"https:\/\/www.sedigas.es\/informeanual\/2024\/wp-json\/wp\/v2\/pages"}],"about":[{"href":"https:\/\/www.sedigas.es\/informeanual\/2024\/wp-json\/wp\/v2\/types\/page"}],"author":[{"embeddable":true,"href":"https:\/\/www.sedigas.es\/informeanual\/2024\/wp-json\/wp\/v2\/users\/1"}],"replies":[{"embeddable":true,"href":"https:\/\/www.sedigas.es\/informeanual\/2024\/wp-json\/wp\/v2\/comments?post=3132"}],"version-history":[{"count":15,"href":"https:\/\/www.sedigas.es\/informeanual\/2024\/wp-json\/wp\/v2\/pages\/3132\/revisions"}],"predecessor-version":[{"id":3649,"href":"https:\/\/www.sedigas.es\/informeanual\/2024\/wp-json\/wp\/v2\/pages\/3132\/revisions\/3649"}],"wp:attachment":[{"href":"https:\/\/www.sedigas.es\/informeanual\/2024\/wp-json\/wp\/v2\/media?parent=3132"}],"curies":[{"name":"wp","href":"https:\/\/api.w.org\/{rel}","templated":true}]}}