{"id":2258,"date":"2019-01-12T16:57:14","date_gmt":"2019-01-12T15:57:14","guid":{"rendered":"http:\/\/www.sedigas.es\/informeanual\/2018\/?page_id=2258"},"modified":"2024-07-15T16:06:08","modified_gmt":"2024-07-15T14:06:08","slug":"potencial","status":"publish","type":"page","link":"https:\/\/www.sedigas.es\/informeanual\/2024\/gas-renovable\/potencial\/","title":{"rendered":"Potencial"},"content":{"rendered":"<div class=\"fusion-fullwidth fullwidth-box\" style=\"background-attachment:scroll;background-position:left top;background-repeat:no-repeat;-webkit-background-size:cover;-moz-background-size:cover;-o-background-size:cover;background-size:cover;border-color:#eae9e9;border-bottom-width: 0px;border-top-width: 0px;border-bottom-style: solid;border-top-style: solid;padding-bottom:20px;padding-left:0px;padding-right:0px;padding-top:20px;\"><div class=\"avada-row\"><div class=\"fusion-two-third two_third fusion-layout-column fusion-column spacing-yes\"><div class=\"fusion-column-wrapper\">\n<h2><strong>Potencial de producci\u00f3n de biometano<\/strong><\/h2>\n<p>Seg\u00fan el estudio realizado por Sedigas en 2022 y publicado en enero de 2023, Espa\u00f1a cuenta con un potencial de producci\u00f3n de biometano de 163 TWh\/a\u00f1o, una cifra que permitir\u00eda cubrir en torno al 45% de la demanda nacional de gas natural<\/p>\n<p>La mayor parte de este volumen (el 58,5% o 95,3 TWh\/a\u00f1o) corresponder\u00eda a los cultivos intermedios, biomasa forestal y biog\u00e1s procedente de vertederos. El resto de la materia org\u00e1nica susceptible de generar biometano sumar\u00eda en torno a 67,6 TWh\/a\u00f1o.<\/p>\n<p>La distribuci\u00f3n del potencial por comunidades aut\u00f3nomas, que constituye una de las grandes novedades del estudio de Sedigas, var\u00eda en funci\u00f3n de diferentes factores: tipolog\u00eda y cantidad de residuos disponibles, potencial de producci\u00f3n de energ\u00eda a partir de los mismos, densidad de poblaci\u00f3n, superficie destinada a actividades primarias, n\u00famero, tama\u00f1o y tipolog\u00eda de las explotaciones agr\u00edcolas o ganaderas, etc.<\/p>\n<h3><strong>Desglose y tipolog\u00eda de las plantas<\/strong><\/h3>\n<p>El detalle del trabajo alcanza un desglose por comarcas en cuanto a cifras de generaci\u00f3n de residuos y su consiguiente potencial energ\u00e9tico, lo que constituye una herramienta de valor a\u00f1adido para los futuros planes que est\u00e9n en condiciones de desarrollar las administraciones locales y auton\u00f3micas. Con un elemento adicional de inter\u00e9s, dado que el informe no solo propone ubicaciones factibles para la construcci\u00f3n de las plantas de producci\u00f3n -que permitan aprovechar todo el potencial disponible-, sino tambi\u00e9n una estimaci\u00f3n de su impacto econ\u00f3mico y social.<\/p>\n<p>En total, se han identificado para todo el territorio un total de 2.326 de estas potenciales plantas, agrupadas en tres tipolog\u00edas principales:<\/p>\n<ul>\n<li>Plantas de residuos Agroindustriales + EDAR + RSU: sumar\u00edan un total de 1.566 unidades<\/li>\n<li>Plantas de Cultivos intermedios: se estima un total de 609 unidades.<\/li>\n<li>Plantas de Biomasa forestal residual: un total de 151.<\/li>\n<\/ul>\n<h3><strong>Puestos de trabajo e inversi\u00f3n<\/strong><\/h3>\n<p>El impacto de la puesta en marcha de toda esta red de infraestructuras de generaci\u00f3n de biometano ser\u00eda enormemente positivo, en t\u00e9rminos de empleo, para muchas de las \u00e1reas rurales de la denominada Espa\u00f1a vaciada. El informe estima en 21.736 el n\u00famero de empleos directos y en 40.205 el de indirectos, considerando \u00fanicamente las tareas de operaci\u00f3n y mantenimiento de las plantas. A estos m\u00e1s de 60.000 puestos de trabajo de nueva creaci\u00f3n habr\u00eda que a\u00f1adir los derivados de su construcci\u00f3n, que es mismo estudio cifra en 34.890 empleos directos y 465.200 indirectos.<\/p>\n<p>El desarrollo de n\u00famero de instalaciones de generaci\u00f3n requerir\u00eda una inversi\u00f3n de 40.495 millones de euros, desglosados en 18.792 millones para las plantas de la primera categor\u00eda (residuos agroindustriales, depuradoras y residuos urbanos), 14.616 millones para las de la segunda (cultivos intermedios) y 7.087 millones para las de residuos forestales. Habr\u00eda que a\u00f1adir tambi\u00e9n un montante de 3.349 millones destinado a trabajos de conexi\u00f3n de las nuevas plantas a las redes de gas ya existentes, as\u00ed como a la ampliaci\u00f3n de la infraestructura gasista actual para poder absorber la nueva fuente de abastecimiento de biometano.<\/p>\n<p><strong>Estudio completo de Sedigas disponible\u00a0<a href=\"https:\/\/estudio-biometano.sedigas.es\/\" target=\"_blank\">aqu\u00ed<\/a>.<\/strong><\/div><\/div><div class=\"fusion-one-third one_third fusion-layout-column fusion-column last spacing-yes\"><div class=\"fusion-column-wrapper\"><span class=\"fusion-imageframe imageframe imageframe-none imageframe-1\"> <img decoding=\"async\" src=\"https:\/\/www.sedigas.es\/informeanual\/2024\/wp-content\/uploads\/2019\/01\/gases-renovables-informe-sector-gasista.jpg\" alt=\"gases renovables informe sector gasista\" class=\"img-responsive\" \/><\/span>\n<h6 style=\"text-align: right;\">Espa\u00f1a cuenta con un potencial de producci\u00f3n de biometano de 163 TWh\/a\u00f1o<\/h6>\n<\/div><\/div><div class=\"fusion-clearfix\"><\/div><\/div><\/div>\n","protected":false},"excerpt":{"rendered":"","protected":false},"author":1,"featured_media":0,"parent":2248,"menu_order":4,"comment_status":"closed","ping_status":"closed","template":"","meta":{"footnotes":""},"class_list":["post-2258","page","type-page","status-publish","hentry"],"_links":{"self":[{"href":"https:\/\/www.sedigas.es\/informeanual\/2024\/wp-json\/wp\/v2\/pages\/2258","targetHints":{"allow":["GET"]}}],"collection":[{"href":"https:\/\/www.sedigas.es\/informeanual\/2024\/wp-json\/wp\/v2\/pages"}],"about":[{"href":"https:\/\/www.sedigas.es\/informeanual\/2024\/wp-json\/wp\/v2\/types\/page"}],"author":[{"embeddable":true,"href":"https:\/\/www.sedigas.es\/informeanual\/2024\/wp-json\/wp\/v2\/users\/1"}],"replies":[{"embeddable":true,"href":"https:\/\/www.sedigas.es\/informeanual\/2024\/wp-json\/wp\/v2\/comments?post=2258"}],"version-history":[{"count":29,"href":"https:\/\/www.sedigas.es\/informeanual\/2024\/wp-json\/wp\/v2\/pages\/2258\/revisions"}],"predecessor-version":[{"id":3608,"href":"https:\/\/www.sedigas.es\/informeanual\/2024\/wp-json\/wp\/v2\/pages\/2258\/revisions\/3608"}],"up":[{"embeddable":true,"href":"https:\/\/www.sedigas.es\/informeanual\/2024\/wp-json\/wp\/v2\/pages\/2248"}],"wp:attachment":[{"href":"https:\/\/www.sedigas.es\/informeanual\/2024\/wp-json\/wp\/v2\/media?parent=2258"}],"curies":[{"name":"wp","href":"https:\/\/api.w.org\/{rel}","templated":true}]}}