{"id":21,"date":"2014-12-15T13:09:01","date_gmt":"2014-12-15T12:09:01","guid":{"rendered":"http:\/\/www.sedigas.es\/informeanual\/2015\/?page_id=21"},"modified":"2025-06-25T10:57:29","modified_gmt":"2025-06-25T08:57:29","slug":"home","status":"publish","type":"page","link":"https:\/\/www.sedigas.es\/informeanual\/2024\/","title":{"rendered":"Home"},"content":{"rendered":"<div class=\"fusion-fullwidth fullwidth-box sinEspacios\" style=\"background-attachment:scroll;background-position:left top;background-repeat:no-repeat;-webkit-background-size:cover;-moz-background-size:cover;-o-background-size:cover;background-size:cover;border-color:#eae9e9;border-bottom-width: 0px;border-top-width: 0px;border-bottom-style: solid;border-top-style: solid;padding-bottom:20px;padding-left:0px;padding-right:0px;padding-top:20px;\"><div class=\"avada-row\"><div class=\"fusion-sep-clear\"><\/div><div class=\"fusion-separator fusion-full-width-sep sep-none\" style=\"border-color:#e0dede;margin-top:60px;\"><\/div>\n<h2>INFORME ANUAL 2024<\/h2>\n\n<h1 class=\"western\"><b>El gas en Espa\u00f1a<\/b><\/h1>\n<\/div><\/div><div class=\"fusion-fullwidth fullwidth-box\" style=\"background-attachment:scroll;background-position:left top;background-repeat:no-repeat;-webkit-background-size:cover;-moz-background-size:cover;-o-background-size:cover;background-size:cover;border-color:#eae9e9;border-bottom-width: 0px;border-top-width: 0px;border-bottom-style: solid;border-top-style: solid;padding-bottom:20px;padding-left:0px;padding-right:0px;padding-top:20px;\"><div class=\"avada-row\">\n<div id=\"rev_slider_6_1_wrapper\" class=\"rev_slider_wrapper fullwidthbanner-container\" style=\"margin:0px auto;background-color:transparent;padding:0px;margin-top:0px;margin-bottom:0px;max-height:450px;\">\n<!-- START REVOLUTION SLIDER 4.6.5 fullwidth mode -->\n\t<div id=\"rev_slider_6_1\" class=\"rev_slider fullwidthabanner\" style=\"display:none;max-height:450px;height:450px;\">\n<ul>\t<!-- SLIDE  -->\n\t<li data-transition=\"random\" data-slotamount=\"7\" data-masterspeed=\"300\"  data-saveperformance=\"off\" >\n\t\t<!-- MAIN IMAGE -->\n\t\t<img decoding=\"async\" src=\"https:\/\/www.sedigas.es\/informeanual\/2024\/wp-content\/plugins\/revslider\/images\/transparent.png\"  alt=\"\"  data-bgposition=\"center top\" data-bgfit=\"cover\" data-bgrepeat=\"no-repeat\">\n\t\t<!-- LAYERS -->\n\n\t\t<!-- LAYER NR. 1 -->\n\t\t<div class=\"tp-caption tp-fade\" \n\t\t\t data-x=\"0\" \n\t\t\t data-y=\"0\"  \n\t\t\tdata-speed=\"300\" \n\t\t\tdata-start=\"0\" \n\t\t\tdata-easing=\"Power3.easeInOut\" \n\t\t\tdata-elementdelay=\"0.1\" \n\t\t\tdata-endelementdelay=\"0.1\" \n\t\t\t data-endspeed=\"300\" \n\n\t\t\tstyle=\"z-index: 5;\"><img decoding=\"async\" src=\"https:\/\/www.sedigas.es\/informeanual\/2024\/wp-content\/uploads\/2025\/06\/informe-sedigas-2024-gas-6.jpg\" alt=\"\" data-ww=\"850\" data-hh=\"478\"> \n\t\t<\/div>\n\n\t\t<!-- LAYER NR. 2 -->\n\t\t<div class=\"tp-caption verde tp-fade tp-resizeme\" \n\t\t\t data-x=\"600\" \n\t\t\t data-y=\"-40\"  \n\t\t\tdata-speed=\"300\" \n\t\t\tdata-start=\"500\" \n\t\t\tdata-easing=\"Power3.easeInOut\" \n\t\t\tdata-splitin=\"none\" \n\t\t\tdata-splitout=\"none\" \n\t\t\tdata-elementdelay=\"0.1\" \n\t\t\tdata-endelementdelay=\"0.1\" \n\t\t\t data-endspeed=\"300\" \n\n\t\t\tstyle=\"z-index: 6; max-width: auto; max-height: auto; white-space: nowrap;\">El sistema espa\u00f1ol  \n\t\t<\/div>\n\n\t\t<!-- LAYER NR. 3 -->\n\t\t<div class=\"tp-caption verde tp-fade tp-resizeme\" \n\t\t\t data-x=\"600\" \n\t\t\t data-y=\"0\"  \n\t\t\tdata-speed=\"300\" \n\t\t\tdata-start=\"500\" \n\t\t\tdata-easing=\"Power3.easeInOut\" \n\t\t\tdata-splitin=\"none\" \n\t\t\tdata-splitout=\"none\" \n\t\t\tdata-elementdelay=\"0.1\" \n\t\t\tdata-endelementdelay=\"0.1\" \n\t\t\t data-endspeed=\"300\" \n\n\t\t\tstyle=\"z-index: 7; max-width: auto; max-height: auto; white-space: nowrap;\">recibi\u00f3 aprovisionamientos  \n\t\t<\/div>\n\n\t\t<!-- LAYER NR. 4 -->\n\t\t<div class=\"tp-caption verde tp-fade tp-resizeme\" \n\t\t\t data-x=\"600\" \n\t\t\t data-y=\"40\"  \n\t\t\tdata-speed=\"300\" \n\t\t\tdata-start=\"500\" \n\t\t\tdata-easing=\"Power3.easeInOut\" \n\t\t\tdata-splitin=\"none\" \n\t\t\tdata-splitout=\"none\" \n\t\t\tdata-elementdelay=\"0.1\" \n\t\t\tdata-endelementdelay=\"0.1\" \n\t\t\t data-endspeed=\"300\" \n\n\t\t\tstyle=\"z-index: 8; max-width: auto; max-height: auto; white-space: nowrap;\">de 14 or\u00edgenes  \n\t\t<\/div>\n\n\t\t<!-- LAYER NR. 5 -->\n\t\t<div class=\"tp-caption verde tp-fade tp-resizeme\" \n\t\t\t data-x=\"600\" \n\t\t\t data-y=\"80\"  \n\t\t\tdata-speed=\"300\" \n\t\t\tdata-start=\"500\" \n\t\t\tdata-easing=\"Power3.easeInOut\" \n\t\t\tdata-splitin=\"none\" \n\t\t\tdata-splitout=\"none\" \n\t\t\tdata-elementdelay=\"0.1\" \n\t\t\tdata-endelementdelay=\"0.1\" \n\t\t\t data-endspeed=\"300\" \n\n\t\t\tstyle=\"z-index: 9; max-width: auto; max-height: auto; white-space: nowrap;\">distintos. \n\t\t<\/div>\n\t<\/li>\n\t<!-- SLIDE  -->\n\t<li data-transition=\"random\" data-slotamount=\"7\" data-masterspeed=\"300\"  data-saveperformance=\"off\" >\n\t\t<!-- MAIN IMAGE -->\n\t\t<img decoding=\"async\" src=\"https:\/\/www.sedigas.es\/informeanual\/2024\/wp-content\/plugins\/revslider\/images\/transparent.png\"  alt=\"\"  data-bgposition=\"center top\" data-bgfit=\"cover\" data-bgrepeat=\"no-repeat\">\n\t\t<!-- LAYERS -->\n\n\t\t<!-- LAYER NR. 1 -->\n\t\t<div class=\"tp-caption tp-fade\" \n\t\t\t data-x=\"0\" \n\t\t\t data-y=\"0\"  \n\t\t\tdata-speed=\"300\" \n\t\t\tdata-start=\"0\" \n\t\t\tdata-easing=\"Power3.easeInOut\" \n\t\t\tdata-elementdelay=\"0.1\" \n\t\t\tdata-endelementdelay=\"0.1\" \n\t\t\t data-endspeed=\"300\" \n\n\t\t\tstyle=\"z-index: 5;\"><img decoding=\"async\" src=\"https:\/\/www.sedigas.es\/informeanual\/2024\/wp-content\/uploads\/2025\/06\/informe-sedigas-2024-gas-44.jpg\" alt=\"\" data-ww=\"850\" data-hh=\"478\"> \n\t\t<\/div>\n\n\t\t<!-- LAYER NR. 2 -->\n\t\t<div class=\"tp-caption verde tp-fade tp-resizeme\" \n\t\t\t data-x=\"600\" \n\t\t\t data-y=\"-40\"  \n\t\t\tdata-speed=\"300\" \n\t\t\tdata-start=\"500\" \n\t\t\tdata-easing=\"Power3.easeInOut\" \n\t\t\tdata-splitin=\"none\" \n\t\t\tdata-splitout=\"none\" \n\t\t\tdata-elementdelay=\"0.1\" \n\t\t\tdata-endelementdelay=\"0.1\" \n\t\t\t data-endspeed=\"300\" \n\n\t\t\tstyle=\"z-index: 6; max-width: auto; max-height: auto; white-space: nowrap;\">En 2024 Espa\u00f1a  \n\t\t<\/div>\n\n\t\t<!-- LAYER NR. 3 -->\n\t\t<div class=\"tp-caption verde tp-fade tp-resizeme\" \n\t\t\t data-x=\"600\" \n\t\t\t data-y=\"0\"  \n\t\t\tdata-speed=\"300\" \n\t\t\tdata-start=\"500\" \n\t\t\tdata-easing=\"Power3.easeInOut\" \n\t\t\tdata-splitin=\"none\" \n\t\t\tdata-splitout=\"none\" \n\t\t\tdata-elementdelay=\"0.1\" \n\t\t\tdata-endelementdelay=\"0.1\" \n\t\t\t data-endspeed=\"300\" \n\n\t\t\tstyle=\"z-index: 7; max-width: auto; max-height: auto; white-space: nowrap;\">se consolid\u00f3 como el  \n\t\t<\/div>\n\n\t\t<!-- LAYER NR. 4 -->\n\t\t<div class=\"tp-caption verde tp-fade tp-resizeme\" \n\t\t\t data-x=\"600\" \n\t\t\t data-y=\"40\"  \n\t\t\tdata-speed=\"300\" \n\t\t\tdata-start=\"500\" \n\t\t\tdata-easing=\"Power3.easeInOut\" \n\t\t\tdata-splitin=\"none\" \n\t\t\tdata-splitout=\"none\" \n\t\t\tdata-elementdelay=\"0.1\" \n\t\t\tdata-endelementdelay=\"0.1\" \n\t\t\t data-endspeed=\"300\" \n\n\t\t\tstyle=\"z-index: 8; max-width: auto; max-height: auto; white-space: nowrap;\">segundo pa\u00eds a nivel europeo  \n\t\t<\/div>\n\n\t\t<!-- LAYER NR. 5 -->\n\t\t<div class=\"tp-caption verde tp-fade tp-resizeme\" \n\t\t\t data-x=\"600\" \n\t\t\t data-y=\"80\"  \n\t\t\tdata-speed=\"300\" \n\t\t\tdata-start=\"500\" \n\t\t\tdata-easing=\"Power3.easeInOut\" \n\t\t\tdata-splitin=\"none\" \n\t\t\tdata-splitout=\"none\" \n\t\t\tdata-elementdelay=\"0.1\" \n\t\t\tdata-endelementdelay=\"0.1\" \n\t\t\t data-endspeed=\"300\" \n\n\t\t\tstyle=\"z-index: 9; max-width: auto; max-height: auto; white-space: nowrap;\">en volumen de GNL recargado \n\t\t<\/div>\n\t<\/li>\n\t<!-- SLIDE  -->\n\t<li data-transition=\"random\" data-slotamount=\"7\" data-masterspeed=\"300\"  data-saveperformance=\"off\" >\n\t\t<!-- MAIN IMAGE -->\n\t\t<img decoding=\"async\" src=\"https:\/\/www.sedigas.es\/informeanual\/2024\/wp-content\/plugins\/revslider\/images\/transparent.png\"  alt=\"\"  data-bgposition=\"center top\" data-bgfit=\"cover\" data-bgrepeat=\"no-repeat\">\n\t\t<!-- LAYERS -->\n\n\t\t<!-- LAYER NR. 1 -->\n\t\t<div class=\"tp-caption tp-fade\" \n\t\t\t data-x=\"0\" \n\t\t\t data-y=\"0\"  \n\t\t\tdata-speed=\"300\" \n\t\t\tdata-start=\"0\" \n\t\t\tdata-easing=\"Power3.easeInOut\" \n\t\t\tdata-elementdelay=\"0.1\" \n\t\t\tdata-endelementdelay=\"0.1\" \n\t\t\t data-endspeed=\"300\" \n\n\t\t\tstyle=\"z-index: 5;\"><img decoding=\"async\" src=\"https:\/\/www.sedigas.es\/informeanual\/2024\/wp-content\/uploads\/2025\/06\/informe-sedigas-2024-gas.jpg\" alt=\"\" data-ww=\"850\" data-hh=\"478\"> \n\t\t<\/div>\n\n\t\t<!-- LAYER NR. 2 -->\n\t\t<div class=\"tp-caption verde tp-fade tp-resizeme\" \n\t\t\t data-x=\"600\" \n\t\t\t data-y=\"-40\"  \n\t\t\tdata-speed=\"300\" \n\t\t\tdata-start=\"500\" \n\t\t\tdata-easing=\"Power3.easeInOut\" \n\t\t\tdata-splitin=\"none\" \n\t\t\tdata-splitout=\"none\" \n\t\t\tdata-elementdelay=\"0.1\" \n\t\t\tdata-endelementdelay=\"0.1\" \n\t\t\t data-endspeed=\"300\" \n\n\t\t\tstyle=\"z-index: 6; max-width: auto; max-height: auto; white-space: nowrap;\">La demanda total \n\t\t<\/div>\n\n\t\t<!-- LAYER NR. 3 -->\n\t\t<div class=\"tp-caption verde tp-fade tp-resizeme\" \n\t\t\t data-x=\"600\" \n\t\t\t data-y=\"0\"  \n\t\t\tdata-speed=\"300\" \n\t\t\tdata-start=\"500\" \n\t\t\tdata-easing=\"Power3.easeInOut\" \n\t\t\tdata-splitin=\"none\" \n\t\t\tdata-splitout=\"none\" \n\t\t\tdata-elementdelay=\"0.1\" \n\t\t\tdata-endelementdelay=\"0.1\" \n\t\t\t data-endspeed=\"300\" \n\n\t\t\tstyle=\"z-index: 7; max-width: auto; max-height: auto; white-space: nowrap;\">de gas en Espa\u00f1a  \n\t\t<\/div>\n\n\t\t<!-- LAYER NR. 4 -->\n\t\t<div class=\"tp-caption verde tp-fade tp-resizeme\" \n\t\t\t data-x=\"600\" \n\t\t\t data-y=\"40\"  \n\t\t\tdata-speed=\"300\" \n\t\t\tdata-start=\"500\" \n\t\t\tdata-easing=\"Power3.easeInOut\" \n\t\t\tdata-splitin=\"none\" \n\t\t\tdata-splitout=\"none\" \n\t\t\tdata-elementdelay=\"0.1\" \n\t\t\tdata-endelementdelay=\"0.1\" \n\t\t\t data-endspeed=\"300\" \n\n\t\t\tstyle=\"z-index: 8; max-width: auto; max-height: auto; white-space: nowrap;\">alcanz\u00f3 los 311,9 TWh \n\t\t<\/div>\n\n\t\t<!-- LAYER NR. 5 -->\n\t\t<div class=\"tp-caption verde tp-fade tp-resizeme\" \n\t\t\t data-x=\"600\" \n\t\t\t data-y=\"80\"  \n\t\t\tdata-speed=\"300\" \n\t\t\tdata-start=\"500\" \n\t\t\tdata-easing=\"Power3.easeInOut\" \n\t\t\tdata-splitin=\"none\" \n\t\t\tdata-splitout=\"none\" \n\t\t\tdata-elementdelay=\"0.1\" \n\t\t\tdata-endelementdelay=\"0.1\" \n\t\t\t data-endspeed=\"300\" \n\n\t\t\tstyle=\"z-index: 9; max-width: auto; max-height: auto; white-space: nowrap;\">un 3,2% m\u00e1s que en 2023 \n\t\t<\/div>\n\t<\/li>\n<\/ul>\n<div class=\"tp-bannertimer tp-bottom\" style=\"visibility: hidden !important;\"><\/div>\t<\/div>\n\t\t\t\n\n\t\t\t<style scoped>.tp-caption.verde,.verde{color:#ffffff;text-shadow:none;font-size:35px;line-height:38px;padding:0px 10px 0px 10px;margin:0px 0px 2px;background-color:rgba(0,204,102,1);font-family:PTSansRegular,Arial,Helvetica,sans-serif;text-decoration:none;border-width:0px;border-color:rgb(255,255,255);border-style:none}<\/style>\n\n\t\t\t<script type=\"text\/javascript\">\n\n\t\t\t\t\/******************************************\n\t\t\t\t\t-\tPREPARE PLACEHOLDER FOR SLIDER\t-\n\t\t\t\t******************************************\/\n\t\t\t\t\n\n\t\t\t\tvar setREVStartSize = function() {\n\t\t\t\t\tvar\ttpopt = new Object();\n\t\t\t\t\t\ttpopt.startwidth = 1170;\n\t\t\t\t\t\ttpopt.startheight = 450;\n\t\t\t\t\t\ttpopt.container = jQuery('#rev_slider_6_1');\n\t\t\t\t\t\ttpopt.fullScreen = \"off\";\n\t\t\t\t\t\ttpopt.forceFullWidth=\"off\";\n\n\t\t\t\t\ttpopt.container.closest(\".rev_slider_wrapper\").css({height:tpopt.container.height()});tpopt.width=parseInt(tpopt.container.width(),0);tpopt.height=parseInt(tpopt.container.height(),0);tpopt.bw=tpopt.width\/tpopt.startwidth;tpopt.bh=tpopt.height\/tpopt.startheight;if(tpopt.bh>tpopt.bw)tpopt.bh=tpopt.bw;if(tpopt.bh<tpopt.bw)tpopt.bw=tpopt.bh;if(tpopt.bw<tpopt.bh)tpopt.bh=tpopt.bw;if(tpopt.bh>1){tpopt.bw=1;tpopt.bh=1}if(tpopt.bw>1){tpopt.bw=1;tpopt.bh=1}tpopt.height=Math.round(tpopt.startheight*(tpopt.width\/tpopt.startwidth));if(tpopt.height>tpopt.startheight&&tpopt.autoHeight!=\"on\")tpopt.height=tpopt.startheight;if(tpopt.fullScreen==\"on\"){tpopt.height=tpopt.bw*tpopt.startheight;var cow=tpopt.container.parent().width();var coh=jQuery(window).height();if(tpopt.fullScreenOffsetContainer!=undefined){try{var offcontainers=tpopt.fullScreenOffsetContainer.split(\",\");jQuery.each(offcontainers,function(e,t){coh=coh-jQuery(t).outerHeight(true);if(coh<tpopt.minFullScreenHeight)coh=tpopt.minFullScreenHeight})}catch(e){}}tpopt.container.parent().height(coh);tpopt.container.height(coh);tpopt.container.closest(\".rev_slider_wrapper\").height(coh);tpopt.container.closest(\".forcefullwidth_wrapper_tp_banner\").find(\".tp-fullwidth-forcer\").height(coh);tpopt.container.css({height:\"100%\"});tpopt.height=coh;}else{tpopt.container.height(tpopt.height);tpopt.container.closest(\".rev_slider_wrapper\").height(tpopt.height);tpopt.container.closest(\".forcefullwidth_wrapper_tp_banner\").find(\".tp-fullwidth-forcer\").height(tpopt.height);}\n\t\t\t\t};\n\n\t\t\t\t\/* CALL PLACEHOLDER *\/\n\t\t\t\tsetREVStartSize();\n\n\n\t\t\t\tvar tpj=jQuery;\n\t\t\t\ttpj.noConflict();\n\t\t\t\tvar revapi6;\n\n\t\t\t\ttpj(document).ready(function() {\n\n\t\t\t\tif(tpj('#rev_slider_6_1').revolution == undefined){\n\t\t\t\t\trevslider_showDoubleJqueryError('#rev_slider_6_1');\n\t\t\t\t}else{\n\t\t\t\t   revapi6 = tpj('#rev_slider_6_1').show().revolution(\n\t\t\t\t\t{\t\n\t\t\t\t\t\t\t\t\t\t\t\tdottedOverlay:\"none\",\n\t\t\t\t\t\tdelay:9000,\n\t\t\t\t\t\tstartwidth:1170,\n\t\t\t\t\t\tstartheight:450,\n\t\t\t\t\t\thideThumbs:0,\n\n\t\t\t\t\t\tthumbWidth:100,\n\t\t\t\t\t\tthumbHeight:50,\n\t\t\t\t\t\tthumbAmount:3,\n\t\t\t\t\t\t\n\t\t\t\t\t\t\t\t\t\t\t\t\n\t\t\t\t\t\tsimplifyAll:\"off\",\n\n\t\t\t\t\t\tnavigationType:\"none\",\n\t\t\t\t\t\tnavigationArrows:\"solo\",\n\t\t\t\t\t\tnavigationStyle:\"round\",\n\n\t\t\t\t\t\ttouchenabled:\"on\",\n\t\t\t\t\t\tonHoverStop:\"off\",\n\t\t\t\t\t\tnextSlideOnWindowFocus:\"off\",\n\n\t\t\t\t\t\tswipe_threshold: 75,\n\t\t\t\t\t\tswipe_min_touches: 1,\n\t\t\t\t\t\tdrag_block_vertical: false,\n\t\t\t\t\t\t\n\t\t\t\t\t\t\t\t\t\t\t\t\n\t\t\t\t\t\t\t\t\t\t\t\t\n\t\t\t\t\t\tkeyboardNavigation:\"off\",\n\n\t\t\t\t\t\tnavigationHAlign:\"center\",\n\t\t\t\t\t\tnavigationVAlign:\"bottom\",\n\t\t\t\t\t\tnavigationHOffset:0,\n\t\t\t\t\t\tnavigationVOffset:20,\n\n\t\t\t\t\t\tsoloArrowLeftHalign:\"left\",\n\t\t\t\t\t\tsoloArrowLeftValign:\"center\",\n\t\t\t\t\t\tsoloArrowLeftHOffset:20,\n\t\t\t\t\t\tsoloArrowLeftVOffset:0,\n\n\t\t\t\t\t\tsoloArrowRightHalign:\"right\",\n\t\t\t\t\t\tsoloArrowRightValign:\"center\",\n\t\t\t\t\t\tsoloArrowRightHOffset:200,\n\t\t\t\t\t\tsoloArrowRightVOffset:0,\n\n\t\t\t\t\t\tshadow:0,\n\t\t\t\t\t\tfullWidth:\"on\",\n\t\t\t\t\t\tfullScreen:\"off\",\n\n\t\t\t\t\t\t\t\t\t\t\t\tspinner:\"spinner0\",\n\t\t\t\t\t\t\t\t\t\t\t\t\n\t\t\t\t\t\tstopLoop:\"off\",\n\t\t\t\t\t\tstopAfterLoops:-1,\n\t\t\t\t\t\tstopAtSlide:-1,\n\n\t\t\t\t\t\tshuffle:\"off\",\n\n\t\t\t\t\t\tautoHeight:\"off\",\n\t\t\t\t\t\tforceFullWidth:\"off\",\n\t\t\t\t\t\t\n\t\t\t\t\t\t\n\t\t\t\t\t\thideTimerBar:\"on\",\n\t\t\t\t\t\thideThumbsOnMobile:\"off\",\n\t\t\t\t\t\thideNavDelayOnMobile:1500,\n\t\t\t\t\t\thideBulletsOnMobile:\"off\",\n\t\t\t\t\t\thideArrowsOnMobile:\"off\",\n\t\t\t\t\t\thideThumbsUnderResolution:0,\n\n\t\t\t\t\t\t\t\t\t\t\t\thideSliderAtLimit:0,\n\t\t\t\t\t\thideCaptionAtLimit:0,\n\t\t\t\t\t\thideAllCaptionAtLilmit:0,\n\t\t\t\t\t\tstartWithSlide:0\t\t\t\t\t});\n\n\n\n\t\t\t\t\t\t\t\t\t}\n\t\t\t\t});\t\/*ready*\/\n\n\t\t\t<\/script>\n\n\n\t\t\t<\/div><!-- END REVOLUTION SLIDER --><\/div><\/div><div class=\"fusion-fullwidth fullwidth-box\" style=\"background-attachment:scroll;background-position:left top;background-repeat:no-repeat;-webkit-background-size:cover;-moz-background-size:cover;-o-background-size:cover;background-size:cover;border-color:#eae9e9;border-bottom-width: 0px;border-top-width: 0px;border-bottom-style: solid;border-top-style: solid;padding-bottom:20px;padding-left:0px;padding-right:0px;padding-top:20px;\"><div class=\"avada-row\"><div class=\"fusion-sep-clear\"><\/div><div class=\"fusion-separator fusion-full-width-sep sep-none\" style=\"border-color:#e0dede;margin-top:30px;\"><\/div><div class=\"fusion-one-fourth one_fourth fusion-layout-column fusion-column last spacing-no sinEspacios columnasHome\" style=\"width:25%\"><div class=\"fusion-column-wrapper\">\n<h3><strong>311,9 TWh<\/strong><\/h3>\n\n<h4>DEMANDA TOTAL DE GAS EN ESPA\u00d1A<\/h4>\nLa demanda total de gas en Espa\u00f1a en 2024 alcanz\u00f3 los <strong>311,9 TWh<\/strong>, un 3,2% m\u00e1s que en 2023.<\/div><\/div><div class=\"fusion-one-fourth one_fourth fusion-layout-column fusion-column last spacing-no sinEspacios columnasHome\" style=\"width:25%\"><div class=\"fusion-column-wrapper\">\n<h3><strong>340 TWh<\/strong><\/h3>\n\n<h4 class=\"western\">APROVISIONAMIENTOS DE GAS NATURAL<\/h4>\nLos aprovisionamientos de gas natural alcanzaron los <strong>340 TWh<\/strong> y las importaciones provinieron de 14 or\u00edgenes distintos.<\/div><\/div><div class=\"fusion-one-fourth one_fourth fusion-layout-column fusion-column last spacing-no sinEspacios columnasHome ultimaColumnaHome\" style=\"width:25%\"><div class=\"fusion-column-wrapper\">\n<h3><strong>34,5 TWh<\/strong><\/h3>\n\n<h4 class=\"western\">EXPORTACIONES Y CARGAS DE BUQUES<\/h4>\nEspa\u00f1a\u00a0ha exportado a la UE\u00a0<strong>34,5 TWh<\/strong> de gas natural, tanto a trav\u00e9s de interconexiones como por v\u00eda mar\u00edtima.<\/div><\/div><div class=\"fusion-clearfix\"><\/div><\/div><\/div>\n","protected":false},"excerpt":{"rendered":"","protected":false},"author":1,"featured_media":0,"parent":0,"menu_order":0,"comment_status":"open","ping_status":"open","template":"","meta":{"footnotes":""},"class_list":["post-21","page","type-page","status-publish","hentry"],"_links":{"self":[{"href":"https:\/\/www.sedigas.es\/informeanual\/2024\/wp-json\/wp\/v2\/pages\/21","targetHints":{"allow":["GET"]}}],"collection":[{"href":"https:\/\/www.sedigas.es\/informeanual\/2024\/wp-json\/wp\/v2\/pages"}],"about":[{"href":"https:\/\/www.sedigas.es\/informeanual\/2024\/wp-json\/wp\/v2\/types\/page"}],"author":[{"embeddable":true,"href":"https:\/\/www.sedigas.es\/informeanual\/2024\/wp-json\/wp\/v2\/users\/1"}],"replies":[{"embeddable":true,"href":"https:\/\/www.sedigas.es\/informeanual\/2024\/wp-json\/wp\/v2\/comments?post=21"}],"version-history":[{"count":54,"href":"https:\/\/www.sedigas.es\/informeanual\/2024\/wp-json\/wp\/v2\/pages\/21\/revisions"}],"predecessor-version":[{"id":3647,"href":"https:\/\/www.sedigas.es\/informeanual\/2024\/wp-json\/wp\/v2\/pages\/21\/revisions\/3647"}],"wp:attachment":[{"href":"https:\/\/www.sedigas.es\/informeanual\/2024\/wp-json\/wp\/v2\/media?parent=21"}],"curies":[{"name":"wp","href":"https:\/\/api.w.org\/{rel}","templated":true}]}}