{"id":872,"date":"2015-02-25T14:33:57","date_gmt":"2015-02-25T13:33:57","guid":{"rendered":"http:\/\/www.sedigas.es\/informeanual\/2015\/?page_id=872"},"modified":"2024-07-15T15:58:47","modified_gmt":"2024-07-15T13:58:47","slug":"legislacion-2023","status":"publish","type":"page","link":"https:\/\/www.sedigas.es\/informeanual\/2023\/el-gas-en-espana\/legislacion-2023\/","title":{"rendered":"Legislaci\u00f3n"},"content":{"rendered":"<div class=\"fusion-two-third two_third fusion-layout-column fusion-column spacing-yes\"><div class=\"fusion-column-wrapper\">\n<h2><strong>Referencias legislativas m\u00e1s destacadas<\/strong><\/h2>\nA nivel europeo, en el marco regulatorio se dieron pasos decisivos dirigidos a sentar las bases para explotar el potencial de los gases renovables, biometano e hidr\u00f3geno renovable, como vectores energ\u00e9ticos de futuro. As\u00ed, se complet\u00f3 una pieza legislativa clave, el denominado informalmente como \u2018Paquete del mercado de hidr\u00f3geno y gases descarbonizados\u2019.<\/p>\n<p>Tanto la Directiva como el Reglamento forman parte del paquete de medidas \u2018Fit For 55\u2019 y tienen por objeto crear un marco regulador para la infraestructura y los mercados espec\u00edficos del hidr\u00f3geno y la planificaci\u00f3n de la red integrada. Adem\u00e1s, establecen normas para la protecci\u00f3n de los consumidores y refuerzan la seguridad del aprovisionamiento.<\/p>\n<p>El proceso de negociaciones interinstitucionales o tr\u00edlogos entre el Parlamento y el Consejo dio comienzo el 1 de junio de 2023 y finaliz\u00f3 con los \u00faltimos el 27 de noviembre y el 8 de diciembre para la Directiva y el Reglamento, respectivamente. El Consejo respald\u00f3 el acuerdo pol\u00edtico provisional en la reuni\u00f3n del Comit\u00e9 de Representantes Permanentes (COREPER) de 20 de diciembre y remiti\u00f3 ambos textos al Parlamento para iniciar el proceso de adopci\u00f3n.<\/p>\n<p>La Comisi\u00f3n present\u00f3 las propuestas el 15 de diciembre de 2021, en el segundo lote de propuestas del paquete de medidas del \u2018Fit For 55\u2019 ya se\u00f1alado, cuyo objeto es armonizar la legislaci\u00f3n de la UE en materia de clima y energ\u00eda con el objetivo de reducir las emisiones de gases de efecto invernadero en al menos un 55 % para 2030 y alcanzar la neutralidad clim\u00e1tica en 2050 a m\u00e1s tardar.<\/p>\n<p>Las reglas revisadas del sector del gas natural se orientan a preparar a este mercado para nuevos retos. El primero de ellos, la protecci\u00f3n de los consumidores ante episodios c\u00edclicos de altos precios y potenciales riesgos para la seguridad del suministro, que podr\u00edan ser recurrentes seg\u00fan avance la transici\u00f3n energ\u00e9tica y se reduzcan las importaciones de gas f\u00f3sil a la Uni\u00f3n Europea.<div class=\"accordian fusion-accordian\"><div class=\"panel-group\" id=\"accordion-1\"><div class=\"fusion-panel panel-default\"><div class=\"panel-heading\"><h4 class=\"panel-title toggle\"><a data-toggle=\"collapse\" data-parent=\"#accordion-1\" data-target=\"#8e74e7178ec1f94c8\" href=\"#8e74e7178ec1f94c8\"><i class=\"fa-fusion-box\"><\/i>El borrador del PNIEC 2023-2030<\/a><\/h4><\/div><div id=\"8e74e7178ec1f94c8\" class=\"panel-collapse collapse \"><div class=\"panel-body toggle-content\">En marzo de 2022 el Gobierno aprob\u00f3 el documento final de la Hoja de Ruta del Biog\u00e1s, que reitera el reconocimiento a los gases renovables como pieza fundamental para alcanzar los objetivos clim\u00e1ticos del pa\u00eds en materia energ\u00e9tica y de neutralidad clim\u00e1tica en 2030 y 2050. Esta hoja de ruta reconoce la gran importancia del biog\u00e1s y el biometano en otros \u00e1mbitos m\u00e1s all\u00e1 del mero energ\u00e9tico como son la econom\u00eda circular, el reto demogr\u00e1fico y la transici\u00f3n energ\u00e9tica justa e inclusiva. Este gas renovable proporciona importantes beneficios ambientales, econ\u00f3micos y sociales, sobre todo en \u00e1reas rurales y para el sector de la gesti\u00f3n residuos, adem\u00e1s de favorecer la reducci\u00f3n de la dependencia energ\u00e9tica del exterior.<br \/>\nUn primer paso en la direcci\u00f3n correcta, pero que no reflejaba el potencial que tiene el pa\u00eds. Seg\u00fan datos de la Comisi\u00f3n Europea, Espa\u00f1a es el tercer pa\u00eds de la Uni\u00f3n Europea con mayor potencial t\u00e9cnico para producir hasta 137 TWh (la demanda de gas en Espa\u00f1a alcanz\u00f3 los 378 TWh en 2021). A la vista de este potencial, el objetivo se\u00f1alado en la citada hoja de ruta del biog\u00e1s (10,41 TWh en 2030), representativo de apenas un 1% de biometano de la demanda gasista, era muy poco ambicioso. El sector gasista consideraba que es posible superarlo con creces y alcanzar uno pr\u00f3ximo al 10-15% tal y como se han propuesto otros pa\u00edses de nuestro entorno.<br \/>\nEn este sentido, en enero de 2023 Sedigas present\u00f3 un detallado estudio sobre el potencial de producci\u00f3n de biometano atendiendo a todas las fuentes y recursos aprovechables. Los resultados obtenidos sugieren un potencial total accesible de 163 TWh\/a\u00f1o, en l\u00ednea con los de otros estudios realizados a nivel nacional y europeo, lo que permitir\u00eda cubrir alrededor del 50% de la demanda nacional actual de gas natural.<br \/>\nSu aprovechamiento supondr\u00eda la puesta en marcha de 2.326 plantas especializadas, que movilizar\u00edan una inversi\u00f3n de casi 40.500 millones de euros, el equivalente al 3,6% del PIB, y generar\u00edan cerca de 62.000 empleos, entre directos e indirectos, asociados a su operaci\u00f3n y mantenimiento.<br \/>\nA finales de junio, el sector se congratul\u00f3 de conocer que el borrador del Plan Nacional Integrado de Energ\u00eda y Clima (PNIEC) 2023-2030 remitido a Bruselas duplicaba el objetivo de la Hoja de Ruta hasta alcanzar un volumen de producci\u00f3n de biog\u00e1s de 20 TWh (2% de biometano de la demanda gasista). Aun siendo positivo, todos los agentes valoraron que se trataba de un objetivo carente de la ambici\u00f3n suficiente a tenor del potencial disponible identificado. Contrastaba, por ejemplo, con la cifra de potencial identificada por la Comisi\u00f3n Europea (de hasta un 13% de la demanda nacional) en su informe de primavera, previo a la asunci\u00f3n de Espa\u00f1a de la Presidencia rotatoria semestral de la Uni\u00f3n Europea en la segunda mitad del 2023.<br \/>\nEn los doce meses de 2023, el volumen inyectado a la red gasista \u2013 transporte y distribuci\u00f3n \u2013 se increment\u00f3 m\u00e1s de un 40% hasta alcanzar la cifra r\u00e9cord de 257 GWh.<\/p>\n<\/div><\/div><\/div><\/div><\/div><\/div><\/div><div class=\"fusion-one-third one_third fusion-layout-column fusion-column last spacing-yes\"><div class=\"fusion-column-wrapper\"><span class=\"fusion-imageframe imageframe imageframe-none imageframe-1\"> <img decoding=\"async\" alt=\"\" src=\"https:\/\/www.sedigas.es\/informeanual\/2023\/wp-content\/uploads\/2015\/02\/consumo-de-gas-medidas-proteccion.jpg\" class=\"img-responsive\" \/><\/span><\/div><\/div><div class=\"fusion-clearfix\"><\/div>\n","protected":false},"excerpt":{"rendered":"","protected":false},"author":1,"featured_media":0,"parent":1263,"menu_order":0,"comment_status":"open","ping_status":"open","template":"","meta":{"footnotes":""},"class_list":["post-872","page","type-page","status-publish","hentry"],"_links":{"self":[{"href":"https:\/\/www.sedigas.es\/informeanual\/2023\/wp-json\/wp\/v2\/pages\/872","targetHints":{"allow":["GET"]}}],"collection":[{"href":"https:\/\/www.sedigas.es\/informeanual\/2023\/wp-json\/wp\/v2\/pages"}],"about":[{"href":"https:\/\/www.sedigas.es\/informeanual\/2023\/wp-json\/wp\/v2\/types\/page"}],"author":[{"embeddable":true,"href":"https:\/\/www.sedigas.es\/informeanual\/2023\/wp-json\/wp\/v2\/users\/1"}],"replies":[{"embeddable":true,"href":"https:\/\/www.sedigas.es\/informeanual\/2023\/wp-json\/wp\/v2\/comments?post=872"}],"version-history":[{"count":84,"href":"https:\/\/www.sedigas.es\/informeanual\/2023\/wp-json\/wp\/v2\/pages\/872\/revisions"}],"predecessor-version":[{"id":3602,"href":"https:\/\/www.sedigas.es\/informeanual\/2023\/wp-json\/wp\/v2\/pages\/872\/revisions\/3602"}],"up":[{"embeddable":true,"href":"https:\/\/www.sedigas.es\/informeanual\/2023\/wp-json\/wp\/v2\/pages\/1263"}],"wp:attachment":[{"href":"https:\/\/www.sedigas.es\/informeanual\/2023\/wp-json\/wp\/v2\/media?parent=872"}],"curies":[{"name":"wp","href":"https:\/\/api.w.org\/{rel}","templated":true}]}}