{"id":730,"date":"2015-02-13T09:05:34","date_gmt":"2015-02-13T08:05:34","guid":{"rendered":"http:\/\/www.sedigas.es\/informeanual\/2015\/?page_id=730"},"modified":"2024-07-15T13:24:29","modified_gmt":"2024-07-15T11:24:29","slug":"inversiones","status":"publish","type":"page","link":"https:\/\/www.sedigas.es\/informeanual\/2023\/el-gas-en-espana\/expansion-del-sector\/inversiones\/","title":{"rendered":"Inversiones"},"content":{"rendered":"<div class=\"fusion-five-sixth fusion-layout-column fusion-column last spacing-yes\"><div class=\"fusion-column-wrapper\">\n<h2><strong>Las inversiones en los \u00faltimos diez a\u00f1os superan los 3.800 millones de euros<\/strong><\/h2>\nLas inversiones en los \u00faltimos diez a\u00f1os superan los 3.800 millones de euros<\/p>\n<p>El sector gasista espa\u00f1ol ha invertido 3.810 millones de euros en los \u00faltimos diez a\u00f1os. En 2023, la cifra de inversiones se situ\u00f3 en 268 millones de euros, registr\u00f3 un incremento de 116 millones de euros respecto al a\u00f1o anterior.<\/p>\n<p>Unas cifras que ponen de manifiesto la vitalidad inversora de un sector comprometido con la eficiencia, la digitalizaci\u00f3n, la sostenibilidad y el desarrollo econ\u00f3mico del pa\u00eds.<\/div><\/div><div class=\"fusion-clearfix\"><\/div><div class=\"fusion-sep-clear\"><\/div><div class=\"fusion-separator fusion-full-width-sep sep-single\" style=\"border-color:#00cc66;margin-top:10px;margin-bottom:10px;\"><\/div><div class=\"fusion-fullwidth fullwidth-box\" style=\"background-attachment:scroll;background-position:left top;background-repeat:no-repeat;-webkit-background-size:cover;-moz-background-size:cover;-o-background-size:cover;background-size:cover;border-color:#eae9e9;border-bottom-width: 0px;border-top-width: 0px;border-bottom-style: solid;border-top-style: solid;padding-bottom:20px;padding-left:0px;padding-right:0px;padding-top:20px;\"><div class=\"avada-row\">\n<h2 style=\"text-align: justify;\">Inversiones materiales (millones de euros)<span style=\"color: #0082bc;\"><br \/>\n<\/span><\/h2>\n\n<p style=\"text-align: left;\"><div id=\"amchart1\" style=\"width: 100%; height: 300px;\"><\/div><\/p>\n\n<h6><span style=\"color: #00cc66;\"><em>Fuente: Sedigas<\/em><\/span><\/h6>\n<div class=\"fusion-sep-clear\"><\/div><div class=\"fusion-separator fusion-full-width-sep sep-none\" style=\"border-color:#e0dede;margin-top:10px;\"><\/div><\/div><\/div><div class=\"fusion-one-half one_half fusion-layout-column fusion-column last spacing-yes\"><div class=\"fusion-column-wrapper\"><span style=\"color: #000000;\">Descarga el gr\u00e1fico:<\/span><div class=\"fusion-sep-clear\"><\/div><div class=\"fusion-separator fusion-full-width-sep sep-none\" style=\"border-color:#e0dede;margin-top:10px;\"><\/div><style type=\"text\/css\">#wrapper .fusion-button.button-1{text-shadow:none;-webkit-box-shadow:none;-moz-box-shadow:none;box-shadow: none;border-width:1px;color:#fff;border-color:#fff;}#wrapper .fusion-button.button-1:hover,.fusion-button.button-1:focus,.fusion-button.button-1:active{border-width:1px;border-color:#fff;color:#fff;}#wrapper .fusion-button.button-1{background: #00cc66;}#wrapper .fusion-button.button-1:hover,.button-1:focus,.fusion-button.button-1:active{background: #00cc66;}<\/style><a class=\"button small button custom fusion-button button-flat button-round button-small button-custom button-1 buttonshadow-no\" target=\"_self\" href=\"https:\/\/www.sedigas.es\/informeanual\/2023\/wp-content\/uploads\/2024\/07\/GES_EXPANSI\u00d3N-DEL-SECTOR_INVERSIONES-2023.xls\"><i class=\"fa fa-file-image-o button-icon-left\"><\/i><span class=\"fusion-button-text\">XLS<\/span><\/a><\/div><\/div><div class=\"fusion-clearfix\"><\/div>\n","protected":false},"excerpt":{"rendered":"","protected":false},"author":1,"featured_media":0,"parent":1305,"menu_order":0,"comment_status":"open","ping_status":"open","template":"","meta":{"footnotes":""},"class_list":["post-730","page","type-page","status-publish","hentry"],"_links":{"self":[{"href":"https:\/\/www.sedigas.es\/informeanual\/2023\/wp-json\/wp\/v2\/pages\/730","targetHints":{"allow":["GET"]}}],"collection":[{"href":"https:\/\/www.sedigas.es\/informeanual\/2023\/wp-json\/wp\/v2\/pages"}],"about":[{"href":"https:\/\/www.sedigas.es\/informeanual\/2023\/wp-json\/wp\/v2\/types\/page"}],"author":[{"embeddable":true,"href":"https:\/\/www.sedigas.es\/informeanual\/2023\/wp-json\/wp\/v2\/users\/1"}],"replies":[{"embeddable":true,"href":"https:\/\/www.sedigas.es\/informeanual\/2023\/wp-json\/wp\/v2\/comments?post=730"}],"version-history":[{"count":61,"href":"https:\/\/www.sedigas.es\/informeanual\/2023\/wp-json\/wp\/v2\/pages\/730\/revisions"}],"predecessor-version":[{"id":3592,"href":"https:\/\/www.sedigas.es\/informeanual\/2023\/wp-json\/wp\/v2\/pages\/730\/revisions\/3592"}],"up":[{"embeddable":true,"href":"https:\/\/www.sedigas.es\/informeanual\/2023\/wp-json\/wp\/v2\/pages\/1305"}],"wp:attachment":[{"href":"https:\/\/www.sedigas.es\/informeanual\/2023\/wp-json\/wp\/v2\/media?parent=730"}],"curies":[{"name":"wp","href":"https:\/\/api.w.org\/{rel}","templated":true}]}}