{"id":331,"date":"2015-01-29T14:31:10","date_gmt":"2015-01-29T13:31:10","guid":{"rendered":"http:\/\/www.sedigas.es\/informeanual\/2015\/?page_id=331"},"modified":"2024-07-15T12:22:51","modified_gmt":"2024-07-15T10:22:51","slug":"regasificacion","status":"publish","type":"page","link":"https:\/\/www.sedigas.es\/informeanual\/2023\/el-gas-en-espana\/infraestructuras\/regasificacion\/","title":{"rendered":"Regasificaci\u00f3n"},"content":{"rendered":"<div class=\"fusion-two-third two_third fusion-layout-column fusion-column spacing-yes\"><div class=\"fusion-column-wrapper\">\n<h2><strong>L\u00edder europeo en plantas de regasificaci\u00f3n<\/strong><\/h2>\nEspa\u00f1a contin\u00faa encabezando Europa en n\u00famero de infraestructuras de GNL y capacidad de vaporizaci\u00f3n y de almacenamiento de GNL. Las instalaciones han mantenido sus caracter\u00edsticas y capacidades t\u00e9cnicas. El Sistema Gasista espa\u00f1ol cuenta con un total de 27 tanques de almacenamiento, con nueve atraques y una capacidad para buques metaneros de hasta 270.000 m<sup>3<\/sup>.<\/p>\n<p>El a\u00f1o 2023 ha sido el tercer ejercicio completo en el que ha estado vigente el modelo de tanque agrupado, lo que ha facilitado a los usuarios su gesti\u00f3n comercial y ha dotado de mayor flexibilidad y liquidez al sistema.<\/p>\n<p>Las entradas desde las plantas de regasificaci\u00f3n al Sistema totalizaron el pasado a\u00f1o 259.410 GWh. Cabe destacar un incremento del 8% en la carga de cisternas con respecto a 2022. La emisi\u00f3n media diaria en las plantas alcanz\u00f3 los 679 GWh\/d\u00eda, y la contrataci\u00f3n media fue de 756 GWh\/d\u00eda.<\/p>\n<p>En cuanto a las existencias en tanques, el promedio anual fue del 67%, llegando a alcanzarse puntualmente el 90%, y el uso medio de la capacidad de contrataci\u00f3n fue tambi\u00e9n del 90%.<\/div><\/div><div class=\"fusion-one-third one_third fusion-layout-column fusion-column last spacing-yes\"><div class=\"fusion-column-wrapper\"><span class=\"fusion-imageframe imageframe imageframe-none imageframe-1\"> <img decoding=\"async\" src=\"https:\/\/www.sedigas.es\/informeanual\/2023\/wp-content\/uploads\/2024\/07\/buque-gaslog-warsaw-en-la-planta-de-enagas-en-el-musel--1024x682.jpeg\" alt=\"\" class=\"img-responsive\" \/><\/span>\n<h6 style=\"text-align: right;\">Plantade GNL de El Musel (Enag\u00e1s)<\/h6>\n<\/div><\/div><div class=\"fusion-clearfix\"><\/div><div class=\"accordian fusion-accordian\"><div class=\"panel-group\" id=\"accordion-1\"><div class=\"fusion-panel panel-default\"><div class=\"panel-heading\"><h4 class=\"panel-title toggle\"><a data-toggle=\"collapse\" data-parent=\"#accordion-1\" data-target=\"#8e74e7178ec1f94c8\" href=\"#8e74e7178ec1f94c8\"><i class=\"fa-fusion-box\"><\/i>Recarga de buques<\/a><\/h4><\/div><div id=\"8e74e7178ec1f94c8\" class=\"panel-collapse collapse \"><div class=\"panel-body toggle-content\">Espa\u00f1a sigui\u00f3 contribuyendo a la seguridad de suministro del resto de Europa enviando gas, tanto a trav\u00e9s de las interconexiones como con las recargas de buques de GNL. Desde las terminales espa\u00f1olas, los buques con recargas de GNL totalizaron 22 TWh.<\/p>\n<p>Adem\u00e1s, en 2023 entr\u00f3 en funcionamiento una nueva planta de GNL en operaci\u00f3n, gracias a la puesta en marcha de la terminal de El Musel, en Gij\u00f3n, que aporta el 20% de la nueva capacidad adicional de regasificaci\u00f3n de Europa.<\/p>\n<\/div><\/div><\/div><\/div><\/div><div class=\"fusion-two-third two_third fusion-layout-column fusion-column last spacing-yes\"><div class=\"fusion-column-wrapper\"><div class=\"fusion-sep-clear\"><\/div><div class=\"fusion-separator fusion-full-width-sep sep-none\" style=\"border-color:#e0dede;margin-top:10px;\"><\/div>\n<h2>Caracter\u00edsticas t\u00e9cnicas de las plantas de regasificaci\u00f3n<\/h2>\n\n<table id=\"tablepress-45\" class=\"tablepress tablepress-id-45 alinearDerecha\">\n<thead>\n<tr class=\"row-1 odd\">\n\t<th class=\"column-1\">&nbsp;<\/th><th class=\"column-2\">&nbsp;<\/th><th colspan=\"2\" class=\"column-3\">Almacenamiento GNL<\/th><th class=\"column-5\">Capacidad<br \/>\ncarga<br \/>\ncisternas<\/th><th colspan=\"2\" class=\"column-6\">Atraques<\/th>\n<\/tr>\n<\/thead>\n<tbody class=\"row-hover\">\n<tr class=\"row-2 even\">\n\t<td class=\"column-1\">Planta de regasificaci\u00f3n<\/td><td class=\"column-2\">Capacidad m\u00e1xima vaporizaci\u00f3n (Nm3\/h)<\/td><td class=\"column-3\">N\u00famero tanques <\/td><td class=\"column-4\">m3 GNL <\/td><td class=\"column-5\">GWh\/dia <\/td><td class=\"column-6\">N\u00famero atraques <\/td><td class=\"column-7\">m3 GNL<\/td>\n<\/tr>\n<tr class=\"row-3 odd\">\n\t<td class=\"column-1\">Barcelona <\/td><td class=\"column-2\">1.950.000<\/td><td class=\"column-3\">6<\/td><td class=\"column-4\">760.000<\/td><td class=\"column-5\">17<\/td><td class=\"column-6\">2<\/td><td class=\"column-7\">266.000<\/td>\n<\/tr>\n<tr class=\"row-4 even\">\n\t<td class=\"column-1\">Huelva <\/td><td class=\"column-2\">1.350.000<\/td><td class=\"column-3\">5<\/td><td class=\"column-4\">619.500<\/td><td class=\"column-5\">17<\/td><td class=\"column-6\">1<\/td><td class=\"column-7\">175.000<\/td>\n<\/tr>\n<tr class=\"row-5 odd\">\n\t<td class=\"column-1\">Cartagena <\/td><td class=\"column-2\">1.350.000<\/td><td class=\"column-3\">5<\/td><td class=\"column-4\">587.000<\/td><td class=\"column-5\">17<\/td><td class=\"column-6\">2<\/td><td class=\"column-7\">266.000<\/td>\n<\/tr>\n<tr class=\"row-6 even\">\n\t<td class=\"column-1\">Bilbao <\/td><td class=\"column-2\">800.000<\/td><td class=\"column-3\">3<\/td><td class=\"column-4\">450.000<\/td><td class=\"column-5\">5<\/td><td class=\"column-6\">1<\/td><td class=\"column-7\">270.000<\/td>\n<\/tr>\n<tr class=\"row-7 odd\">\n\t<td class=\"column-1\">Sagunto <\/td><td class=\"column-2\">1.000.000<\/td><td class=\"column-3\">4<\/td><td class=\"column-4\">600.000<\/td><td class=\"column-5\">11<\/td><td class=\"column-6\">1<\/td><td class=\"column-7\">266.000<\/td>\n<\/tr>\n<tr class=\"row-8 even\">\n\t<td class=\"column-1\">Mugardos <\/td><td class=\"column-2\">412.800<\/td><td class=\"column-3\">2<\/td><td class=\"column-4\">300.000<\/td><td class=\"column-5\">11<\/td><td class=\"column-6\">1<\/td><td class=\"column-7\">266.000<\/td>\n<\/tr>\n<tr class=\"row-9 odd\">\n\t<td class=\"column-1\">El Musel<\/td><td class=\"column-2\">800.000<\/td><td class=\"column-3\">2<\/td><td class=\"column-4\">130.000<br \/>\n<\/td><td class=\"column-5\">9<\/td><td class=\"column-6\">1<\/td><td class=\"column-7\">266.000<br \/>\n<\/td>\n<\/tr>\n<tr class=\"row-10 even\">\n\t<td class=\"column-1\">Total <\/td><td class=\"column-2\">7.662.800<\/td><td class=\"column-3\">27<\/td><td class=\"column-4\">3.446.500<\/td><td class=\"column-5\">87<\/td><td class=\"column-6\">9<\/td><td class=\"column-7\">Hasta 270.000<\/td>\n<\/tr>\n<\/tbody>\n<\/table>\n<!-- #tablepress-45 from cache -->\n<h6><span style=\"color: #00cc66;\"><em>Fuente:\u00a0Enag\u00e1s.<\/em><\/span><\/h6>\n<span style=\"color: #000000;\">Descarga la tabla:<\/span><div class=\"fusion-sep-clear\"><\/div><div class=\"fusion-separator fusion-full-width-sep sep-none\" style=\"border-color:#e0dede;margin-top:10px;\"><\/div><style type=\"text\/css\">#wrapper .fusion-button.button-1{text-shadow:none;-webkit-box-shadow:none;-moz-box-shadow:none;box-shadow: none;border-width:1px;color:#fff;border-color:#fff;}#wrapper .fusion-button.button-1:hover,.fusion-button.button-1:focus,.fusion-button.button-1:active{border-width:1px;border-color:#fff;color:#fff;}#wrapper .fusion-button.button-1{background: #00cc66;}#wrapper .fusion-button.button-1:hover,.button-1:focus,.fusion-button.button-1:active{background: #00cc66;}<\/style><a class=\"button small button custom fusion-button button-flat button-round button-small button-custom button-1 buttonshadow-no\" target=\"_self\" href=\"https:\/\/www.sedigas.es\/informeanual\/2023\/wp-content\/uploads\/2024\/07\/Caracter\u00edsticas-t\u00e9cnicas-de-las-plantas-de-regasificaci\u00f3n-2023.xlsx\"><i class=\"fa fa-file-excel-o button-icon-left\"><\/i><span class=\"fusion-button-text\">XLS<\/span><\/a><\/div><\/div><div class=\"fusion-clearfix\"><\/div>\n","protected":false},"excerpt":{"rendered":"","protected":false},"author":1,"featured_media":0,"parent":1302,"menu_order":0,"comment_status":"open","ping_status":"open","template":"","meta":{"footnotes":""},"class_list":["post-331","page","type-page","status-publish","hentry"],"_links":{"self":[{"href":"https:\/\/www.sedigas.es\/informeanual\/2023\/wp-json\/wp\/v2\/pages\/331","targetHints":{"allow":["GET"]}}],"collection":[{"href":"https:\/\/www.sedigas.es\/informeanual\/2023\/wp-json\/wp\/v2\/pages"}],"about":[{"href":"https:\/\/www.sedigas.es\/informeanual\/2023\/wp-json\/wp\/v2\/types\/page"}],"author":[{"embeddable":true,"href":"https:\/\/www.sedigas.es\/informeanual\/2023\/wp-json\/wp\/v2\/users\/1"}],"replies":[{"embeddable":true,"href":"https:\/\/www.sedigas.es\/informeanual\/2023\/wp-json\/wp\/v2\/comments?post=331"}],"version-history":[{"count":111,"href":"https:\/\/www.sedigas.es\/informeanual\/2023\/wp-json\/wp\/v2\/pages\/331\/revisions"}],"predecessor-version":[{"id":3567,"href":"https:\/\/www.sedigas.es\/informeanual\/2023\/wp-json\/wp\/v2\/pages\/331\/revisions\/3567"}],"up":[{"embeddable":true,"href":"https:\/\/www.sedigas.es\/informeanual\/2023\/wp-json\/wp\/v2\/pages\/1302"}],"wp:attachment":[{"href":"https:\/\/www.sedigas.es\/informeanual\/2023\/wp-json\/wp\/v2\/media?parent=331"}],"curies":[{"name":"wp","href":"https:\/\/api.w.org\/{rel}","templated":true}]}}