{"id":3132,"date":"2022-05-16T12:49:43","date_gmt":"2022-05-16T10:49:43","guid":{"rendered":"https:\/\/www.sedigas.es\/informeanual\/2023\/?page_id=3132"},"modified":"2024-06-27T18:06:40","modified_gmt":"2024-06-27T16:06:40","slug":"resumen","status":"publish","type":"page","link":"https:\/\/www.sedigas.es\/informeanual\/2023\/resumen\/","title":{"rendered":"Resumen"},"content":{"rendered":"<div class=\"fusion-two-third two_third fusion-layout-column fusion-column spacing-yes\"><div class=\"fusion-column-wrapper\">\n<h2><strong>El Sistema Gasista funcion\u00f3 con normalidad y atendi\u00f3 el 100% de la demanda<\/strong><\/h2>\n<div class=\"fusion-sep-clear\"><\/div><div class=\"fusion-separator fusion-full-width-sep sep-none\" style=\"border-color:#e0dede;margin-top:px;\"><\/div>A pesar de los desaf\u00edos, en 2023 el sistema gasista espa\u00f1ol demostr\u00f3 una vez m\u00e1s su capacidad para mantener la estabilidad y la seguridad del suministro, al tiempo que avanzaba en la diversificaci\u00f3n y la sostenibilidad.<\/p>\n<p>En un ejercicio marcado por un complejo entorno geopol\u00edtico, Espa\u00f1a no solo gestion\u00f3 eficazmente la volatilidad de los mercados, sino que tambi\u00e9n fortaleci\u00f3 su papel como un nodo clave en la seguridad energ\u00e9tica europea. El sistema gasista nacional puso de manifiesto su resiliencia y oper\u00f3 con total normalidad las 24 horas de los 365 d\u00edas del a\u00f1o.<\/p>\n<p>Nuestro sistema se consolid\u00f3 un a\u00f1o m\u00e1s como un referente en seguridad de suministro en Europa por su situaci\u00f3n privilegiada y su red de infraestructuras moderna y robusta, que cuenta con una red de transporte y distribuci\u00f3n mallada de casi 100,000 kil\u00f3metros y de la mayor capacidad de regasificaci\u00f3n y recepci\u00f3n de gas natural licuado (GNL) del continente, que nos sit\u00faan como un destino estrat\u00e9gico para la entrada de GNL en Europa.<\/p>\n<h3>Diversificaci\u00f3n de suministro<\/h3>\n<p>El conflicto b\u00e9lico de Ucrania continu\u00f3 influyendo en las pol\u00edticas energ\u00e9ticas, especialmente en Europa, que ha buscado reducir su dependencia del gas ruso. En este contexto, Espa\u00f1a se destac\u00f3 por su capacidad para adaptarse r\u00e1pidamente, maximizando el uso de sus infraestructuras de almacenamiento y regasificaci\u00f3n para recibir gas de hasta 17 or\u00edgenes diferentes, lo que subraya un impresionante nivel de diversificaci\u00f3n de suministro.<\/p>\n<p>Europa afront\u00f3 el invierno 2022-2023 con \u00e9xito, a pesar de la dr\u00e1stica reducci\u00f3n del aprovisionamiento de gas natural (GN) procedente de Rusia. Pr\u00e1cticamente todos los estados de la Uni\u00f3n Europea alcanzaron el pleno llenado de sus almacenamientos subterr\u00e1neos de forma temprana, frente a lo ocurrido en campa\u00f1as anteriores. Esta falta de tensi\u00f3n en el aprovisionamiento tambi\u00e9n se vio reflejada en los precios del gas, cuyo valor y volatilidad se han moderaron significativamente respecto al a\u00f1o anterior.<\/div><\/div><div class=\"fusion-one-third one_third fusion-layout-column fusion-column last spacing-yes\"><div class=\"fusion-column-wrapper\"><span class=\"fusion-imageframe imageframe imageframe-none imageframe-1\"> <img decoding=\"async\" src=\"https:\/\/www.sedigas.es\/informeanual\/2023\/wp-content\/uploads\/2023\/04\/slide03-1024x576.jpg\" alt=\"\" class=\"img-responsive\" \/><\/span>\n<h6 style=\"text-align: right;\"><span style=\"color: #000000;\">Nuestro sistema se consolid\u00f3 un a\u00f1o m\u00e1s como un referente en seguridad de suministro en Europa.<\/span><em><span style=\"color: #1684b9;\"><br \/>\n<\/span><\/em><\/h6>\n<\/div><\/div><div class=\"fusion-clearfix\"><\/div><div class=\"accordian fusion-accordian\"><div class=\"panel-group\" id=\"accordion-1\"><div class=\"fusion-panel panel-default\"><div class=\"panel-heading\"><h4 class=\"panel-title toggle\"><a data-toggle=\"collapse\" data-parent=\"#accordion-1\" data-target=\"#8e74e7178ec1f94c8\" href=\"#8e74e7178ec1f94c8\"><i class=\"fa-fusion-box\"><\/i>Espa\u00f1a, mayor reexportador mundial<\/a><\/h4><\/div><div id=\"8e74e7178ec1f94c8\" class=\"panel-collapse collapse \"><div class=\"panel-body toggle-content\">En 2023 las exportaciones a trav\u00e9s de las interconexiones con Francia, Portugal y Marruecos alcanzaron un r\u00e9cord hist\u00f3rico de 53 TWh (+23,7% respecto a 2022), con las recargas de buques de GNL desde terminales espa\u00f1olas alcanzando los 22 TWh. Estas cifras situaron a Espa\u00f1a como el principal reexportador de GNL a nivel mundial por segundo a\u00f1o consecutivo, garantizando as\u00ed la cobertura de la demanda nacional y fortaleciendo la ya mencionada seguridad del resto de Europa desde las terminales espa\u00f1olas.<\/p>\n<p>En este sentido, hay que destacar la incorporaci\u00f3n de la Planta de El Musel (Gij\u00f3n), que ha contribuido a fortalecer la seguridad de suministro, tanto a escala nacional como del resto de Europa.<\/p>\n<p>El Sistema Gasista espa\u00f1ol ha destacado tambi\u00e9n tanto por su elevado nivel de contrataci\u00f3n como por su alto nivel de almacenamiento. El a\u00f1o 2023 estuvo marcado por competitivas subastas para asignar slots de descarga y capacidad de almacenamiento de GNL hasta 2038. Un total de 155.000 procesos de asignaci\u00f3n de capacidad involucraron a 55 comercializadoras, reflejando un gran inter\u00e9s en los servicios de slots de carga y descarga y tambi\u00e9n de almacenamiento de gas, con ratios de contrataci\u00f3n cercanos al 100%. Los niveles de gas natural en almacenamientos subterr\u00e1neos terminaron el a\u00f1o por encima del 90%, alcanzando con seis meses de antelaci\u00f3n el objetivo de llenado establecido por la UE.<br \/>\n<\/div><\/div><\/div><div class=\"fusion-panel panel-default\"><div class=\"panel-heading\"><h4 class=\"panel-title toggle\"><a data-toggle=\"collapse\" data-parent=\"#accordion-1\" data-target=\"#8d796abdf942e9d1e\" href=\"#8d796abdf942e9d1e\"><i class=\"fa-fusion-box\"><\/i>Demanda de gas<\/a><\/h4><\/div><div id=\"8d796abdf942e9d1e\" class=\"panel-collapse collapse \"><div class=\"panel-body toggle-content\">La demanda de gas natural en el mercado nacional alcanz\u00f3 los 325,5 TWh (27,9 bcm), lo que represent\u00f3 un decremento del 10,7% respecto al a\u00f1o anterior. Este descenso fue parcialmente compensado por mayores exportaciones y cargas de buques, que se situaron en 75,3 TWh, un 10,7% mayor que el a\u00f1o anterior. En t\u00e9rminos de demanda convencional, destinada a los consumos de hogares, comercios e industrias, se increment\u00f3 un 1,5% respecto al a\u00f1o anterior, hasta alcanzar los 229,8 TWh. Este aumento tuvo su origen principal en un mayor consumo industrial a partir de la segunda mitad de 2023.<\/p>\n<p>En el \u00e1mbito de los mercados, el Gestor T\u00e9cnico del Sistema alcanz\u00f3 una eficiencia del 99% en acciones de balance, y redujo en un 2,5% el coste de adquisici\u00f3n del gas de operaci\u00f3n.<\/div><\/div><\/div><div class=\"fusion-panel panel-default\"><div class=\"panel-heading\"><h4 class=\"panel-title toggle\"><a data-toggle=\"collapse\" data-parent=\"#accordion-1\" data-target=\"#291bbe60d087874cf\" href=\"#291bbe60d087874cf\"><i class=\"fa-fusion-box\"><\/i>Sistema de Garant\u00edas de Origen de gases renovables<\/a><\/h4><\/div><div id=\"291bbe60d087874cf\" class=\"panel-collapse collapse \"><div class=\"panel-body toggle-content\">El a\u00f1o 2023 destac\u00f3 asimismo por la implantaci\u00f3n, por parte de Enag\u00e1s GTS, del nuevo Sistema de Garant\u00edas de Origen de gases renovables, que permite certificar el origen de este tipo de gases producidos en Espa\u00f1a, y cubrir diversos tipos de comercializaci\u00f3n.<\/p>\n<p>A nivel europeo, se dieron pasos decisivos en el marco regulatorio que sentar\u00e1 las bases para explotar el potencial de los gases renovables, biometano e hidr\u00f3geno renovable, como vectores energ\u00e9ticos de futuro. As\u00ed, se complet\u00f3 una pieza legislativa clave, el denominado informalmente como \u2018Paquete del mercado de hidr\u00f3geno y gases descarbonizados\u2019.<\/p>\n<p>Tanto la Directiva como el Reglamento forman parte del paquete de medidas \u2018Fit For 55\u2019 y tienen por objeto crear un marco regulador para la infraestructura y los mercados espec\u00edficos del hidr\u00f3geno y la planificaci\u00f3n de la red integrada. Adem\u00e1s, establecen normas para la protecci\u00f3n de los consumidores y refuerzan la seguridad del aprovisionamiento.<\/p>\n<p>En t\u00e9rminos generales, el pasado a\u00f1o fue testigo de un Sistema Gasista espa\u00f1ol robusto y eficiente, que jug\u00f3 un papel crucial en la seguridad energ\u00e9tica, tanto a escala nacional como europea.<\/p>\n<\/div><\/div><\/div><\/div><\/div>\n","protected":false},"excerpt":{"rendered":"","protected":false},"author":1,"featured_media":0,"parent":0,"menu_order":0,"comment_status":"open","ping_status":"open","template":"","meta":{"footnotes":""},"class_list":["post-3132","page","type-page","status-publish","hentry"],"_links":{"self":[{"href":"https:\/\/www.sedigas.es\/informeanual\/2023\/wp-json\/wp\/v2\/pages\/3132","targetHints":{"allow":["GET"]}}],"collection":[{"href":"https:\/\/www.sedigas.es\/informeanual\/2023\/wp-json\/wp\/v2\/pages"}],"about":[{"href":"https:\/\/www.sedigas.es\/informeanual\/2023\/wp-json\/wp\/v2\/types\/page"}],"author":[{"embeddable":true,"href":"https:\/\/www.sedigas.es\/informeanual\/2023\/wp-json\/wp\/v2\/users\/1"}],"replies":[{"embeddable":true,"href":"https:\/\/www.sedigas.es\/informeanual\/2023\/wp-json\/wp\/v2\/comments?post=3132"}],"version-history":[{"count":14,"href":"https:\/\/www.sedigas.es\/informeanual\/2023\/wp-json\/wp\/v2\/pages\/3132\/revisions"}],"predecessor-version":[{"id":3547,"href":"https:\/\/www.sedigas.es\/informeanual\/2023\/wp-json\/wp\/v2\/pages\/3132\/revisions\/3547"}],"wp:attachment":[{"href":"https:\/\/www.sedigas.es\/informeanual\/2023\/wp-json\/wp\/v2\/media?parent=3132"}],"curies":[{"name":"wp","href":"https:\/\/api.w.org\/{rel}","templated":true}]}}