{"id":274,"date":"2015-01-27T07:44:57","date_gmt":"2015-01-27T06:44:57","guid":{"rendered":"http:\/\/www.sedigas.es\/informeanual\/2015\/?page_id=274"},"modified":"2024-07-15T10:48:28","modified_gmt":"2024-07-15T08:48:28","slug":"demanda","status":"publish","type":"page","link":"https:\/\/www.sedigas.es\/informeanual\/2023\/demanda\/","title":{"rendered":"Demanda"},"content":{"rendered":"<div class=\"fusion-fullwidth fullwidth-box\" style=\"background-attachment:scroll;background-position:left top;background-repeat:no-repeat;-webkit-background-size:cover;-moz-background-size:cover;-o-background-size:cover;background-size:cover;border-color:#eae9e9;border-bottom-width: 0px;border-top-width: 0px;border-bottom-style: solid;border-top-style: solid;padding-bottom:20px;padding-left:0px;padding-right:0px;padding-top:20px;\"><div class=\"avada-row\"><div class=\"fusion-two-third two_third fusion-layout-column fusion-column spacing-yes\"><div class=\"fusion-column-wrapper\">\n<h2><strong>La demanda de gas en Espa\u00f1a se redujo un 10,7%<\/strong><\/h2>\nEl sistema gasista espa\u00f1ol demostr\u00f3 de nuevo su resiliencia en 2023, un ejercicio en el que volvi\u00f3 a operar con total normalidad, garantizando a todos los consumidores el suministro de gas los 365 d\u00edas del a\u00f1o.<\/p>\n<p>La demanda de gas natural es Espa\u00f1a alcanz\u00f3 el a\u00f1o pasado la cifra de 325,5 TWh (27,9 bcm), lo que supone un 10,7% menos que en 2022. Este descenso se vio parcialmente compensado por mayores exportaciones y carga de buques (75,3 TWh, un 10,7% m\u00e1s que el a\u00f1o anterior). En todo caso, el descenso fue generalizado y similar en pr\u00e1cticamente todos los pa\u00edses europeos, a excepci\u00f3n de Portugal y Alemania, que registraron respectivamente el mayor y menor descenso.<\/p>\n<p>El decrecimiento en el consumo de gas se explica por un menor consumo en el mercado el\u00e9ctrico (-30,7%), caracterizado por un aumento en la generaci\u00f3n renovable. Todo ello, unido a una menor demanda el\u00e9ctrica general y a un menor flujo trasfronterizo por conexiones internacionales.<\/p>\n<p>Las exportaciones y carga de buques gaseros crecieron hasta alcanzar la cifra de \u00a07,3 TWh. A trav\u00e9s de gasoducto las exportaciones alcanzaron 75,3 TWh, principalmente en las exportaciones con destino a Francia.<\/p>\n<p>En cuanto al mercado interior, las comunidades aut\u00f3nomas con mayores consumos de gas natural fueron, por este orden, Catalu\u00f1a, Andaluc\u00eda, Comunidad Valenciana, Murcia y Pa\u00eds Vasco. Entre estas cinco comunidades suman m\u00e1s de la mitad del consumo total de gas natural en Espa\u00f1a.<\/p>\n<p>La demanda total diaria alcanz\u00f3 su m\u00e1ximo registro el d\u00eda 1 de marzo, con 1.463 GWh\/d\u00eda, mientras que la demanda convencional lo hizo en esa misma fecha con 1.036 GWh\/d\u00eda. Por su parte, la demanda del sector el\u00e9ctrico toc\u00f3 techo el 23 de agosto con 598 GWh\/d\u00eda.<\/p>\n<h3><strong>Demanda convencional: hogares, comercio e industria<\/strong><\/h3>\n<p>En 2023, el sector convencional, formado por hogares, comercios e industrias, registr\u00f3 un consumo de gas natural de 229,8 TWh, un 1,5% superior al a\u00f1o anterior, debido principalmente a un mayor consumo del mercado industrial en el segundo semestre del a\u00f1o, que creci\u00f3 un 22% respecto al periodo junio-diciembre del ejercicio precedente.<\/p>\n<p>El segmento dom\u00e9stico-comercial experiment\u00f3 un descenso de 3,7 TWh, registrando un volumen 48,6 TWh, lo que representa una disminuci\u00f3n del 7,0 % con respecto al a\u00f1o 2022. Esta ca\u00edda estuvo justificada en buena medida por el efecto de unas temperaturas medias m\u00e1s c\u00e1lidas que las del a\u00f1o precedente.<\/p>\n<p>El consumo de gas del sector industrial registrado en 2023 la cifra de 169,7 TWh, lo que supone 6,2 TWh m\u00e1s respecto a 2022. Esta recuperaci\u00f3n del 3,8% estuvo concentrada en el segundo semestre del a\u00f1o, impulsado principalmente por el consumo del sector refino, que cambi\u00f3 la tendencia del comportamiento de este segmento mercado. Su crecimiento respecto al mismo periodo del a\u00f1o anterior fue del 22%.<\/p>\n<p>El consumo suministrado por cisternas de GNL aument\u00f3 hasta los 11,6 TWh\/a\u00f1o (40.150 cisternas cargadas), 0,9 TWh\/a\u00f1o m\u00e1s que en 2022. Barcelona fue la planta de carga con mayor actividad, seguida por Huelva y Cartagena. Con la incorporaci\u00f3n de la nueva Planta de Regasificaci\u00f3n de El Musel, en Asturias, se llevaron a cabo 409 cargas (0,1 TWh).<\/p>\n<h3><strong>Demanda para generaci\u00f3n el\u00e9ctrica<\/strong><\/h3>\n<p>Las entregas de gas para el sector el\u00e9ctrico en 2023 fueron de 95,7 TWh, una cifra un 30,7% inferior a la registrada en 2022 debido a la concurrencia de tres factores: aumento de generaci\u00f3n renovable (solar e hidr\u00e1ulica, principalmente), descenso de la demanda de electricidad y menores exportaciones de electricidad por conexiones internacionales.<\/p>\n<h3><strong>Movilidad<\/strong><\/h3>\n<p>La demanda de gas natural para la movilidad ascendi\u00f3 hasta los 5,6 TWh desde los 3,6 TWh, del a\u00f1o pasado, lo que representa un crecimiento del 55%. Un aumento justificado principalmente por el incremento en la actividad de bunkering con 1,5 TWh m\u00e1s en 2022.<\/div><\/div><div class=\"fusion-one-third one_third fusion-layout-column fusion-column last spacing-yes\"><div class=\"fusion-column-wrapper\"><span class=\"fusion-imageframe imageframe imageframe-none imageframe-1\"> <img decoding=\"async\" src=\"https:\/\/www.sedigas.es\/informeanual\/2023\/wp-content\/uploads\/2015\/01\/demanda-de-gas-natural-informe-sistema-gasista-sedigas-2022.jpg\" alt=\"demanda de gas natural informe sistema gasista sedigas 2022\" class=\"img-responsive\" \/><\/span>\n<h6 style=\"text-align: right;\"><span style=\"color: #000000;\">El sector convencional, formado por hogares, comercios e industrias, registr\u00f3 un consumo de gas natural de 229,8 TWh<\/span><\/h6>\n<\/div><\/div><div class=\"fusion-clearfix\"><\/div><\/div><\/div><div class=\"fusion-sep-clear\"><\/div><div class=\"fusion-separator fusion-full-width-sep sep-single\" style=\"border-color:#00cc66;margin-top:10px;margin-bottom:10px;\"><\/div><div class=\"fusion-fullwidth fullwidth-box\" style=\"background-attachment:scroll;background-position:left top;background-repeat:no-repeat;-webkit-background-size:cover;-moz-background-size:cover;-o-background-size:cover;background-size:cover;border-color:#eae9e9;border-bottom-width: 0px;border-top-width: 0px;border-bottom-style: solid;border-top-style: solid;padding-bottom:20px;padding-left:0px;padding-right:0px;padding-top:20px;\"><div class=\"avada-row\"><div class=\"fusion-one-third one_third fusion-layout-column fusion-column spacing-yes\"><div class=\"fusion-column-wrapper\">\n<h2 style=\"text-align: left;\"><\/h2>\n<h2 style=\"text-align: left;\">Distribuci\u00f3n de la demanda por sectores (2023)<\/h2>\n<\/div><\/div><div class=\"fusion-two-third two_third fusion-layout-column fusion-column last spacing-yes\"><div class=\"fusion-column-wrapper\"><div id=\"chartdiv\" style=\"width: 100%; height: 500px;\"><\/div>\r\n<style>\r\n  svg g[role=region] + g > g > g[aria-labelledby=id-66-title] {\r\n    display: none;\r\n  }\r\n<\/style><\/div><\/div><div class=\"fusion-clearfix\"><\/div><div class=\"fusion-sep-clear\"><\/div><div class=\"fusion-separator fusion-full-width-sep sep-single\" style=\"border-color:#00cc66;margin-top:10px;margin-bottom:10px;\"><\/div><\/div><\/div><div class=\"fusion-fullwidth fullwidth-box\" style=\"background-attachment:scroll;background-position:left top;background-repeat:no-repeat;-webkit-background-size:cover;-moz-background-size:cover;-o-background-size:cover;background-size:cover;border-color:#eae9e9;border-bottom-width: 0px;border-top-width: 0px;border-bottom-style: solid;border-top-style: solid;padding-bottom:20px;padding-left:0px;padding-right:0px;padding-top:20px;\"><div class=\"avada-row\"><div class=\"fusion-five-sixth fusion-layout-column fusion-column last spacing-yes\"><div class=\"fusion-column-wrapper\">\n<h2 style=\"text-align: left;\">Demanda de gas natural en Espa\u00f1a (TWh)<\/h2>\n\n<table id=\"tablepress-43\" class=\"tablepress tablepress-id-43 alinearDerecha\">\n<thead>\n<tr class=\"row-1 odd\">\n\t<th class=\"column-1\">Mercado<\/th><th class=\"column-2\">2022<\/th><th class=\"column-3\">2023<\/th><th class=\"column-4\">Variaci\u00f3n<\/th>\n<\/tr>\n<\/thead>\n<tbody class=\"row-hover\">\n<tr class=\"row-2 even\">\n\t<td class=\"column-1\">D\/C + PyMES<\/td><td class=\"column-2\">52,2<\/td><td class=\"column-3\">48,6<\/td><td class=\"column-4\">-7,0%<\/td>\n<\/tr>\n<tr class=\"row-3 odd\">\n\t<td class=\"column-1\">Industrial<\/td><td class=\"column-2\">163,5<\/td><td class=\"column-3\">169,7 <\/td><td class=\"column-4\">3,8%<\/td>\n<\/tr>\n<tr class=\"row-4 even\">\n\t<td class=\"column-1\">Cisternas GNL<\/td><td class=\"column-2\">10,7<\/td><td class=\"column-3\">11,6 <\/td><td class=\"column-4\">8,3%<\/td>\n<\/tr>\n<tr class=\"row-5 odd\">\n\t<td class=\"column-1\">S\u00edstema el\u00e9ctrico<\/td><td class=\"column-2\">138<\/td><td class=\"column-3\">95,7 <\/td><td class=\"column-4\">-30,7%<\/td>\n<\/tr>\n<tr class=\"row-6 even\">\n\t<td class=\"column-1\">TOTAL<\/td><td class=\"column-2\">364,4<\/td><td class=\"column-3\">325,5 <\/td><td class=\"column-4\">-10,7%<\/td>\n<\/tr>\n<\/tbody>\n<\/table>\n<!-- #tablepress-43 from cache --><\/div><\/div><div class=\"fusion-clearfix\"><\/div><\/div><\/div><div class=\"fusion-sep-clear\"><\/div><div class=\"fusion-separator fusion-full-width-sep sep-none\" style=\"border-color:#e0dede;margin-top:10px;margin-bottom:10px;\"><\/div><div class=\"fusion-one-half one_half fusion-layout-column fusion-column last spacing-yes\"><div class=\"fusion-column-wrapper\"><span style=\"color: #000000;\">Descarga la tabla:<\/span><div class=\"fusion-sep-clear\"><\/div><div class=\"fusion-separator fusion-full-width-sep sep-none\" style=\"border-color:#e0dede;margin-top:10px;\"><\/div><style type=\"text\/css\">#wrapper .fusion-button.button-1{text-shadow:none;-webkit-box-shadow:none;-moz-box-shadow:none;box-shadow: none;border-width:1px;color:#fff;border-color:#fff;}#wrapper .fusion-button.button-1:hover,.fusion-button.button-1:focus,.fusion-button.button-1:active{border-width:1px;border-color:#fff;color:#fff;}#wrapper .fusion-button.button-1{background: #00cc66;}#wrapper .fusion-button.button-1:hover,.button-1:focus,.fusion-button.button-1:active{background: #00cc66;}<\/style><a class=\"button small button custom fusion-button button-flat button-round button-small button-custom button-1 buttonshadow-no\" target=\"_self\" href=\"https:\/\/www.sedigas.es\/informeanual\/2023\/wp-content\/uploads\/2024\/07\/Demanda-2023.xlsx\"><i class=\"fa fa-file-excel-o button-icon-left\"><\/i><span class=\"fusion-button-text\">XLS<\/span><\/a><\/div><\/div><div class=\"fusion-clearfix\"><\/div><div class=\"fusion-sep-clear\"><\/div><div class=\"fusion-separator fusion-full-width-sep sep-single\" style=\"border-color:#00cc66;margin-top:10px;margin-bottom:10px;\"><\/div><div class=\"fusion-two-third two_third fusion-layout-column fusion-column last spacing-yes\"><div class=\"fusion-column-wrapper\"><\/div><\/div><div class=\"fusion-clearfix\"><\/div>\n","protected":false},"excerpt":{"rendered":"","protected":false},"author":1,"featured_media":0,"parent":0,"menu_order":0,"comment_status":"open","ping_status":"closed","template":"","meta":{"footnotes":""},"class_list":["post-274","page","type-page","status-publish","hentry"],"_links":{"self":[{"href":"https:\/\/www.sedigas.es\/informeanual\/2023\/wp-json\/wp\/v2\/pages\/274","targetHints":{"allow":["GET"]}}],"collection":[{"href":"https:\/\/www.sedigas.es\/informeanual\/2023\/wp-json\/wp\/v2\/pages"}],"about":[{"href":"https:\/\/www.sedigas.es\/informeanual\/2023\/wp-json\/wp\/v2\/types\/page"}],"author":[{"embeddable":true,"href":"https:\/\/www.sedigas.es\/informeanual\/2023\/wp-json\/wp\/v2\/users\/1"}],"replies":[{"embeddable":true,"href":"https:\/\/www.sedigas.es\/informeanual\/2023\/wp-json\/wp\/v2\/comments?post=274"}],"version-history":[{"count":122,"href":"https:\/\/www.sedigas.es\/informeanual\/2023\/wp-json\/wp\/v2\/pages\/274\/revisions"}],"predecessor-version":[{"id":3553,"href":"https:\/\/www.sedigas.es\/informeanual\/2023\/wp-json\/wp\/v2\/pages\/274\/revisions\/3553"}],"wp:attachment":[{"href":"https:\/\/www.sedigas.es\/informeanual\/2023\/wp-json\/wp\/v2\/media?parent=274"}],"curies":[{"name":"wp","href":"https:\/\/api.w.org\/{rel}","templated":true}]}}