{"id":2543,"date":"2020-01-30T16:11:13","date_gmt":"2020-01-30T15:11:13","guid":{"rendered":"https:\/\/www.sedigas.es\/informeanual\/2019\/?page_id=2543"},"modified":"2024-07-15T16:28:46","modified_gmt":"2024-07-15T14:28:46","slug":"transporte-terrestre","status":"publish","type":"page","link":"https:\/\/www.sedigas.es\/informeanual\/2023\/transporte-terrestre\/","title":{"rendered":"Transporte terrestre y mar\u00edtimo"},"content":{"rendered":"<div class=\"fusion-two-third two_third fusion-layout-column fusion-column spacing-yes\"><div class=\"fusion-column-wrapper\">\n<h2><strong>Demanda de gas para movilidad<\/strong><\/h2>\n<p>La demanda de gas natural en el sector transporte registr\u00f3 en 2023 un fuerte incremento. El pasado a\u00f1o, el sector consumi\u00f3 2 TWh\/a m\u00e1s que en 2022, y alcanz\u00f3 los 5,6 TWh\/a, lo que supone un crecimiento del 55%.<\/p>\n<p>Este aumento se debi\u00f3 principalmente al crecimiento experimentado en la actividad de <em>bunkering<\/em>, con 1,5 TWh m\u00e1s que el a\u00f1o precedente.<\/p>\n<h3><strong>Transporte terrestre<\/strong><\/h3>\n<p>El consumo anual de gas vehicular en Espa\u00f1a registr\u00f3 un aumento del 15% respecto a 2022, hasta alcanzar los 3,6 TWh\/a\u00f1o (1,3 cisternas + 2,3 TWh gasoducto). El parque de veh\u00edculos de gas natural (GNC y GNL) en 2023 es de 36.702 veh\u00edculos<\/p>\n<h3><strong>Transporte mar\u00edtimo<\/strong><\/h3>\n<p>A lo largo de 2023 se suministraron 1,922 TWh\/a\u00f1o para transporte mar\u00edtimo. Actualmente contamos con 252 puntos operativos de repostaje de gas natural en Espa\u00f1a (16 m\u00e1s que a finales de 2022), de las 150 suministran Gas Natural Comprimido (GNC) y 102 Gas Natural Licuado (GNL). Existen adem\u00e1s otras 20 estaciones de repostaje de GNC y 11 de GNL en proyecto. En cuanto a las <em>hidrogeneras<\/em>, existen 14 ya operativas, y tres m\u00e1s en proyecto.<\/div><\/div><div class=\"fusion-one-third one_third fusion-layout-column fusion-column last spacing-yes\"><div class=\"fusion-column-wrapper\"><span class=\"fusion-imageframe imageframe imageframe-none imageframe-1\"> <img decoding=\"async\" src=\"https:\/\/www.sedigas.es\/informeanual\/2023\/wp-content\/uploads\/2023\/06\/autobuses-gas-natural-2022.jpg\" alt=\"\" class=\"img-responsive\" \/><\/span>\n<h6 style=\"text-align: right;\">El parque de veh\u00edculos a gas natural en Espa\u00f1a alcanz\u00f3 en 2022 las 34.879 unidades<\/h6>\n<\/div><\/div><div class=\"fusion-clearfix\"><\/div><div class=\"fusion-two-third two_third fusion-layout-column fusion-column last spacing-yes\"><div class=\"fusion-column-wrapper\">\n<h2 style=\"text-align: center;\"><strong>Evoluci\u00f3n veh\u00edculos matriculados de GNC en Espa\u00f1a (unidades)<\/strong><\/h2>\n<div id=\"amchart1\" style=\"width: 100%; height: 300px;\"><\/div>\n<h6><span style=\"color: #00cc66;\">Fuente: Gasnam<\/span><\/h6>\n<div id=\"gtx-trans\" style=\"position: absolute; left: -91px; top: 39.2917px;\"><\/div>\n<\/div><\/div><div class=\"fusion-clearfix\"><\/div><div class=\"fusion-one-half one_half fusion-layout-column fusion-column last spacing-yes\"><div class=\"fusion-column-wrapper\"><span style=\"color: #000000;\">Descarga la tabla en el\u00a0formato deseado:<\/span><div class=\"fusion-sep-clear\"><\/div><div class=\"fusion-separator fusion-full-width-sep sep-none\" style=\"border-color:#e0dede;margin-top:10px;\"><\/div><style type=\"text\/css\">#wrapper .fusion-button.button-1{text-shadow:none;-webkit-box-shadow:none;-moz-box-shadow:none;box-shadow: none;border-width:1px;color:#fff;border-color:#fff;}#wrapper .fusion-button.button-1:hover,.fusion-button.button-1:focus,.fusion-button.button-1:active{border-width:1px;border-color:#fff;color:#fff;}#wrapper .fusion-button.button-1{background: #00cc66;}#wrapper .fusion-button.button-1:hover,.button-1:focus,.fusion-button.button-1:active{background: #00cc66;}<\/style><a class=\"button small button custom fusion-button button-flat button-round button-small button-custom button-1 buttonshadow-no\" target=\"_self\" href=\"https:\/\/www.sedigas.es\/informeanual\/2023\/wp-content\/uploads\/2024\/07\/Evoluci\u00f3n-n\u00ba-de-veh\u00edculos-de-gas-natural-en-Espa\u00f1a-2023-en-unidades.xlsx\"><i class=\"fa fa-file-image-o button-icon-left\"><\/i><span class=\"fusion-button-text\">XLS<\/span><\/a><\/div><\/div><div class=\"fusion-clearfix\"><\/div><div class=\"fusion-two-third two_third fusion-layout-column fusion-column last spacing-yes\"><div class=\"fusion-column-wrapper\"><div class=\"accordian fusion-accordian\"><div class=\"panel-group\" id=\"accordion-1\"><div class=\"fusion-panel panel-default\"><div class=\"panel-heading\"><h4 class=\"panel-title toggle\"><a data-toggle=\"collapse\" data-parent=\"#accordion-1\" data-target=\"#8e74e7178ec1f94c8\" href=\"#8e74e7178ec1f94c8\"><i class=\"fa-fusion-box\"><\/i>Gases renovables en el transporte<\/a><\/h4><\/div><div id=\"8e74e7178ec1f94c8\" class=\"panel-collapse collapse \"><div class=\"panel-body toggle-content\">Los gases renovables se consolidan a\u00f1o tras a\u00f1o como una alternativa real y asequible para descarbonizar el transporte. En especial para el transporte pesado por carretera, las l\u00edneas a\u00e9reas y la marina mercante y de pasajeros, sectores de dif\u00edcil electrificaci\u00f3n, para los que el biometano o el hidr\u00f3geno renovable representan alternativas m\u00e1s viables y eficientes. Seg\u00fan datos de Gasnam, en 2023 se consumieron 16,05 GWh de biometano en transporte por carretera.<\/p>\n<p>Para impulsar el uso del biometano e hidr\u00f3geno renovable en el trasnporte, Sedigas firm\u00f3 en 2023 un acuerdo con la Confederaci\u00f3n Espa\u00f1ola de Empresarios de Estaciones de Servicio (CEEES) cuyo objetivo es la promoci\u00f3n de los gases renovables como soluci\u00f3n alternativa a trav\u00e9s de la difusi\u00f3n de la tecnolog\u00eda y de los mejores ejemplos normativos relacionados con la transici\u00f3n energ\u00e9tica y el uso de nuevos combustibles.<\/p>\n<p>La utilizaci\u00f3n del biometano permite el aprovechamiento circular de residuos y redunda tanto en la descarbonizaci\u00f3n de Espa\u00f1a y Europa como en su autonom\u00eda energ\u00e9tica. El biometano contribuye sosteniblemente al empleo de infraestructuras y equipos existentes reduciendo el consumo de nuevas materias primas y las emisiones asociadas a su extracci\u00f3n, transporte, as\u00ed como a las derivadas de la producci\u00f3n de nuevos equipos.<\/p>\n<p>Seg\u00fan la Asociaci\u00f3n Europea de Biog\u00e1s (EBA), el bio-GNL puede reducir las emisiones de GEI en el transporte entre un 95 y un 174%. De hecho, es una de las opciones para la r\u00e1pida descarbonizaci\u00f3n del sector, gracias a esta nueva fuente de energ\u00eda generada a partir de residuos org\u00e1nicos.<br \/>\n<\/div><\/div><\/div><\/div><\/div><\/div><\/div><div class=\"fusion-clearfix\"><\/div><div class=\"fusion-two-third two_third fusion-layout-column fusion-column last spacing-yes\"><div class=\"fusion-column-wrapper\"><div class=\"fusion-sep-clear\"><\/div><div class=\"fusion-separator fusion-full-width-sep sep-single\" style=\"border-color:#00cc66;margin-top:10px;margin-bottom:10px;\"><\/div><\/div><\/div><div class=\"fusion-clearfix\"><\/div><div class=\"fusion-two-third two_third fusion-layout-column fusion-column last spacing-yes\"><div class=\"fusion-column-wrapper\">\n<h2 style=\"text-align: justify;\">Gasineras operativas en Espa\u00f1a<\/h2>\n\n<table id=\"tablepress-48\" class=\"tablepress tablepress-id-48 alinearDerecha\">\n<thead>\n<tr class=\"row-1 odd\">\n\t<th class=\"column-1\">&nbsp;<\/th><th class=\"column-2\">Abierta<\/th><th class=\"column-3\">Proyecto<\/th><th class=\"column-4\"><strong>Total<\/strong><\/th>\n<\/tr>\n<\/thead>\n<tbody class=\"row-hover\">\n<tr class=\"row-2 even\">\n\t<td class=\"column-1\"><strong>GNC<\/strong><\/td><td class=\"column-2\">171<\/td><td class=\"column-3\">21<\/td><td class=\"column-4\"><strong>192<\/strong><\/td>\n<\/tr>\n<tr class=\"row-3 odd\">\n\t<td class=\"column-1\"><strong>GNL<\/strong><\/td><td class=\"column-2\">115<\/td><td class=\"column-3\">12<\/td><td class=\"column-4\"><strong>127<\/strong><\/td>\n<\/tr>\n<\/tbody>\n<\/table>\n<!-- #tablepress-48 from cache -->\n<h6>Fuente: <a href=\"https:\/\/gasnam.es\/terrestre\/mapa-de-estaciones-de-gas-natural\/\" target=\"_blank\">Gasnam<\/a><\/h6>\n<div id=\"gtx-trans\" style=\"position: absolute; left: 46px; top: -1.70833px;\"><\/div>\n<\/div><\/div><div class=\"fusion-clearfix\"><\/div><div class=\"fusion-sep-clear\"><\/div><div class=\"fusion-separator fusion-full-width-sep sep-none\" style=\"border-color:#e0dede;margin-top:10px;margin-bottom:10px;\"><\/div><div class=\"fusion-one-half one_half fusion-layout-column fusion-column last spacing-yes\"><div class=\"fusion-column-wrapper\"><span style=\"color: #000000;\">Descarga la tabla:<\/span><div class=\"fusion-sep-clear\"><\/div><div class=\"fusion-separator fusion-full-width-sep sep-none\" style=\"border-color:#e0dede;margin-top:10px;\"><\/div><style type=\"text\/css\">#wrapper .fusion-button.button-2{text-shadow:none;-webkit-box-shadow:none;-moz-box-shadow:none;box-shadow: none;border-width:1px;color:#fff;border-color:#fff;}#wrapper .fusion-button.button-2:hover,.fusion-button.button-2:focus,.fusion-button.button-2:active{border-width:1px;border-color:#fff;color:#fff;}#wrapper .fusion-button.button-2{background: #00cc66;}#wrapper .fusion-button.button-2:hover,.button-2:focus,.fusion-button.button-2:active{background: #00cc66;}<\/style><a class=\"button small button custom fusion-button button-flat button-round button-small button-custom button-2 buttonshadow-no\" target=\"_self\" href=\"https:\/\/www.sedigas.es\/informeanual\/2023\/wp-content\/uploads\/2024\/07\/Gasineras-operativas-en-Espa\u00f1a-2023.xlsx\"><i class=\"fa fa-file-image-o button-icon-left\"><\/i><span class=\"fusion-button-text\">XLS<\/span><\/a><\/div><\/div><div class=\"fusion-clearfix\"><\/div><div class=\"fusion-sep-clear\"><\/div><div class=\"fusion-separator fusion-full-width-sep sep-double\" style=\"border-color:#e0dede;margin-top:10px;margin-bottom:10px;\"><\/div>\n","protected":false},"excerpt":{"rendered":"","protected":false},"author":1,"featured_media":0,"parent":0,"menu_order":0,"comment_status":"open","ping_status":"open","template":"","meta":{"footnotes":""},"class_list":["post-2543","page","type-page","status-publish","hentry"],"_links":{"self":[{"href":"https:\/\/www.sedigas.es\/informeanual\/2023\/wp-json\/wp\/v2\/pages\/2543","targetHints":{"allow":["GET"]}}],"collection":[{"href":"https:\/\/www.sedigas.es\/informeanual\/2023\/wp-json\/wp\/v2\/pages"}],"about":[{"href":"https:\/\/www.sedigas.es\/informeanual\/2023\/wp-json\/wp\/v2\/types\/page"}],"author":[{"embeddable":true,"href":"https:\/\/www.sedigas.es\/informeanual\/2023\/wp-json\/wp\/v2\/users\/1"}],"replies":[{"embeddable":true,"href":"https:\/\/www.sedigas.es\/informeanual\/2023\/wp-json\/wp\/v2\/comments?post=2543"}],"version-history":[{"count":43,"href":"https:\/\/www.sedigas.es\/informeanual\/2023\/wp-json\/wp\/v2\/pages\/2543\/revisions"}],"predecessor-version":[{"id":3614,"href":"https:\/\/www.sedigas.es\/informeanual\/2023\/wp-json\/wp\/v2\/pages\/2543\/revisions\/3614"}],"wp:attachment":[{"href":"https:\/\/www.sedigas.es\/informeanual\/2023\/wp-json\/wp\/v2\/media?parent=2543"}],"curies":[{"name":"wp","href":"https:\/\/api.w.org\/{rel}","templated":true}]}}