{"id":2523,"date":"2020-01-30T15:31:31","date_gmt":"2020-01-30T14:31:31","guid":{"rendered":"https:\/\/www.sedigas.es\/informeanual\/2019\/?page_id=2523"},"modified":"2024-07-15T15:55:25","modified_gmt":"2024-07-15T13:55:25","slug":"precios-del-gas","status":"publish","type":"page","link":"https:\/\/www.sedigas.es\/informeanual\/2023\/el-gas-en-espana\/precios-del-gas\/","title":{"rendered":"Precios del gas"},"content":{"rendered":"<div class=\"fusion-two-third two_third fusion-layout-column fusion-column spacing-yes\"><div class=\"fusion-column-wrapper\">\n<h2>Tras alcanzar m\u00e1ximos hist\u00f3ricos en 2022, desde el comienzo de 2023 las se\u00f1ales de mercado auguraban una mayor estabilidad de los precios de gas en los <em>hubs<\/em> europeos.<\/h2>\nUn invierno de temperaturas suaves en 2023, un robusto aprovisionamiento de gas natural y GNL en el continente europeo y una retracci\u00f3n de la demanda industrial en la primera parte del a\u00f1o propiciaron una tendencia bajista durante todo el ejercicio<\/p>\n<p>Tanto la demanda \u2018spot\u2019 de GNL en Asia, que fue reducida, como los objetivos de ahorro energ\u00e9tico impulsados por la Uni\u00f3n Europea, influyeron tambi\u00e9n en el descenso. La volatilidad se redujo aproximadamente un 50% en 2023 con respecto a 2022. El gas con entrega en el mes siguiente en MIBGAS PVB oscil\u00f3 entre los 23 y los 40 \u20ac\/MWh.<\/p>\n<p>Dos ejemplos ilustran la extrema sensibilidad del mercado de gas a cualquier acontecimiento externo: la variaci\u00f3n de los mantenimientos planificados en Noruega y las huelgas anunciadas en las terminales de licuefacci\u00f3n en Australia durante el verano, generaron ciertas subidas y aumento de la volatilidad en los precios de los <em>hubs<\/em> europeos.<\/p>\n<p>Sin embargo, la irrupci\u00f3n de nuevos conflictos, en la parte final del a\u00f1o, como la guerra israel\u00ed-palestina o el conflicto en el Mar Rojo, no tuvieron particular influencia en la evoluci\u00f3n de los precios, puesto que el conflicto se mantuvo geogr\u00e1ficamente limitado.<\/p>\n<p>En resumen, se confirm\u00f3 la tendencia observada durante todo el a\u00f1o, con una mayor convergencia de precios en los <em>hubs<\/em> europeos y una reducci\u00f3n gradual de los mismos debidos a una d\u00e9bil demanda y un s\u00f3lido aprovisionamiento.<\/p>\n<h3><strong>Mercado espa\u00f1ol<\/strong><\/h3>\n<p>En el mercado espa\u00f1ol, el \u00edndice MIBGAS se mantuvo como el m\u00e1s competitivo de los principales <em>hubs<\/em> europeos junto al del mercado franc\u00e9s. La media anual para el producto diario fue de 37,56 \u20ac\/MWh para el PEG franc\u00e9s y 38,26 \u20ac\/MWh para el MIBGAS PVB espa\u00f1ol. Mientras el NBP de Reino Unido y el TTF holand\u00e9s registraron valores medios de 38,68 \u20ac\/MWh y 40,75 \u20ac\/MWh, respectivamente. Esto supone un precio medio inferior del espa\u00f1ol del 6% respecto del precio de referencia europeo.<\/p>\n<p>En cuanto al GNL, el precio experiment\u00f3 una sustancial reducci\u00f3n de su volatilidad respecto a 2022. La tendencia de su comportamiento fue similar a la de los <em>hubs<\/em> europeos en la primera parte del a\u00f1o. No obstante, en la segunda mitad, con la incertidumbre sobre las terminales de GNL australianas y el conflicto en Oriente Medio, el precio del GNL despunt\u00f3 por encima del PVB y del TTF, marcando una diferencia promedio diaria de casi 8\u20ac durante el \u00faltimo trimestre del a\u00f1o con el PVB.<\/p>\n<h3><\/h3>\n<div class=\"accordian fusion-accordian\"><div class=\"panel-group\" id=\"accordion-1\"><div class=\"fusion-panel panel-default\"><div class=\"panel-heading\"><h4 class=\"panel-title toggle\"><a data-toggle=\"collapse\" data-parent=\"#accordion-1\" data-target=\"#8e74e7178ec1f94c8\" href=\"#8e74e7178ec1f94c8\"><i class=\"fa-fusion-box\"><\/i>Mercado organizado<\/a><\/h4><\/div><div id=\"8e74e7178ec1f94c8\" class=\"panel-collapse collapse \"><div class=\"panel-body toggle-content\">MIBGAS continu\u00f3 consolidando en 2023 su posici\u00f3n como mercado organizado de referencia en Europa trabajando junto con otras entidades hacia una mayor integraci\u00f3n del mercado ib\u00e9rico del gas natural y hacia una mayor transparencia de los precios.<\/p>\n<p>El volumen de negociaci\u00f3n ha ido creciendo cada a\u00f1o, prueba de ello es el porcentaje de negociaci\u00f3n respecto a la demanda nacional de gas en toda su oferta de productos con entrega en PVB, que se ha ido incrementando desde el 14% en 20200, 21% en 2021, 37% en 2022 y 50% en 2023.<\/p>\n<p>Durante el pasado ejercicio se negociaron 129,4 TWh \u2013para el total de la cartera de productos disponibles en su plataforma- registrando un incremento del 67% respecto a 2021 y representando un 34,3% de la demanda total de gas. Estos datos evidencian la relevancia del mercado organizado de gas en la Pen\u00ednsula Ib\u00e9rica y su papel de referencia para el suroeste europeo.<\/div><\/div><\/div><div class=\"fusion-panel panel-default\"><div class=\"panel-heading\"><h4 class=\"panel-title toggle\"><a data-toggle=\"collapse\" data-parent=\"#accordion-1\" data-target=\"#8d796abdf942e9d1e\" href=\"#8d796abdf942e9d1e\"><i class=\"fa-fusion-box\"><\/i>Tarifa TUR<\/a><\/h4><\/div><div id=\"8d796abdf942e9d1e\" class=\"panel-collapse collapse \"><div class=\"panel-body toggle-content\">\n<h3>Los hogares acogidos a la Tarifa de Ultimo Recurso ahorraron entre 100 y 300 euros, y las Pymes m\u00e1s de 700<\/h3>\n<p>La Tarifa de \u00daltimo Recurso (TUR) de gas natural experiment\u00f3 un descenso medio del 29,9% a partir del 1 de abril respecto al precio en vigor desde enero. Una resoluci\u00f3n del Ministerio para la Transici\u00f3n Ecol\u00f3gica y el Reto Demogr\u00e1fico decret\u00f3 los nuevos valores, resultado de la fuerte disminuci\u00f3n de los precios del gas en la f\u00f3rmula de c\u00e1lculo de la TUR y de la asunci\u00f3n por parte de los Presupuestos Generales del Estado de la deuda acumulada por el establecimiento de medidas extraordinarias para limitar el impacto de la guerra en Ucrania, en octubre de 2021. Desde entonces, en t\u00e9rminos anuales, los hogares acogidos a la TUR ahorraron una media de entre 100 y 300 euros, y m\u00e1s de 700 en el caso de las Pymes.<\/p>\n<p>Teniendo en cuenta las tres categor\u00edas establecidas partiendo del consumo medio, la rebaja en la factura anual -incluidos impuestos- se estima en un 26,44% para un cliente con TUR 1 (cocina y agua caliente sanitaria); un 30,14% para un cliente con TUR 2 (cocina, agua caliente sanitaria y calefacci\u00f3n); y un 31,72% para un cliente con TUR 3 (Pymes).<\/p>\n<p>La TUR est\u00e1 disponible para cualquier consumidor conectado a las redes de gas natural con un consumo inferior a 50.000 kWh anuales, lo que supone 2,5 millones de hogares y Pymes acogidos. La tarifa se revisa trimestralmente, y se actualiza siempre que el coste de la materia prima experimente una variaci\u00f3n al alza o a la baja superior al 2%.<\/p>\n<p>Al cierre del ejercicio de 2023, el Gobierno prorrog\u00f3 durante seis meses estas ayudas, manteniendo los l\u00edmites al crecimiento de la Tarifa de \u00daltimo Recurso de gas, que impiden un incremento de coste de la materia prima por encima del 15% y limita la subida trimestral aproximadamente al 5%, junto a la TUR vecinal, a la que pueden acogerse las comunidades de propietarios con calefacci\u00f3n central de gas natural.<br \/>\n<\/div><\/div><\/div><\/div><\/div><\/div><\/div><div class=\"fusion-one-third one_third fusion-layout-column fusion-column last spacing-yes\"><div class=\"fusion-column-wrapper\"><span class=\"fusion-imageframe imageframe imageframe-none imageframe-1\"> <img decoding=\"async\" src=\"https:\/\/www.sedigas.es\/informeanual\/2023\/wp-content\/uploads\/2020\/01\/Tarifa-TUR-Informe-sistema-gasista.jpg\" alt=\"Informe Sistema gasista espa\u00f1ol\" class=\"img-responsive\" \/><\/span>\n<h6 style=\"text-align: right;\"><strong>Los hogares acogidos a la Tarifa de Ultimo Recurso ahorraron entre 100 y 300 euros, y las Pymes m\u00e1s de 700<\/strong><\/h6>\n<\/div><\/div><div class=\"fusion-clearfix\"><\/div><div class=\"fusion-three-fourth three_fourth fusion-layout-column fusion-column last spacing-yes\"><div class=\"fusion-column-wrapper\">\n<h2>Evoluci\u00f3n del coste de gas natural para consumidores tipo seg\u00fan TUR (*), incluido impuestos (ct\u20ac\/kWh)<\/h2>\n<\/div><\/div><div class=\"fusion-clearfix\"><\/div><div id=\"amchart1\" style=\"width: 100%; height: 300px;\"><\/div>\n<h6>(*)\u00a0IVA (16 % hasta\u00a0 julio 2010, 18 % a partir de julio 2010 y 21 % desde septiembre de 2012) e impuesto especial desde enero de 2013\u00a0 incluidos<\/h6>\n<h6><span style=\"color: #00cc66;\"><em>Fuente: Sedigas<\/em><\/span><\/h6>\n<div class=\"fusion-sep-clear\"><\/div><div class=\"fusion-separator fusion-full-width-sep sep-none\" style=\"border-color:#e0dede;margin-top:10px;margin-bottom:10px;\"><\/div><div class=\"fusion-one-half one_half fusion-layout-column fusion-column last spacing-yes\"><div class=\"fusion-column-wrapper\"><span style=\"color: #000000;\">Descarga la gr\u00e1fica:<\/span><div class=\"fusion-sep-clear\"><\/div><div class=\"fusion-separator fusion-full-width-sep sep-none\" style=\"border-color:#e0dede;margin-top:10px;\"><\/div><style type=\"text\/css\">#wrapper .fusion-button.button-1{text-shadow:none;-webkit-box-shadow:none;-moz-box-shadow:none;box-shadow: none;border-width:1px;color:#fff;border-color:#fff;}#wrapper .fusion-button.button-1:hover,.fusion-button.button-1:focus,.fusion-button.button-1:active{border-width:1px;border-color:#fff;color:#fff;}#wrapper .fusion-button.button-1{background: #00cc66;}#wrapper .fusion-button.button-1:hover,.button-1:focus,.fusion-button.button-1:active{background: #00cc66;}<\/style><a class=\"button small button custom fusion-button button-flat button-round button-small button-custom button-1 buttonshadow-no\" target=\"_self\" href=\"https:\/\/www.sedigas.es\/informeanual\/2020\/wp-content\/uploads\/2021\/03\/GES_Grafico-TUR.xlsx\"><span class=\"fusion-button-text\">XLS<\/span><\/a><\/div><\/div><div class=\"fusion-clearfix\"><\/div>\n","protected":false},"excerpt":{"rendered":"","protected":false},"author":1,"featured_media":0,"parent":1263,"menu_order":0,"comment_status":"open","ping_status":"open","template":"","meta":{"footnotes":""},"class_list":["post-2523","page","type-page","status-publish","hentry"],"_links":{"self":[{"href":"https:\/\/www.sedigas.es\/informeanual\/2023\/wp-json\/wp\/v2\/pages\/2523","targetHints":{"allow":["GET"]}}],"collection":[{"href":"https:\/\/www.sedigas.es\/informeanual\/2023\/wp-json\/wp\/v2\/pages"}],"about":[{"href":"https:\/\/www.sedigas.es\/informeanual\/2023\/wp-json\/wp\/v2\/types\/page"}],"author":[{"embeddable":true,"href":"https:\/\/www.sedigas.es\/informeanual\/2023\/wp-json\/wp\/v2\/users\/1"}],"replies":[{"embeddable":true,"href":"https:\/\/www.sedigas.es\/informeanual\/2023\/wp-json\/wp\/v2\/comments?post=2523"}],"version-history":[{"count":32,"href":"https:\/\/www.sedigas.es\/informeanual\/2023\/wp-json\/wp\/v2\/pages\/2523\/revisions"}],"predecessor-version":[{"id":3601,"href":"https:\/\/www.sedigas.es\/informeanual\/2023\/wp-json\/wp\/v2\/pages\/2523\/revisions\/3601"}],"up":[{"embeddable":true,"href":"https:\/\/www.sedigas.es\/informeanual\/2023\/wp-json\/wp\/v2\/pages\/1263"}],"wp:attachment":[{"href":"https:\/\/www.sedigas.es\/informeanual\/2023\/wp-json\/wp\/v2\/media?parent=2523"}],"curies":[{"name":"wp","href":"https:\/\/api.w.org\/{rel}","templated":true}]}}