{"id":2256,"date":"2019-01-12T16:56:52","date_gmt":"2019-01-12T15:56:52","guid":{"rendered":"http:\/\/www.sedigas.es\/informeanual\/2018\/?page_id=2256"},"modified":"2024-07-15T16:04:56","modified_gmt":"2024-07-15T14:04:56","slug":"desarrollo","status":"publish","type":"page","link":"https:\/\/www.sedigas.es\/informeanual\/2023\/gas-renovable\/desarrollo\/","title":{"rendered":"Desarrollo"},"content":{"rendered":"<div class=\"fusion-one-half one_half fusion-layout-column fusion-column spacing-yes\"><div class=\"fusion-column-wrapper\">\n<h2><strong>Desarrollo del biog\u00e1s y biometano en Espa\u00f1a<\/strong><\/h2>\n<h3><strong>Hitos normativos<\/strong><\/h3>\n<p>En cumplimiento de los hitos establecidos en el Plan M\u00e1s Seguridad Energ\u00e9tica (Plan +SE) a finales de 2022, la implementaci\u00f3n del Sistema de GdO se ha desarrollado de forma incremental, con dos lanzamientos clave en 2023 que habilitaron funcionalidades b\u00e1sicas de la plataforma inform\u00e1tica:<\/p>\n<ul>\n<li>El 24 de enero, la puesta en marcha del registro de tenedores e instalaciones del sistema.<\/li>\n<li>El 28 de marzo, la puesta en marcha de la expedici\u00f3n y transferencia de GdO.<\/li>\n<\/ul>\n<p>Adem\u00e1s de estos dos hitos, Enag\u00e1s GTS implement\u00f3 otras funcionalidades relevantes, como diferentes tipos de redenci\u00f3n o un tabl\u00f3n de anuncios, en tres puestas en producci\u00f3n progresivas, en los meses de abril, julio y octubre.<\/p>\n<p>La importaci\u00f3n y exportaci\u00f3n de GdOs ser\u00e1 posible a trav\u00e9s de la plataforma de Association of Issuing Bodies (AIB), para lo que Enag\u00e1s GTS formaliz\u00f3 en 2023 todos los tr\u00e1mites administrativos necesarios para conectarse a su esquema de gas. Entre ellos se encuentra la aprobaci\u00f3n del <em>Domain Protocol<\/em>, un documento que describe c\u00f3mo se implementan las reglas European Energy Certificate System (EECS) en cada registro de GdO conectado a la plataforma de AIB.<\/p>\n<h3><strong>Monitorizaci\u00f3n del sistema<\/strong><\/h3>\n<p>En el a\u00f1o 2023 se registraron en el Sistema de GdO un total de 129 entidades con perfil tenedor: 30 productores, 8 consumidores, 23 suministradores y 73 intermediarios.<\/p>\n<p>Los tenedores productores son aquellos que tienen dada de alta al menos una instalaci\u00f3n de producci\u00f3n de gases renovables. La primera instalaci\u00f3n en completar el proceso de alta y en acceder a la expedici\u00f3n de GdOs fue el Parque Tecnol\u00f3gico de Valdeming\u00f3mez, propiedad del Ayuntamiento de Madrid, que produce biometano a partir de residuos municipales y lo inyecta en la red.<\/p>\n<p>Por otro lado, Gestcompost Pina fue la primera instalaci\u00f3n de producci\u00f3n de biog\u00e1s en registrarse en el Sistema de GdO. Est\u00e1 situada en Pina de Ebro, Zaragoza, y genera biog\u00e1s para consumo propio a partir de residuos org\u00e1nicos de origen animal.<\/p>\n<p>Otro hecho destacable acontecido en 2023 fue el registro de la primera instalaci\u00f3n de producci\u00f3n de hidr\u00f3geno renovable, concretamente, la planta de hidr\u00f3geno verde que gestiona Iberdrola en Barcelona. El generado en esta instalaci\u00f3n, a partir de electricidad renovable, se destina al suministro de la red de autobuses de Transports Metropolitans de Barcelona (TMB).<\/p>\n<p>Otras instalaciones que completaron el alta en el sistema son las ligadas a procesos industriales de los sectores papelero y frut\u00edcola, que producen biog\u00e1s como consecuencia de su proceso productivo y lo consumen in situ. El inter\u00e9s de estas industrias en el Sistema de GdO ha derivado de las recomendaciones sobre el tratamiento de la biomasa publicadas en septiembre de 2023 por el Grupo T\u00e9cnico de Comercio de Emisiones de la Comisi\u00f3n de Coordinaci\u00f3n de Pol\u00edtica de Cambio Clim\u00e1tico. En este documento se indica que, de cara a la notificaci\u00f3n de emisiones de gases de efecto invernadero, una instalaci\u00f3n sujeta a comercio de derechos de emisi\u00f3n que consuma biog\u00e1s autoproducido deber\u00e1 presentar GdOs para poder contabilizar un factor de emisi\u00f3n igual a cero.<\/p>\n<\/div><\/div><div class=\"fusion-one-half one_half fusion-layout-column fusion-column last spacing-yes\"><div class=\"fusion-column-wrapper\"><span class=\"fusion-imageframe imageframe imageframe-none imageframe-1\"> <img decoding=\"async\" src=\"https:\/\/www.sedigas.es\/informeanual\/2023\/wp-content\/uploads\/2019\/01\/Planta-UNUE-biometano-Foto-Enagas.jpg\" alt=\"\" class=\"img-responsive\" \/><\/span>\n<h6 style=\"text-align: left;\">Planta de\u00a0biometano UNUE, en Burgos<\/h6>\n<div class=\"fusion-sep-clear\"><\/div><div class=\"fusion-separator fusion-full-width-sep sep-none\" style=\"border-color:#e0dede;margin-top:px;\"><\/div>En total, desde la puesta en marcha del sistema, a principios de 2023, 33 instalaciones de producci\u00f3n completaron el alta. 20 de ellas estaban en Registro Provisional, es decir, a\u00fan no operativas, y sin poder acceder a la expedici\u00f3n de GdO. Y cuatro estaban en proceso de alta, teniendo previsto completar el registro a principios de 2024.<\/p>\n<p>En cuanto a la tramitaci\u00f3n de GdOs, en 2023 el sistema expidi\u00f3 un total de 95.148. Alrededor del 90% fueron de biometano para inyecci\u00f3n en el sistema gasista, mientras que el resto correspondieron a biog\u00e1s para autoconsumo. La mayor parte de este gas, tambi\u00e9n un 90%, se hab\u00eda producido a partir de desechos municipales. Otras materias primas utilizadas fueron biorresiduos, esti\u00e9rcol, lodos de depuradora o gas de vertedero.<\/p>\n<p>En lo referente a la redenci\u00f3n, en 2023 500 GdOs lo fueron para un punto de consumo, mientras que 10.272 lo hicieron autom\u00e1ticamente por ser de biog\u00e1s para autoconsumo.<\/p>\n<h3><strong>El Comit\u00e9 de Sujetos<\/strong><\/h3>\n<p>En cumplimiento con lo estipulado en el art\u00edculo 19.7 del Real Decreto 376\/2022, de 17 de mayo, Enag\u00e1s GTS constituy\u00f3 un Comit\u00e9 de Sujetos del Sistema de GdO. Este \u00f3rgano tiene como objetivo informar del funcionamiento y la gesti\u00f3n del sistema, as\u00ed como canalizar propuestas de mejora.<\/p>\n<p>El Comit\u00e9 est\u00e1 formado por miembros de pleno derecho, con voz y voto, y miembros invitados. Entre los miembros de pleno derecho se encuentran, adem\u00e1s del Ministerio para la Transici\u00f3n Ecol\u00f3gica y el Reto Demogr\u00e1fico, la Comisi\u00f3n Nacional de los Mercados y la Competencia, Enag\u00e1s GTS y la Entidad Responsable del Sistema de GdO, los tenedores del Sistema de GdO, empresas transportistas y distribuidoras con puntos de inyecci\u00f3n de gases renovables, operadores de canalizaciones aisladas y operadores de plataformas de negociaci\u00f3n conectadas al Sistema de GdO. Los miembros invitados, con derecho a voz pero no a voto, incluyen agentes relevantes del sector, como empresas transportistas y distribuidoras de gas natural o asociaciones sectoriales, entre otros.<\/p>\n<p>A finales del a\u00f1o 2022, se estableci\u00f3 un grupo de trabajo abierto a todo el sector de los gases renovables que ha actuado como precursor del Comit\u00e9 de Sujetos mientras el Sistema de GdO se pon\u00eda en marcha. En septiembre de 2023 se limit\u00f3 la asistencia a estas sesiones \u00fanicamente a los miembros del Comit\u00e9, debido a que ya se contaba con un n\u00famero relevante de entidades registradas en el sistema. Finalmente, en noviembre se llevaron a cabo elecciones para elegir a los vocales con capacidad de voto en las decisiones del Comit\u00e9. Los nombrados votaron posteriormente al presidente y al vicepresidente en la sesi\u00f3n celebrada en diciembre, lo que supuso la constituci\u00f3n formal del Comit\u00e9 de Sujetos del Sistema de GdO.<\/div><\/div><div class=\"fusion-clearfix\"><\/div>\n","protected":false},"excerpt":{"rendered":"","protected":false},"author":1,"featured_media":0,"parent":2248,"menu_order":4,"comment_status":"closed","ping_status":"closed","template":"","meta":{"footnotes":""},"class_list":["post-2256","page","type-page","status-publish","hentry"],"_links":{"self":[{"href":"https:\/\/www.sedigas.es\/informeanual\/2023\/wp-json\/wp\/v2\/pages\/2256","targetHints":{"allow":["GET"]}}],"collection":[{"href":"https:\/\/www.sedigas.es\/informeanual\/2023\/wp-json\/wp\/v2\/pages"}],"about":[{"href":"https:\/\/www.sedigas.es\/informeanual\/2023\/wp-json\/wp\/v2\/types\/page"}],"author":[{"embeddable":true,"href":"https:\/\/www.sedigas.es\/informeanual\/2023\/wp-json\/wp\/v2\/users\/1"}],"replies":[{"embeddable":true,"href":"https:\/\/www.sedigas.es\/informeanual\/2023\/wp-json\/wp\/v2\/comments?post=2256"}],"version-history":[{"count":29,"href":"https:\/\/www.sedigas.es\/informeanual\/2023\/wp-json\/wp\/v2\/pages\/2256\/revisions"}],"predecessor-version":[{"id":3607,"href":"https:\/\/www.sedigas.es\/informeanual\/2023\/wp-json\/wp\/v2\/pages\/2256\/revisions\/3607"}],"up":[{"embeddable":true,"href":"https:\/\/www.sedigas.es\/informeanual\/2023\/wp-json\/wp\/v2\/pages\/2248"}],"wp:attachment":[{"href":"https:\/\/www.sedigas.es\/informeanual\/2023\/wp-json\/wp\/v2\/media?parent=2256"}],"curies":[{"name":"wp","href":"https:\/\/api.w.org\/{rel}","templated":true}]}}