{"id":2254,"date":"2019-01-12T16:56:23","date_gmt":"2019-01-12T15:56:23","guid":{"rendered":"http:\/\/www.sedigas.es\/informeanual\/2018\/?page_id=2254"},"modified":"2023-06-17T12:39:57","modified_gmt":"2023-06-17T10:39:57","slug":"beneficios","status":"publish","type":"page","link":"https:\/\/www.sedigas.es\/informeanual\/2023\/gas-renovable\/beneficios\/","title":{"rendered":"Beneficios"},"content":{"rendered":"<div class=\"fusion-one-half one_half fusion-layout-column fusion-column spacing-yes\"><div class=\"fusion-column-wrapper\">\n<h2><strong>Beneficios de los gases renovables<\/strong><\/h2>\n<p>Los gases renovables son un claro aliado para la consecuci\u00f3n de los <strong>objetivos de reducci\u00f3n de emisiones<\/strong>, mejora de la calidad del aire, penetraci\u00f3n de renovables e impulso de la econom\u00eda circular. Todo ello poniendo en valor las inversiones ya realizadas y las infraestructuras gasistas existentes en Espa\u00f1a y contribuyendo a la seguridad de suministro y a la creaci\u00f3n de empleo en entornos rurales.<\/p>\n<p>La utilizaci\u00f3n del gas renovable sustituyendo o complementando al gas natural permite la <strong>sustituci\u00f3n de combustibles m\u00e1s contaminantes<\/strong> de forma inmediata y, por tanto, la reducci\u00f3n de las emisiones de gases de efecto invernadero, as\u00ed como la dependencia energ\u00e9tica del exterior.<\/p>\n<p>Contribuyen adem\u00e1s a <strong>favorecer la econom\u00eda circular<\/strong>, ya que mejora la gesti\u00f3n ambiental de los residuos y los aprovecha (org\u00e1nicos urbanos, agrarios, ganaderos, industriales, lodos de depuradoras, etc. o la energ\u00eda el\u00e9ctrica renovable excedentaria) como materia prima para generar energ\u00eda descarbonizada.<\/p>\n<p>Sin necesidad de inversiones adicionales, la introducci\u00f3n del gas renovable en la red gasista ya existente posibilita su uso como almacenamiento energ\u00e9tico.<\/p>\n<h3><strong>Aprovechar las otras renovables<\/strong><\/h3>\n<p>Los gases renovables permiten romper la asincron\u00eda existente entre la generaci\u00f3n el\u00e9ctrica renovable y la demanda, y aprovechar todo el potencial de la generaci\u00f3n el\u00e9ctrica renovable, a trav\u00e9s de la<strong> transformaci\u00f3n de los excedentes de producci\u00f3n en hidr\u00f3geno a trav\u00e9s del <em>power-to-gas<\/em> (P2G).<\/strong><\/p>\n<p>Esta tecnolog\u00eda permite utilizar la red de gas como <strong>almac\u00e9n de energ\u00eda renovable<\/strong>, evita la necesidad de realizar nuevas y costosas inversiones y refuerza a la red el\u00e9ctrica existente. De esta manera, se podr\u00e1 aumentar la contribuci\u00f3n renovable a la matriz energ\u00e9tica, dando impulso al mercado de las energ\u00edas bajas en carbono e incrementando la sostenibilidad del sistema el\u00e9ctrico.<\/p>\n<p>Diversos estudios europeos corroboran que los denominados escenarios de descarbonizaci\u00f3n mediante electrificaci\u00f3n total son m\u00e1s costosos e ineficientes que aquellos que hacen uso de la red de gas y de los gases renovables y descarbonizados. Seg\u00fan un informe de <a href=\"https:\/\/www.fundacionnaturgy.org\/wp-content\/uploads\/2020\/09\/sector_coupling_webinar-1.pdf\" target=\"_blank\">Frontier Economics y la Universidad de Aachen para la Fundaci\u00f3n Naturgy<\/a>, combinar la electricidad y los gases renovables para cubrir las necesidades de los consumidores -electricidad, calor y transporte- en lugar de electrificar masivamente esos usos finales y emplear los gases verdes s\u00f3lo para almacenar la energ\u00eda y garantizar el abastecimiento podr\u00eda suponer un ahorro de unos 2.000 millones de euros anuales.<\/div><\/div><div class=\"fusion-one-half one_half fusion-layout-column fusion-column last spacing-yes\"><div class=\"fusion-column-wrapper\"><span class=\"fusion-imageframe imageframe imageframe-none imageframe-1\"> <img decoding=\"async\" src=\"https:\/\/www.sedigas.es\/informeanual\/2023\/wp-content\/uploads\/2019\/01\/Beneficios-de-los-gases-renovables.jpg\" alt=\"\" class=\"img-responsive\" \/><\/span>\n<h6 style=\"text-align: right;\"><span style=\"color: #000000;\">Los gases renovables favorecen el desarrollo de los entornos rurales<i>.<\/i><\/span><\/h6>\n\n<h3><strong>Beneficios para el sector agr\u00edcola y ganadero<\/strong><\/h3>\n<p>Las soluciones de <strong>biometanizaci\u00f3n de los residuos<\/strong> frente a compostaje har\u00e1n que el aprovechamiento energ\u00e9tico de los residuos se haga de una forma m\u00e1s eficiente, evitando el impacto medioambiental que supone el tratamiento y la fabricaci\u00f3n del compost. Adem\u00e1s, el residuo que se genera en la digesti\u00f3n, el digestato, es una excelente materia prima para su uso como fertilizante org\u00e1nico de origen renovable.<\/p>\n<p>La<strong> producci\u00f3n de biog\u00e1s y biometano<\/strong> mejora la gesti\u00f3n medioambiental de residuos org\u00e1nicos tan conflictivos como las deyecciones ganaderas, purines, esti\u00e9rcoles, gallinazas, etc., los lodos de depuradora o la fracci\u00f3n org\u00e1nica de residuos s\u00f3lidos urbanos (FORSU). Por otro lado, evita la combusti\u00f3n del biog\u00e1s en antorcha y reduce el uso de incineraci\u00f3n de los residuos.<\/p>\n<p>Los <strong>beneficios de los gases renovables<\/strong> para el sector ganadero tambi\u00e9n son destacados porque refuerzan la econom\u00eda circular mediante el aprovechamiento de los residuos y su transformaci\u00f3n en energ\u00eda.<\/p>\n<p>Adem\u00e1s, los proyectos de producci\u00f3n de gases renovables <strong>apoyan al desarrollo rural y la fijaci\u00f3n de empleo<\/strong> (y poblaci\u00f3n) en entornos agr\u00edcolas y ganaderos, contribuyendo as\u00ed a un proceso de transici\u00f3n energ\u00e9tica justo e inclusivo.<\/div><\/div><div class=\"fusion-clearfix\"><\/div><div class=\"accordian fusion-accordian\"><div class=\"panel-group\" id=\"accordion-1\"><div class=\"fusion-panel panel-default\"><div class=\"panel-heading\"><h4 class=\"panel-title toggle\"><a data-toggle=\"collapse\" data-parent=\"#accordion-1\" data-target=\"#8e74e7178ec1f94c8\" href=\"#8e74e7178ec1f94c8\"><i class=\"fa-fusion-box\"><\/i>10 beneficios del gas renovable <\/a><\/h4><\/div><div id=\"8e74e7178ec1f94c8\" class=\"panel-collapse collapse \"><div class=\"panel-body toggle-content\">\n<p>1. Contribuir a la eliminaci\u00f3n de gases efecto invernadero y otras emisiones contaminantes.<\/p>\n<p>2. Contribuir al despliegue de energ\u00edas renovables.<\/p>\n<p>3. Disminuir la dependencia energ\u00e9tica exterior, tanto a nivel nacional como europeo.<\/p>\n<p>4. Potenciar el desarrollo de la econom\u00eda circular.<\/p>\n<p>5. Contribuir al desarrollo econ\u00f3mico en regiones rurales.<\/p>\n<p>6. Mejorar la gesti\u00f3n del suelo y de los residuos.<\/p>\n<p>7. Favorecer el desarrollo de la I+D+i energ\u00e9tica y medioambiental.<\/p>\n<p>8. Producir fertilizante org\u00e1nico de origen renovable.<\/p>\n<p>9. Aprovechamiento de las infraestructuras existentes: el biog\u00e1s sometido a un proceso de upgrading puede inyectarse en la red gasista, resultando totalmente intercambiable con el gas natural.<\/p>\n<p>10. Generar electricidad y calor en cualquier lugar, incluso en zonas remotas.<\/p>\n<\/div><\/div><\/div><\/div><\/div>\n","protected":false},"excerpt":{"rendered":"","protected":false},"author":1,"featured_media":0,"parent":2248,"menu_order":3,"comment_status":"closed","ping_status":"closed","template":"","meta":{"footnotes":""},"class_list":["post-2254","page","type-page","status-publish","hentry"],"_links":{"self":[{"href":"https:\/\/www.sedigas.es\/informeanual\/2023\/wp-json\/wp\/v2\/pages\/2254","targetHints":{"allow":["GET"]}}],"collection":[{"href":"https:\/\/www.sedigas.es\/informeanual\/2023\/wp-json\/wp\/v2\/pages"}],"about":[{"href":"https:\/\/www.sedigas.es\/informeanual\/2023\/wp-json\/wp\/v2\/types\/page"}],"author":[{"embeddable":true,"href":"https:\/\/www.sedigas.es\/informeanual\/2023\/wp-json\/wp\/v2\/users\/1"}],"replies":[{"embeddable":true,"href":"https:\/\/www.sedigas.es\/informeanual\/2023\/wp-json\/wp\/v2\/comments?post=2254"}],"version-history":[{"count":21,"href":"https:\/\/www.sedigas.es\/informeanual\/2023\/wp-json\/wp\/v2\/pages\/2254\/revisions"}],"predecessor-version":[{"id":3471,"href":"https:\/\/www.sedigas.es\/informeanual\/2023\/wp-json\/wp\/v2\/pages\/2254\/revisions\/3471"}],"up":[{"embeddable":true,"href":"https:\/\/www.sedigas.es\/informeanual\/2023\/wp-json\/wp\/v2\/pages\/2248"}],"wp:attachment":[{"href":"https:\/\/www.sedigas.es\/informeanual\/2023\/wp-json\/wp\/v2\/media?parent=2254"}],"curies":[{"name":"wp","href":"https:\/\/api.w.org\/{rel}","templated":true}]}}