{"id":191,"date":"2015-01-19T11:24:46","date_gmt":"2015-01-19T10:24:46","guid":{"rendered":"http:\/\/www.sedigas.es\/informeanual\/2015\/?page_id=191"},"modified":"2024-07-15T13:11:04","modified_gmt":"2024-07-15T11:11:04","slug":"almacenamiento","status":"publish","type":"page","link":"https:\/\/www.sedigas.es\/informeanual\/2023\/el-gas-en-espana\/infraestructuras\/almacenamiento\/","title":{"rendered":"Almacenamientos subterr\u00e1neos"},"content":{"rendered":"\n<h2>El gas inyectado durante 2023 fue de 7,1 GWh. La extracci\u00f3n, por su parte, fue de 8.7 GWh.<\/h2>\nEntre las medidas urgentes aprobadas en 2022 para hacer frente a la crisis energ\u00e9tica, la UE estableci\u00f3 un objetivo m\u00ednimo de llenado de los almacenamientos del 90% al empezar la temporada de extracciones a partir del 1 de noviembre, cifra a la que se lleg\u00f3 en julio de 2023, y para finales de octubre los almacenamientos se encontraban al 100% de llenado.<\/p>\n<p>Esta medida, junto con unas temperaturas moderadas durante todo el a\u00f1o permitieron que en 2023 los almacenamientos subterr\u00e1neos se mantuvieron por encima de la media de los \u00faltimos cinco a\u00f1os y no bajaran del 50% de llenado en todo el a\u00f1o.<\/p>\n<p>Espa\u00f1a alcanz\u00f3 este objetivo con seis meses de antelaci\u00f3n, llegando a tener el d\u00eda 1 de noviembre de 2023 un nivel de llenado del 100%.<div class=\"fusion-sep-clear\"><\/div><div class=\"fusion-separator fusion-full-width-sep sep-single\" style=\"border-color:#00cc66;margin-top:10px;margin-bottom:10px;\"><\/div><div class=\"fusion-fullwidth fullwidth-box\" style=\"background-attachment:scroll;background-position:left top;background-repeat:no-repeat;-webkit-background-size:cover;-moz-background-size:cover;-o-background-size:cover;background-size:cover;border-color:#eae9e9;border-bottom-width: 0px;border-top-width: 0px;border-bottom-style: solid;border-top-style: solid;padding-bottom:20px;padding-left:0px;padding-right:0px;padding-top:20px;\"><div class=\"avada-row\">\n<h2>Gesti\u00f3n total del almacenamiento subterr\u00e1neo (2023)<\/h2>\n\n<table id=\"tablepress-46\" class=\"tablepress tablepress-id-46 alinearDerecha\">\n<thead>\n<tr class=\"row-1 odd\">\n\t<th class=\"column-1\">Gesti\u00f3n total del almacenamiento subterr\u00e1neo 2023<\/th><th class=\"column-2\">&nbsp;<\/th><th class=\"column-3\">Ene. <\/th><th class=\"column-4\">Feb. <\/th><th class=\"column-5\">Mar. <\/th><th class=\"column-6\">Abr. <\/th><th class=\"column-7\">May. <\/th><th class=\"column-8\">Jun. <\/th><th class=\"column-9\">Jul. <\/th><th class=\"column-10\">Ago. <\/th><th class=\"column-11\">Sep. <\/th><th class=\"column-12\">Oct. <\/th><th class=\"column-13\">Nov. <\/th><th class=\"column-14\">Dic.<\/th>\n<\/tr>\n<\/thead>\n<tbody class=\"row-hover\">\n<tr class=\"row-2 even\">\n\t<td class=\"column-1\">Capacidad util  GWh <\/td><td class=\"column-2\">GWh <\/td><td class=\"column-3\">35342<\/td><td class=\"column-4\">35342<\/td><td class=\"column-5\">35342<\/td><td class=\"column-6\">34179<\/td><td class=\"column-7\">34179<\/td><td class=\"column-8\">34179<\/td><td class=\"column-9\">34179<\/td><td class=\"column-10\">34179<\/td><td class=\"column-11\">34179<\/td><td class=\"column-12\">34179<\/td><td class=\"column-13\">34179<\/td><td class=\"column-14\">34179<\/td>\n<\/tr>\n<tr class=\"row-3 odd\">\n\t<td class=\"column-1\">Volumen gas colchon  GWh <\/td><td class=\"column-2\">GWh<\/td><td class=\"column-3\">28793<\/td><td class=\"column-4\">28793<\/td><td class=\"column-5\">28793<\/td><td class=\"column-6\">28793<\/td><td class=\"column-7\">28793<\/td><td class=\"column-8\">28793<\/td><td class=\"column-9\">28793<\/td><td class=\"column-10\">28793<\/td><td class=\"column-11\">28793<\/td><td class=\"column-12\">28793<\/td><td class=\"column-13\">28793<\/td><td class=\"column-14\">28793<\/td>\n<\/tr>\n<tr class=\"row-4 even\">\n\t<td class=\"column-1\">Existencias iniciales  GWh<\/td><td class=\"column-2\">GWh <\/td><td class=\"column-3\">61804<\/td><td class=\"column-4\">60721<\/td><td class=\"column-5\">57567<\/td><td class=\"column-6\">56495<\/td><td class=\"column-7\">59521<\/td><td class=\"column-8\">61169<\/td><td class=\"column-9\">62382<\/td><td class=\"column-10\">62701<\/td><td class=\"column-11\">63306<\/td><td class=\"column-12\">63308<\/td><td class=\"column-13\">63309<\/td><td class=\"column-14\">63048<\/td>\n<\/tr>\n<tr class=\"row-5 odd\">\n\t<td class=\"column-1\">Inyeccion (neta)  GWh\/mes <\/td><td class=\"column-2\">GWh\/mes<\/td><td class=\"column-3\">177<\/td><td class=\"column-4\">0<\/td><td class=\"column-5\">100<\/td><td class=\"column-6\">3026<\/td><td class=\"column-7\">1649<\/td><td class=\"column-8\">1212<\/td><td class=\"column-9\">320<\/td><td class=\"column-10\">605<\/td><td class=\"column-11\">2<\/td><td class=\"column-12\">2<\/td><td class=\"column-13\">0<\/td><td class=\"column-14\">0<\/td>\n<\/tr>\n<tr class=\"row-6 even\">\n\t<td class=\"column-1\">Inyeccion media diaria  GWh\/d\u00eda <\/td><td class=\"column-2\">GWh\/d\u00eda <\/td><td class=\"column-3\">6<\/td><td class=\"column-4\">0<\/td><td class=\"column-5\">3<\/td><td class=\"column-6\">101<\/td><td class=\"column-7\">53<\/td><td class=\"column-8\">40<\/td><td class=\"column-9\">10<\/td><td class=\"column-10\">20<\/td><td class=\"column-11\">0<\/td><td class=\"column-12\">0<\/td><td class=\"column-13\">0<\/td><td class=\"column-14\">0<\/td>\n<\/tr>\n<tr class=\"row-7 odd\">\n\t<td class=\"column-1\">Extraccion (bruta)  GWh\/mes <\/td><td class=\"column-2\">GWh\/mes <\/td><td class=\"column-3\">1260<\/td><td class=\"column-4\">3154<\/td><td class=\"column-5\">1172<\/td><td class=\"column-6\">0<\/td><td class=\"column-7\">0<\/td><td class=\"column-8\">0<\/td><td class=\"column-9\">0<\/td><td class=\"column-10\">0<\/td><td class=\"column-11\">0<\/td><td class=\"column-12\">0<\/td><td class=\"column-13\">261<\/td><td class=\"column-14\">2818<\/td>\n<\/tr>\n<tr class=\"row-8 even\">\n\t<td class=\"column-1\">Extraccion media diaria  GWh\/d\u00eda <\/td><td class=\"column-2\">GWh\/d\u00eda<\/td><td class=\"column-3\">41<\/td><td class=\"column-4\">113<\/td><td class=\"column-5\">38<\/td><td class=\"column-6\">0<\/td><td class=\"column-7\">0<\/td><td class=\"column-8\">0<\/td><td class=\"column-9\">0<\/td><td class=\"column-10\">0<\/td><td class=\"column-11\">0<\/td><td class=\"column-12\">0<\/td><td class=\"column-13\">9<\/td><td class=\"column-14\">91<\/td>\n<\/tr>\n<tr class=\"row-9 odd\">\n\t<td class=\"column-1\">Existencias finales  GWh<\/td><td class=\"column-2\">GWh <\/td><td class=\"column-3\">60721<\/td><td class=\"column-4\">57567<\/td><td class=\"column-5\">56495<\/td><td class=\"column-6\">59521<\/td><td class=\"column-7\">61169<\/td><td class=\"column-8\">62382<\/td><td class=\"column-9\">62701<\/td><td class=\"column-10\">63306<\/td><td class=\"column-11\">63308<\/td><td class=\"column-12\">63309<\/td><td class=\"column-13\">63048<\/td><td class=\"column-14\">60230<\/td>\n<\/tr>\n<\/tbody>\n<\/table>\n<!-- #tablepress-46 from cache -->\n<h6><em>Fuente: ENAG\u00c1S GTS, S.A.U<\/em><\/h6>\n<div class=\"fusion-sep-clear\"><\/div><div class=\"fusion-separator fusion-full-width-sep sep-none\" style=\"border-color:#e0dede;margin-top:10px;margin-bottom:10px;\"><\/div><div class=\"fusion-one-half one_half fusion-layout-column fusion-column last spacing-yes\"><div class=\"fusion-column-wrapper\"><span style=\"color: #000000;\">Descarga la tabla:<\/span><div class=\"fusion-sep-clear\"><\/div><div class=\"fusion-separator fusion-full-width-sep sep-none\" style=\"border-color:#e0dede;margin-top:10px;\"><\/div><div class=\"alignleft\"><style type=\"text\/css\">#wrapper .fusion-button.button-1{text-shadow:none;-webkit-box-shadow:none;-moz-box-shadow:none;box-shadow: none;border-width:1px;color:#fff;border-color:#fff;}#wrapper .fusion-button.button-1:hover,.fusion-button.button-1:focus,.fusion-button.button-1:active{border-width:1px;border-color:#fff;color:#fff;}#wrapper .fusion-button.button-1{background: #00cc66;}#wrapper .fusion-button.button-1:hover,.button-1:focus,.fusion-button.button-1:active{background: #00cc66;}<\/style><a class=\"button small button custom fusion-button button-flat button-round button-small button-custom button-1 buttonshadow-no\" target=\"_self\" href=\"https:\/\/www.sedigas.es\/informeanual\/2023\/wp-content\/uploads\/2024\/07\/Gesti\u00f3n-total-del-almacenamiento-subterr\u00e1neo-2023.xlsx\"><i class=\"fa fa-file-excel-o button-icon-left\"><\/i><span class=\"fusion-button-text\">XLS<\/span><\/a><\/div><\/div><\/div><div class=\"fusion-clearfix\"><\/div><\/div><\/div>\n","protected":false},"excerpt":{"rendered":"","protected":false},"author":1,"featured_media":0,"parent":1302,"menu_order":0,"comment_status":"open","ping_status":"open","template":"","meta":{"footnotes":""},"class_list":["post-191","page","type-page","status-publish","hentry"],"_links":{"self":[{"href":"https:\/\/www.sedigas.es\/informeanual\/2023\/wp-json\/wp\/v2\/pages\/191","targetHints":{"allow":["GET"]}}],"collection":[{"href":"https:\/\/www.sedigas.es\/informeanual\/2023\/wp-json\/wp\/v2\/pages"}],"about":[{"href":"https:\/\/www.sedigas.es\/informeanual\/2023\/wp-json\/wp\/v2\/types\/page"}],"author":[{"embeddable":true,"href":"https:\/\/www.sedigas.es\/informeanual\/2023\/wp-json\/wp\/v2\/users\/1"}],"replies":[{"embeddable":true,"href":"https:\/\/www.sedigas.es\/informeanual\/2023\/wp-json\/wp\/v2\/comments?post=191"}],"version-history":[{"count":131,"href":"https:\/\/www.sedigas.es\/informeanual\/2023\/wp-json\/wp\/v2\/pages\/191\/revisions"}],"predecessor-version":[{"id":3584,"href":"https:\/\/www.sedigas.es\/informeanual\/2023\/wp-json\/wp\/v2\/pages\/191\/revisions\/3584"}],"up":[{"embeddable":true,"href":"https:\/\/www.sedigas.es\/informeanual\/2023\/wp-json\/wp\/v2\/pages\/1302"}],"wp:attachment":[{"href":"https:\/\/www.sedigas.es\/informeanual\/2023\/wp-json\/wp\/v2\/media?parent=191"}],"curies":[{"name":"wp","href":"https:\/\/api.w.org\/{rel}","templated":true}]}}