{"id":116,"date":"2015-01-16T12:39:56","date_gmt":"2015-01-16T11:39:56","guid":{"rendered":"http:\/\/www.sedigas.es\/informeanual\/2015\/?page_id=116"},"modified":"2024-06-27T17:56:37","modified_gmt":"2024-06-27T15:56:37","slug":"carta-del-presidente","status":"publish","type":"page","link":"https:\/\/www.sedigas.es\/informeanual\/2023\/carta-del-presidente\/","title":{"rendered":"Carta del presidente"},"content":{"rendered":"<div class=\"fusion-two-third two_third fusion-layout-column fusion-column spacing-yes\"><div class=\"fusion-column-wrapper\">\n<h2>Estabilidad y seguridad del suministro<\/h2>\n<p><strong><em>Joan Batalla,\u00a0<\/em>Presidente de Sedigas<\/strong><div class=\"fusion-sep-clear\"><\/div><div class=\"fusion-separator fusion-full-width-sep sep-none\" style=\"border-color:#e0dede;margin-top:px;\"><\/div>El ejercicio 2023 estuvo marcado por un complejo entorno geopol\u00edtico, derivado de los conflictos que hoy contin\u00faan teniendo lugar en Ucrania, Oriente Medio o el Mar Rojo, y su impacto sobre los mercados energ\u00e9ticos globales.<\/p>\n<p>A pesar de los desaf\u00edos, el sistema gasista espa\u00f1ol demostr\u00f3 una vez m\u00e1s su capacidad para mantener la estabilidad y la seguridad del suministro, al tiempo que avanzaba en la diversificaci\u00f3n y la sostenibilidad.<\/p>\n<p>Durante 2023, Espa\u00f1a no solo gestion\u00f3 eficazmente la volatilidad de los mercados, sino que tambi\u00e9n fortaleci\u00f3 su papel como un nodo clave en la seguridad energ\u00e9tica europea. El sistema gasista nacional puso de manifiesto su resiliencia y oper\u00f3 con total normalidad las 24 horas de los 365 d\u00edas del a\u00f1o.<\/p>\n<p>El conflicto b\u00e9lico de Ucrania continu\u00f3 influyendo en las pol\u00edticas energ\u00e9ticas, especialmente en Europa, que ha buscado reducir su dependencia del gas ruso. En este contexto, Espa\u00f1a se destac\u00f3 por su capacidad para adaptarse r\u00e1pidamente, maximizando el uso de sus infraestructuras de almacenamiento y regasificaci\u00f3n para recibir gas de hasta 17 or\u00edgenes diferentes, lo que subraya un impresionante nivel de diversificaci\u00f3n de suministro.<\/p>\n<p>Nuestro sistema se consolid\u00f3 un a\u00f1o m\u00e1s como un referente en seguridad de suministro en Europa por su situaci\u00f3n privilegiada y su red de infraestructuras moderna y robusta, que cuenta con una red de transporte y distribuci\u00f3n mallada de casi 100,000 kil\u00f3metros y de la mayor capacidad de regasificaci\u00f3n y recepci\u00f3n de gas natural licuado (GNL) del continente, que nos sit\u00faan como un destino estrat\u00e9gico para la entrada de GNL en Europa.<\/div><\/div><div class=\"fusion-one-third one_third fusion-layout-column fusion-column last spacing-yes\"><div class=\"fusion-column-wrapper\"><span class=\"fusion-imageframe imageframe imageframe-none imageframe-1\"> <img decoding=\"async\" src=\"https:\/\/www.sedigas.es\/informeanual\/2023\/wp-content\/uploads\/2015\/01\/Joan-Batalla-presidente-de-Sedigas-Informe-Anual-2021.jpg\" alt=\"\" class=\"img-responsive\" \/><\/span>\n<h6 style=\"text-align: right;\"><span style=\"color: #000000;\">Joan Batalla<\/span><em><span style=\"color: #1684b9;\"><br \/>\n<\/span><\/em><\/h6>\n<\/div><\/div><div class=\"fusion-clearfix\"><\/div>\n","protected":false},"excerpt":{"rendered":"","protected":false},"author":1,"featured_media":0,"parent":0,"menu_order":0,"comment_status":"open","ping_status":"open","template":"","meta":{"footnotes":""},"class_list":["post-116","page","type-page","status-publish","hentry"],"_links":{"self":[{"href":"https:\/\/www.sedigas.es\/informeanual\/2023\/wp-json\/wp\/v2\/pages\/116","targetHints":{"allow":["GET"]}}],"collection":[{"href":"https:\/\/www.sedigas.es\/informeanual\/2023\/wp-json\/wp\/v2\/pages"}],"about":[{"href":"https:\/\/www.sedigas.es\/informeanual\/2023\/wp-json\/wp\/v2\/types\/page"}],"author":[{"embeddable":true,"href":"https:\/\/www.sedigas.es\/informeanual\/2023\/wp-json\/wp\/v2\/users\/1"}],"replies":[{"embeddable":true,"href":"https:\/\/www.sedigas.es\/informeanual\/2023\/wp-json\/wp\/v2\/comments?post=116"}],"version-history":[{"count":82,"href":"https:\/\/www.sedigas.es\/informeanual\/2023\/wp-json\/wp\/v2\/pages\/116\/revisions"}],"predecessor-version":[{"id":3544,"href":"https:\/\/www.sedigas.es\/informeanual\/2023\/wp-json\/wp\/v2\/pages\/116\/revisions\/3544"}],"wp:attachment":[{"href":"https:\/\/www.sedigas.es\/informeanual\/2023\/wp-json\/wp\/v2\/media?parent=116"}],"curies":[{"name":"wp","href":"https:\/\/api.w.org\/{rel}","templated":true}]}}