{"id":750,"date":"2015-02-13T10:07:46","date_gmt":"2015-02-13T09:07:46","guid":{"rendered":"http:\/\/www.sedigas.es\/informeanual\/2015\/?page_id=750"},"modified":"2023-06-17T11:36:33","modified_gmt":"2023-06-17T09:36:33","slug":"municipios","status":"publish","type":"page","link":"https:\/\/www.sedigas.es\/informeanual\/2022\/el-gas-en-espana\/expansion-del-sector\/municipios\/","title":{"rendered":"Municipios"},"content":{"rendered":"<div class=\"fusion-four-fifth fusion-layout-column fusion-column last spacing-yes\"><div class=\"fusion-column-wrapper\">\n<h2><strong>Un total de 1.814 municipios disfrutan de gas natural en Espa\u00f1a<\/strong><\/h2>\nEn la actualidad, hasta 1.813 municipios en Espa\u00f1a tienen acceso al suministro de gas natural. Es uno m\u00e1s que en 2021. La expansi\u00f3n residencial del sector contin\u00faa y, aunque ha ralentizado su ritmo en los \u00faltimos a\u00f1os, existe todav\u00eda un amplio potencial de crecimiento.<\/div><\/div><div class=\"fusion-clearfix\"><\/div><div class=\"fusion-sep-clear\"><\/div><div class=\"fusion-separator fusion-full-width-sep sep-single\" style=\"border-color:#00cc66;margin-top:10px;margin-bottom:10px;\"><\/div><div class=\"fusion-fullwidth fullwidth-box\" style=\"background-attachment:scroll;background-position:left top;background-repeat:no-repeat;-webkit-background-size:cover;-moz-background-size:cover;-o-background-size:cover;background-size:cover;border-color:#eae9e9;border-bottom-width: 0px;border-top-width: 0px;border-bottom-style: solid;border-top-style: solid;padding-bottom:20px;padding-left:0px;padding-right:0px;padding-top:20px;\"><div class=\"avada-row\">\n<h2 style=\"text-align: justify;\">Municipios con suministro de gas natural (2022)<\/h2>\n<div id=\"amchart1\" style=\"width: 100%; height: 300px;\"><\/div>\n<h6><span style=\"color: #00cc66;\"><em>Fuente: Sedigas<\/em><\/span><\/h6>\n<\/div><\/div><div class=\"fusion-one-half one_half fusion-layout-column fusion-column last spacing-yes\"><div class=\"fusion-column-wrapper\"><span style=\"color: #000000;\">Descarga la tabla:<\/span><div class=\"fusion-sep-clear\"><\/div><div class=\"fusion-separator fusion-full-width-sep sep-none\" style=\"border-color:#e0dede;margin-top:10px;\"><\/div><style type=\"text\/css\">#wrapper .fusion-button.button-1{text-shadow:none;-webkit-box-shadow:none;-moz-box-shadow:none;box-shadow: none;border-width:1px;color:#fff;border-color:#fff;}#wrapper .fusion-button.button-1:hover,.fusion-button.button-1:focus,.fusion-button.button-1:active{border-width:1px;border-color:#fff;color:#fff;}#wrapper .fusion-button.button-1{background: #00cc66;}#wrapper .fusion-button.button-1:hover,.button-1:focus,.fusion-button.button-1:active{background: #00cc66;}<\/style><a class=\"button small button custom fusion-button button-flat button-round button-small button-custom button-1 buttonshadow-no\" target=\"_self\" href=\"https:\/\/www.sedigas.es\/informeanual\/2022\/wp-content\/uploads\/2023\/06\/GES_EXPANSI\u00d3N-DEL-SECTOR_MUNICIPIOS-CON-GAS.xls\"><i class=\"fa fa-file-image-o button-icon-left\"><\/i><span class=\"fusion-button-text\">XLS<\/span><\/a><\/div><\/div><div class=\"fusion-clearfix\"><\/div>\n","protected":false},"excerpt":{"rendered":"","protected":false},"author":1,"featured_media":0,"parent":1305,"menu_order":0,"comment_status":"open","ping_status":"open","template":"","meta":{"footnotes":""},"class_list":["post-750","page","type-page","status-publish","hentry"],"_links":{"self":[{"href":"https:\/\/www.sedigas.es\/informeanual\/2022\/wp-json\/wp\/v2\/pages\/750","targetHints":{"allow":["GET"]}}],"collection":[{"href":"https:\/\/www.sedigas.es\/informeanual\/2022\/wp-json\/wp\/v2\/pages"}],"about":[{"href":"https:\/\/www.sedigas.es\/informeanual\/2022\/wp-json\/wp\/v2\/types\/page"}],"author":[{"embeddable":true,"href":"https:\/\/www.sedigas.es\/informeanual\/2022\/wp-json\/wp\/v2\/users\/1"}],"replies":[{"embeddable":true,"href":"https:\/\/www.sedigas.es\/informeanual\/2022\/wp-json\/wp\/v2\/comments?post=750"}],"version-history":[{"count":54,"href":"https:\/\/www.sedigas.es\/informeanual\/2022\/wp-json\/wp\/v2\/pages\/750\/revisions"}],"predecessor-version":[{"id":3451,"href":"https:\/\/www.sedigas.es\/informeanual\/2022\/wp-json\/wp\/v2\/pages\/750\/revisions\/3451"}],"up":[{"embeddable":true,"href":"https:\/\/www.sedigas.es\/informeanual\/2022\/wp-json\/wp\/v2\/pages\/1305"}],"wp:attachment":[{"href":"https:\/\/www.sedigas.es\/informeanual\/2022\/wp-json\/wp\/v2\/media?parent=750"}],"curies":[{"name":"wp","href":"https:\/\/api.w.org\/{rel}","templated":true}]}}