{"id":331,"date":"2015-01-29T14:31:10","date_gmt":"2015-01-29T13:31:10","guid":{"rendered":"http:\/\/www.sedigas.es\/informeanual\/2015\/?page_id=331"},"modified":"2023-06-19T15:47:29","modified_gmt":"2023-06-19T13:47:29","slug":"regasificacion","status":"publish","type":"page","link":"https:\/\/www.sedigas.es\/informeanual\/2022\/el-gas-en-espana\/infraestructuras\/regasificacion\/","title":{"rendered":"Regasificaci\u00f3n"},"content":{"rendered":"<div class=\"fusion-two-third two_third fusion-layout-column fusion-column spacing-yes\"><div class=\"fusion-column-wrapper\">\n<h2><strong>Espa\u00f1a, la regasificadora de Europa <\/strong><\/h2>\nEspa\u00f1a es el pa\u00eds de Europa con mayor n\u00famero de infraestructuras de GNL y capacidad de vaporizaci\u00f3n y almacenamiento de GNL, con seis plantas de regasificaci\u00f3n operativas, un total de 25 tanques de almacenamiento, ocho atraques y una capacidad de atraque para los buques metaneros de hasta 270.000 m3.<\/p>\n<p>En 2022, segundo a\u00f1o completo en el que ha estado vigente el modelo de tanque agrupado, las entradas desde las plantas de regasificaci\u00f3n al sistema aumentaron un 48% respecto a 2021. La actividad de regasificaci\u00f3n aumento en todas las instalaciones, pero especialmente en Sagunto (+116,2%), Cartagena (+73,7%) y Barcelona (+49,8%)<\/p>\n<p>La producci\u00f3n media diaria alcanz\u00f3 los 773 GWh\/d\u00eda, un 48% m\u00e1s respecto al a\u00f1o anterior, y la contrataci\u00f3n media fue de 859 GWh\/d\u00eda, un 53% superior a la de 2021. El uso medio de la capacidad de contrataci\u00f3n ascendi\u00f3 al 90%. En cuanto a la carga de cisternas, descendi\u00f3 un 26,4% y el promedio anual de existencias en tanques fue del 68%, llegando a alcanzarse el 92% en algunos momentos.<\/div><\/div><div class=\"fusion-one-third one_third fusion-layout-column fusion-column last spacing-yes\"><div class=\"fusion-column-wrapper\"><span class=\"fusion-imageframe imageframe imageframe-none imageframe-1\"> <img decoding=\"async\" src=\"https:\/\/www.sedigas.es\/informeanual\/2022\/wp-content\/uploads\/2023\/04\/slide03-1024x576.jpg\" alt=\"\" class=\"img-responsive\" \/><\/span>\n<h6 style=\"text-align: right;\">Planta regasificadora Bah\u00eda de Bizkaia<\/h6>\n<\/div><\/div><div class=\"fusion-clearfix\"><\/div><div class=\"accordian fusion-accordian\"><div class=\"panel-group\" id=\"accordion-1\"><div class=\"fusion-panel panel-default\"><div class=\"panel-heading\"><h4 class=\"panel-title toggle\"><a data-toggle=\"collapse\" data-parent=\"#accordion-1\" data-target=\"#8e74e7178ec1f94c8\" href=\"#8e74e7178ec1f94c8\"><i class=\"fa-fusion-box\"><\/i>La recarga de buques y la exportaci\u00f3n de GNL<\/a><\/h4><\/div><div id=\"8e74e7178ec1f94c8\" class=\"panel-collapse collapse \"><div class=\"panel-body toggle-content\">Uno de los aspectos m\u00e1s destacados del a\u00f1o ha sido el incremento de la carga de buques en las plantas de regasificaci\u00f3n nacionales, que aument\u00f3 un 45% respeto a 2021, con destino a pa\u00edses de nuestro entorno. De esta forma, el sistema gasista europeo ha contribuido a la seguridad de suministro de Europa.<\/p>\n<p>En total se realizaron 125 operaciones de recarga en las terminales espa\u00f1olas de GNL, siendo la planta de Sagunto la que oper\u00f3 un mayor volumen. Esta terminal realiz\u00f3 la carga de 167.000 m3 de GNL al <em>Hoegh Esperanza<\/em>, el primer buque que funciona en Alemania como planta flotante de almacenamiento y regasificaci\u00f3n o F<em>loating Storage and Regasification Unit<\/em> (FSRU, por sus siglas en ingl\u00e9s).<br \/>\n<\/div><\/div><\/div><\/div><\/div><div class=\"fusion-two-third two_third fusion-layout-column fusion-column last spacing-yes\"><div class=\"fusion-column-wrapper\">\n<h2>Caracter\u00edsticas t\u00e9cnicas de las plantas de regasificaci\u00f3n<\/h2>\n\n<table id=\"tablepress-37\" class=\"tablepress tablepress-id-37 alinearDerecha\">\n<thead>\n<tr class=\"row-1 odd\">\n\t<th class=\"column-1\">&nbsp;<\/th><th class=\"column-2\">&nbsp;<\/th><th colspan=\"2\" class=\"column-3\">Almacenamiento GNL<\/th><th class=\"column-5\">Capacidad<br \/>\ncarga<br \/>\ncisternas<\/th><th colspan=\"2\" class=\"column-6\">Atraques<\/th>\n<\/tr>\n<\/thead>\n<tbody class=\"row-hover\">\n<tr class=\"row-2 even\">\n\t<td class=\"column-1\">Planta de regasificaci\u00f3n<\/td><td class=\"column-2\">Capacidad m\u00e1xima vaporizaci\u00f3n (Nm3\/h)<\/td><td class=\"column-3\">N\u00famero tanques <\/td><td class=\"column-4\">m3 GNL <\/td><td class=\"column-5\">GWh\/dia <\/td><td class=\"column-6\">N\u00famero atraques <\/td><td class=\"column-7\">m3 GNL<\/td>\n<\/tr>\n<tr class=\"row-3 odd\">\n\t<td class=\"column-1\">Barcelona <\/td><td class=\"column-2\">1.950.000<\/td><td class=\"column-3\">6<\/td><td class=\"column-4\">760.000<\/td><td class=\"column-5\">15<\/td><td class=\"column-6\">2<\/td><td class=\"column-7\">266.000<\/td>\n<\/tr>\n<tr class=\"row-4 even\">\n\t<td class=\"column-1\">Huelva <\/td><td class=\"column-2\">1.350.000<\/td><td class=\"column-3\">5<\/td><td class=\"column-4\">619.500<\/td><td class=\"column-5\">15<\/td><td class=\"column-6\">1<\/td><td class=\"column-7\">175.000<\/td>\n<\/tr>\n<tr class=\"row-5 odd\">\n\t<td class=\"column-1\">Cartagena <\/td><td class=\"column-2\">1.350.000<\/td><td class=\"column-3\">5<\/td><td class=\"column-4\">587.000<\/td><td class=\"column-5\">15<\/td><td class=\"column-6\">2<\/td><td class=\"column-7\">266.000<\/td>\n<\/tr>\n<tr class=\"row-6 even\">\n\t<td class=\"column-1\">Bilbao <\/td><td class=\"column-2\">800.000<\/td><td class=\"column-3\">3<\/td><td class=\"column-4\">450.000<\/td><td class=\"column-5\">5<\/td><td class=\"column-6\">1<\/td><td class=\"column-7\">270.000<\/td>\n<\/tr>\n<tr class=\"row-7 odd\">\n\t<td class=\"column-1\">Sagunto <\/td><td class=\"column-2\">1.000.000<\/td><td class=\"column-3\">4<\/td><td class=\"column-4\">600.000<\/td><td class=\"column-5\">11<\/td><td class=\"column-6\">1<\/td><td class=\"column-7\">266.000<\/td>\n<\/tr>\n<tr class=\"row-8 even\">\n\t<td class=\"column-1\">Mugardos <\/td><td class=\"column-2\">412.800<\/td><td class=\"column-3\">2<\/td><td class=\"column-4\">300.000<\/td><td class=\"column-5\">11<\/td><td class=\"column-6\">1<\/td><td class=\"column-7\">266.000<\/td>\n<\/tr>\n<tr class=\"row-9 odd\">\n\t<td class=\"column-1\">Total <\/td><td class=\"column-2\">6.862.800<\/td><td class=\"column-3\">25<\/td><td class=\"column-4\">3.316.500<\/td><td class=\"column-5\">71<\/td><td class=\"column-6\">8<\/td><td class=\"column-7\">Hasta 270.000<\/td>\n<\/tr>\n<\/tbody>\n<\/table>\n<!-- #tablepress-37 from cache -->\n<h6><span style=\"color: #00cc66;\"><em>Fuente:\u00a0Enag\u00e1s.<\/em><\/span><\/h6>\n<span style=\"color: #000000;\">Descarga la tabla:<\/span><div class=\"fusion-sep-clear\"><\/div><div class=\"fusion-separator fusion-full-width-sep sep-none\" style=\"border-color:#e0dede;margin-top:10px;\"><\/div><style type=\"text\/css\">#wrapper .fusion-button.button-1{text-shadow:none;-webkit-box-shadow:none;-moz-box-shadow:none;box-shadow: none;border-width:1px;color:#fff;border-color:#fff;}#wrapper .fusion-button.button-1:hover,.fusion-button.button-1:focus,.fusion-button.button-1:active{border-width:1px;border-color:#fff;color:#fff;}#wrapper .fusion-button.button-1{background: #00cc66;}#wrapper .fusion-button.button-1:hover,.button-1:focus,.fusion-button.button-1:active{background: #00cc66;}<\/style><a class=\"button small button custom fusion-button button-flat button-round button-small button-custom button-1 buttonshadow-no\" target=\"_self\" href=\"https:\/\/www.sedigas.es\/informeanual\/2022\/wp-content\/uploads\/2023\/06\/Caracter\u00edsticas-t\u00e9cnicas-de-las-plantas-de-regasificaci\u00f3n.xlsx\"><i class=\"fa fa-file-excel-o button-icon-left\"><\/i><span class=\"fusion-button-text\">XLS<\/span><\/a><\/div><\/div><div class=\"fusion-clearfix\"><\/div>\n","protected":false},"excerpt":{"rendered":"","protected":false},"author":1,"featured_media":0,"parent":1302,"menu_order":0,"comment_status":"open","ping_status":"open","template":"","meta":{"footnotes":""},"class_list":["post-331","page","type-page","status-publish","hentry"],"_links":{"self":[{"href":"https:\/\/www.sedigas.es\/informeanual\/2022\/wp-json\/wp\/v2\/pages\/331","targetHints":{"allow":["GET"]}}],"collection":[{"href":"https:\/\/www.sedigas.es\/informeanual\/2022\/wp-json\/wp\/v2\/pages"}],"about":[{"href":"https:\/\/www.sedigas.es\/informeanual\/2022\/wp-json\/wp\/v2\/types\/page"}],"author":[{"embeddable":true,"href":"https:\/\/www.sedigas.es\/informeanual\/2022\/wp-json\/wp\/v2\/users\/1"}],"replies":[{"embeddable":true,"href":"https:\/\/www.sedigas.es\/informeanual\/2022\/wp-json\/wp\/v2\/comments?post=331"}],"version-history":[{"count":110,"href":"https:\/\/www.sedigas.es\/informeanual\/2022\/wp-json\/wp\/v2\/pages\/331\/revisions"}],"predecessor-version":[{"id":3497,"href":"https:\/\/www.sedigas.es\/informeanual\/2022\/wp-json\/wp\/v2\/pages\/331\/revisions\/3497"}],"up":[{"embeddable":true,"href":"https:\/\/www.sedigas.es\/informeanual\/2022\/wp-json\/wp\/v2\/pages\/1302"}],"wp:attachment":[{"href":"https:\/\/www.sedigas.es\/informeanual\/2022\/wp-json\/wp\/v2\/media?parent=331"}],"curies":[{"name":"wp","href":"https:\/\/api.w.org\/{rel}","templated":true}]}}