{"id":3177,"date":"2022-05-16T16:01:59","date_gmt":"2022-05-16T14:01:59","guid":{"rendered":"https:\/\/www.sedigas.es\/informeanual\/2022\/?page_id=3177"},"modified":"2023-06-17T11:28:19","modified_gmt":"2023-06-17T09:28:19","slug":"red-de-transporte","status":"publish","type":"page","link":"https:\/\/www.sedigas.es\/informeanual\/2022\/el-gas-en-espana\/infraestructuras\/red-de-transporte\/","title":{"rendered":"Red de transporte"},"content":{"rendered":"\n<h2><strong>La red b\u00e1sica del sistema cuenta con 13.361 km de gasoductos<\/strong><\/h2>\nLa red b\u00e1sica de transporte del sistema espa\u00f1ol mantuvo su extensi\u00f3n en relaci\u00f3n a la del a\u00f1o anterior. A finales de 2022, contaba con 11.369 km de gasoductos de transporte primario, y un total de 13.361 km, incluyendo los secundarios.<\/p>\n<p>La red de gasoductos cuenta con diecinueve estaciones de compresi\u00f3n, as\u00ed como centros de transporte, estaciones de regulaci\u00f3n y medida y puntos de conexi\u00f3n a la red. Permiten la correcta distribuci\u00f3n primaria del gas por todo el territorio nacional y garantizar la seguridad de suministro de gas natural incluso en situaciones de punta de demanda.<div class=\"fusion-fullwidth fullwidth-box\" style=\"background-attachment:scroll;background-position:left top;background-repeat:no-repeat;-webkit-background-size:cover;-moz-background-size:cover;-o-background-size:cover;background-size:cover;border-color:#eae9e9;border-bottom-width: 0px;border-top-width: 0px;border-bottom-style: solid;border-top-style: solid;padding-bottom:20px;padding-left:0px;padding-right:0px;padding-top:20px;\"><div class=\"avada-row\"><span class=\"fusion-imageframe imageframe imageframe-none imageframe-1\"> <img decoding=\"async\" src=\"https:\/\/www.sedigas.es\/informeanual\/2022\/wp-content\/uploads\/2022\/05\/Mapa-Infraestructuras-2022_V2-1024x1017.png\" alt=\"Mapa Infraestructuras 2022_V2\" class=\"img-responsive\" \/><\/span><\/div><\/div><div class=\"fusion-one-half one_half fusion-layout-column fusion-column last spacing-yes\"><div class=\"fusion-column-wrapper\"><\/div><\/div><div class=\"fusion-clearfix\"><\/div>\n","protected":false},"excerpt":{"rendered":"","protected":false},"author":1,"featured_media":0,"parent":1302,"menu_order":0,"comment_status":"open","ping_status":"open","template":"","meta":{"footnotes":""},"class_list":["post-3177","page","type-page","status-publish","hentry"],"_links":{"self":[{"href":"https:\/\/www.sedigas.es\/informeanual\/2022\/wp-json\/wp\/v2\/pages\/3177","targetHints":{"allow":["GET"]}}],"collection":[{"href":"https:\/\/www.sedigas.es\/informeanual\/2022\/wp-json\/wp\/v2\/pages"}],"about":[{"href":"https:\/\/www.sedigas.es\/informeanual\/2022\/wp-json\/wp\/v2\/types\/page"}],"author":[{"embeddable":true,"href":"https:\/\/www.sedigas.es\/informeanual\/2022\/wp-json\/wp\/v2\/users\/1"}],"replies":[{"embeddable":true,"href":"https:\/\/www.sedigas.es\/informeanual\/2022\/wp-json\/wp\/v2\/comments?post=3177"}],"version-history":[{"count":9,"href":"https:\/\/www.sedigas.es\/informeanual\/2022\/wp-json\/wp\/v2\/pages\/3177\/revisions"}],"predecessor-version":[{"id":3447,"href":"https:\/\/www.sedigas.es\/informeanual\/2022\/wp-json\/wp\/v2\/pages\/3177\/revisions\/3447"}],"up":[{"embeddable":true,"href":"https:\/\/www.sedigas.es\/informeanual\/2022\/wp-json\/wp\/v2\/pages\/1302"}],"wp:attachment":[{"href":"https:\/\/www.sedigas.es\/informeanual\/2022\/wp-json\/wp\/v2\/media?parent=3177"}],"curies":[{"name":"wp","href":"https:\/\/api.w.org\/{rel}","templated":true}]}}