{"id":274,"date":"2015-01-27T07:44:57","date_gmt":"2015-01-27T06:44:57","guid":{"rendered":"http:\/\/www.sedigas.es\/informeanual\/2015\/?page_id=274"},"modified":"2023-06-20T16:08:16","modified_gmt":"2023-06-20T14:08:16","slug":"demanda","status":"publish","type":"page","link":"https:\/\/www.sedigas.es\/informeanual\/2022\/demanda\/","title":{"rendered":"Demanda"},"content":{"rendered":"<div class=\"fusion-fullwidth fullwidth-box\" style=\"background-attachment:scroll;background-position:left top;background-repeat:no-repeat;-webkit-background-size:cover;-moz-background-size:cover;-o-background-size:cover;background-size:cover;border-color:#eae9e9;border-bottom-width: 0px;border-top-width: 0px;border-bottom-style: solid;border-top-style: solid;padding-bottom:20px;padding-left:0px;padding-right:0px;padding-top:20px;\"><div class=\"avada-row\"><div class=\"fusion-two-third two_third fusion-layout-column fusion-column spacing-yes\"><div class=\"fusion-column-wrapper\">\n<h2><strong>La demanda de gas en Espa\u00f1a se reduce un 3,7%<\/strong><\/h2>\nEn 2022 la demanda de gas en Espa\u00f1a se redujo un 3,7% respecto al a\u00f1o anterior, alcanzando los 364,4 TWh. Este es el registro m\u00e1s alto desde 2011 y evit\u00f3 la emisi\u00f3n de 25,2 millones de toneladas de CO2 a la atm\u00f3sfera.<\/p>\n<p>Esa reducci\u00f3n estuvo motivada principalmente por una menor demanda convencional, la del sector dom\u00e9stico-residencial, comercios e industria, que registr\u00f3 una ca\u00edda del 21,4% que se vio compensada en parte por el aumento de la demanda de gas para la generaci\u00f3n el\u00e9ctrica (52,7%) en las plantas de ciclo combinado.<\/p>\n<p>La demanda total diaria alcanz\u00f3 su m\u00e1ximo registro el 18 de enero, con 1.803 GWh\/d\u00eda, mientras que la convencional lo hizo el 17 de enero con 1.125 GWh\/d\u00eda. Catalu\u00f1a, Andaluc\u00eda, Comunidad Valenciana y Pa\u00eds Vasco fueron las comunidades aut\u00f3nomas con mayores consumos de gas natural, sumando entre ellas m\u00e1s de la mitad del consumo total de gas natural en Espa\u00f1a.<\/p>\n<p>En comparaci\u00f3n con otros pa\u00edses, el descenso de la demanda de gas en Espa\u00f1a (4%) fue inferior al registrado en Reino Unido (10%), Francia (9%) e Italia (8%), y superior a la de Portugal (3%)<\/p>\n<h3><strong>Demanda convencional: hogares, comercio e industria<\/strong><\/h3>\n<p>Por sectores, la demanda convencional registr\u00f3 un descenso del 21,4% alcanzando los 226,4 TWh, provocado por un fuerte descenso del consumo industrial (23,3%) que alcanz\u00f3 los 163,4 TWh, 49,7 TWh menos respecto a 2021.<\/p>\n<p>Este notable descenso se produjo en todos los sectores, siendo el m\u00e1s afectado el refino, con un descenso del 40,96%, seguido de la electricidad (29,5%) y el textil (24,72%). Los sectores de mayor consumo fueron por este orden el refino (23 TWh), la industria qu\u00edmica\/farmac\u00e9utica (22,1 TWh) y la construcci\u00f3n (21,5 TWh).<\/p>\n<p>La demanda del sector dom\u00e9stico-comercial y pymes, por su parte, disminuy\u00f3 un 13,5% (se redujo en 8,2 TWh), debido principalmente a unas temperaturas m\u00e1s c\u00e1lidas de lo habitual.<\/p>\n<p>El consumo de\u00a0cisternas de GNL descendi\u00f3 un 26,4%, pasando de 14,4 TWh en 2021 a 10,7 TWh en 2022 (37.197 cisternas cargadas). Barcelona, Huelva y Cartagena han sido las plantas con mayor actividad de carga de cisternas de GNL, que adem\u00e1s de llevar esa energ\u00eda a las plantas sat\u00e9lites localizadas en Espa\u00f1a tambi\u00e9n llegaron hasta 35 destinos ubicados en el extranjero.<\/p>\n<h3><strong>Demanda para generaci\u00f3n el\u00e9ctrica <\/strong><\/h3>\n<p>La demanda para generaci\u00f3n el\u00e9ctrica aument\u00f3 un 52,7% hasta alcanzar los 138 TWh, la cifra m\u00e1s alta desde 2010, como resultado de una baja generaci\u00f3n hidr\u00e1ulica, el descenso de la actividad de la cogeneraci\u00f3n y las altas exportaciones de electricidad. El 13 de julio se registr\u00f3 el r\u00e9cord hist\u00f3rico de demanda para generaci\u00f3n el\u00e9ctrica: 804 GWh\/d\u00eda.<\/p>\n<p>En este sentido, hay que destacar el papel de los ciclos combinados, actuando como energ\u00eda firme de respaldo a las renovables, supliendo la menor contribuci\u00f3n de la generaci\u00f3n el\u00e9ctrica de la hidr\u00e1ulica y garantizando con su flexibilidad y eficiencia el suministro el\u00e9ctrico a hogares e industrias. El gas natural fue, de hecho, la principal tecnolog\u00eda de generaci\u00f3n el\u00e9ctrica de nuestro pa\u00eds con casi un 25% de la cobertura total (68.137 GWh).<\/p>\n<p>Seg\u00fan datos de REE, la demanda de energ\u00eda el\u00e9ctrica en Espa\u00f1a se redujo un 2,9% en 2022 respecto al a\u00f1o anterior. Adem\u00e1s, se produjo un importante aumento de la exportaci\u00f3n de electricidad, que alcanz\u00f3 los 19,8 TWh, cuando nuestro pa\u00eds hab\u00eda hist\u00f3ricamente un importador neto de electricidad.<\/div><\/div><div class=\"fusion-one-third one_third fusion-layout-column fusion-column last spacing-yes\"><div class=\"fusion-column-wrapper\"><span class=\"fusion-imageframe imageframe imageframe-none imageframe-1\"> <img decoding=\"async\" src=\"https:\/\/www.sedigas.es\/informeanual\/2022\/wp-content\/uploads\/2015\/01\/Central-de-ciclo-combinado-del-Puerto-de-Barcelona.jpg\" alt=\"\" class=\"img-responsive\" \/><\/span>\n<h6 style=\"text-align: right;\"><span style=\"color: #000000;\">Central de Ciclo Combinado del Puerto de Barcelona<\/span><\/h6>\n<\/div><\/div><div class=\"fusion-clearfix\"><\/div><\/div><\/div><div class=\"fusion-sep-clear\"><\/div><div class=\"fusion-separator fusion-full-width-sep sep-single\" style=\"border-color:#00cc66;margin-top:10px;margin-bottom:10px;\"><\/div><div class=\"fusion-fullwidth fullwidth-box\" style=\"background-attachment:scroll;background-position:left top;background-repeat:no-repeat;-webkit-background-size:cover;-moz-background-size:cover;-o-background-size:cover;background-size:cover;border-color:#eae9e9;border-bottom-width: 0px;border-top-width: 0px;border-bottom-style: solid;border-top-style: solid;padding-bottom:20px;padding-left:0px;padding-right:0px;padding-top:20px;\"><div class=\"avada-row\"><div class=\"fusion-one-third one_third fusion-layout-column fusion-column spacing-yes\"><div class=\"fusion-column-wrapper\">\n<h2 style=\"text-align: left;\"><\/h2>\n<h2 style=\"text-align: left;\">Distribuci\u00f3n de la demanda por sectores (2022)<\/h2>\n<\/div><\/div><div class=\"fusion-two-third two_third fusion-layout-column fusion-column last spacing-yes\"><div class=\"fusion-column-wrapper\"><div id=\"chartdiv\" style=\"width: 100%; height: 500px;\"><\/div>\r\n<style>\r\n  svg g[role=region] + g > g > g[aria-labelledby=id-66-title] {\r\n    display: none;\r\n  }\r\n<\/style><\/div><\/div><div class=\"fusion-clearfix\"><\/div><div class=\"fusion-sep-clear\"><\/div><div class=\"fusion-separator fusion-full-width-sep sep-single\" style=\"border-color:#00cc66;margin-top:10px;margin-bottom:10px;\"><\/div><\/div><\/div><div class=\"fusion-fullwidth fullwidth-box\" style=\"background-attachment:scroll;background-position:left top;background-repeat:no-repeat;-webkit-background-size:cover;-moz-background-size:cover;-o-background-size:cover;background-size:cover;border-color:#eae9e9;border-bottom-width: 0px;border-top-width: 0px;border-bottom-style: solid;border-top-style: solid;padding-bottom:20px;padding-left:0px;padding-right:0px;padding-top:20px;\"><div class=\"avada-row\"><div class=\"fusion-five-sixth fusion-layout-column fusion-column last spacing-yes\"><div class=\"fusion-column-wrapper\">\n<h2 style=\"text-align: left;\">Demanda de gas natural en Espa\u00f1a (GWh)<\/h2>\n\n<table id=\"tablepress-34\" class=\"tablepress tablepress-id-34 alinearDerecha\">\n<thead>\n<tr class=\"row-1 odd\">\n\t<th class=\"column-1\">Mercado<\/th><th class=\"column-2\">2021<\/th><th class=\"column-3\">2022<\/th><th class=\"column-4\">Variaci\u00f3n<\/th>\n<\/tr>\n<\/thead>\n<tbody class=\"row-hover\">\n<tr class=\"row-2 even\">\n\t<td class=\"column-1\">Dom\u00e9stico \/ Comercial<\/td><td class=\"column-2\">63.330<\/td><td class=\"column-3\">54.810<\/td><td class=\"column-4\">-13,45%<\/td>\n<\/tr>\n<tr class=\"row-3 odd\">\n\t<td class=\"column-1\">Industrial<\/td><td class=\"column-2\">224.700<\/td><td class=\"column-3\">171.550<\/td><td class=\"column-4\">-23,65%<\/td>\n<\/tr>\n<tr class=\"row-4 even\">\n\t<td class=\"column-1\">Centrales el\u00e9ctricas<\/td><td class=\"column-2\">90.400<\/td><td class=\"column-3\">138.006<\/td><td class=\"column-4\">52,66%<\/td>\n<\/tr>\n<tr class=\"row-5 odd\">\n\t<td class=\"column-1\">TOTAL<\/td><td class=\"column-2\">378.430<\/td><td class=\"column-3\">364.366<\/td><td class=\"column-4\">-3,72%<\/td>\n<\/tr>\n<\/tbody>\n<\/table>\n<!-- #tablepress-34 from cache --><\/div><\/div><div class=\"fusion-clearfix\"><\/div><\/div><\/div><div class=\"fusion-sep-clear\"><\/div><div class=\"fusion-separator fusion-full-width-sep sep-none\" style=\"border-color:#e0dede;margin-top:10px;margin-bottom:10px;\"><\/div><div class=\"fusion-one-half one_half fusion-layout-column fusion-column last spacing-yes\"><div class=\"fusion-column-wrapper\"><span style=\"color: #000000;\">Descarga la tabla:<\/span><div class=\"fusion-sep-clear\"><\/div><div class=\"fusion-separator fusion-full-width-sep sep-none\" style=\"border-color:#e0dede;margin-top:10px;\"><\/div><style type=\"text\/css\">#wrapper .fusion-button.button-1{text-shadow:none;-webkit-box-shadow:none;-moz-box-shadow:none;box-shadow: none;border-width:1px;color:#fff;border-color:#fff;}#wrapper .fusion-button.button-1:hover,.fusion-button.button-1:focus,.fusion-button.button-1:active{border-width:1px;border-color:#fff;color:#fff;}#wrapper .fusion-button.button-1{background: #00cc66;}#wrapper .fusion-button.button-1:hover,.button-1:focus,.fusion-button.button-1:active{background: #00cc66;}<\/style><a class=\"button small button custom fusion-button button-flat button-round button-small button-custom button-1 buttonshadow-no\" target=\"_self\" href=\"https:\/\/www.sedigas.es\/informeanual\/2022\/wp-content\/uploads\/2023\/06\/Demanda-2022.xlsx\"><i class=\"fa fa-file-excel-o button-icon-left\"><\/i><span class=\"fusion-button-text\">XLS<\/span><\/a><\/div><\/div><div class=\"fusion-clearfix\"><\/div><div class=\"fusion-sep-clear\"><\/div><div class=\"fusion-separator fusion-full-width-sep sep-single\" style=\"border-color:#00cc66;margin-top:10px;margin-bottom:10px;\"><\/div><div class=\"fusion-two-third two_third fusion-layout-column fusion-column last spacing-yes\"><div class=\"fusion-column-wrapper\"><\/div><\/div><div class=\"fusion-clearfix\"><\/div>\n","protected":false},"excerpt":{"rendered":"","protected":false},"author":1,"featured_media":0,"parent":0,"menu_order":0,"comment_status":"open","ping_status":"closed","template":"","meta":{"footnotes":""},"class_list":["post-274","page","type-page","status-publish","hentry"],"_links":{"self":[{"href":"https:\/\/www.sedigas.es\/informeanual\/2022\/wp-json\/wp\/v2\/pages\/274","targetHints":{"allow":["GET"]}}],"collection":[{"href":"https:\/\/www.sedigas.es\/informeanual\/2022\/wp-json\/wp\/v2\/pages"}],"about":[{"href":"https:\/\/www.sedigas.es\/informeanual\/2022\/wp-json\/wp\/v2\/types\/page"}],"author":[{"embeddable":true,"href":"https:\/\/www.sedigas.es\/informeanual\/2022\/wp-json\/wp\/v2\/users\/1"}],"replies":[{"embeddable":true,"href":"https:\/\/www.sedigas.es\/informeanual\/2022\/wp-json\/wp\/v2\/comments?post=274"}],"version-history":[{"count":120,"href":"https:\/\/www.sedigas.es\/informeanual\/2022\/wp-json\/wp\/v2\/pages\/274\/revisions"}],"predecessor-version":[{"id":3508,"href":"https:\/\/www.sedigas.es\/informeanual\/2022\/wp-json\/wp\/v2\/pages\/274\/revisions\/3508"}],"wp:attachment":[{"href":"https:\/\/www.sedigas.es\/informeanual\/2022\/wp-json\/wp\/v2\/media?parent=274"}],"curies":[{"name":"wp","href":"https:\/\/api.w.org\/{rel}","templated":true}]}}