{"id":2523,"date":"2020-01-30T15:31:31","date_gmt":"2020-01-30T14:31:31","guid":{"rendered":"https:\/\/www.sedigas.es\/informeanual\/2019\/?page_id=2523"},"modified":"2023-06-17T11:51:07","modified_gmt":"2023-06-17T09:51:07","slug":"tarifa-tur","status":"publish","type":"page","link":"https:\/\/www.sedigas.es\/informeanual\/2022\/el-gas-en-espana\/tarifa-tur\/","title":{"rendered":"Tarifa TUR"},"content":{"rendered":"<div class=\"fusion-two-third two_third fusion-layout-column fusion-column spacing-yes\"><div class=\"fusion-column-wrapper\">\n<h2><strong>Durante todo el\u00a02022 se mantuvo un l\u00edmite de incremento del 15% del coste de la materia prima aplicable a la tarifa regulada<\/strong><\/h2>\nEl Real Decreto-ley 17\/2021, aprobado en septiembre de 2021, limit\u00f3 el impacto del incremento de coste de la materia prima en la f\u00f3rmula de c\u00e1lculo de la TUR al 15% para mitigar el incremento del coste a hogares y pymes. Una limitaci\u00f3n que se mantuvo durante 2022 y que, seg\u00fan el Ministerio para la Transici\u00f3n Ecol\u00f3gica, supuso un ahorro de 117 euros al a\u00f1o para un cliente medio con la TUR 1, 272 euros al a\u00f1o para uno de la TUR 2 y 885 euros al a\u00f1o para uno de la TUR 3.<\/p>\n<p>La <strong>TUR<\/strong> es una tarifa que pueden contratar los consumidores conectados a las redes de gas natural de baja presi\u00f3n con un consumo anual inferior a 50.000 kWh; a finales de 2022 hab\u00eda unos 2,5 millones de hogares y pymes acogidos a ella.<\/p>\n<p>La tarifa TUR se divide en tres categor\u00edas diferenciadas atendiendo al consumo medio anual: TUR 1 (hasta 5.000 kWh al a\u00f1o), TUR 2 (hasta 15.000 kWh al a\u00f1o) y TUR 3 (hasta 50.000 kWh al a\u00f1o).<\/p>\n<h3><strong>Nueva tarifa TUR para comunidades<\/strong><\/h3>\n<p>El Real Decreto-ley 18\/2022, publicado en octubre de 2022, ampli\u00f3 la aplicaci\u00f3n de la tarifa TUR a las comunidades de propietarios y empresas de servicios energ\u00e9ticos que les prestan servicio. Unos\u00a05.000 puntos de suministros de esta naturaleza se acogieron a esa tarifa regulada comunitaria.<\/p>\n<p>La TUR de gas natural se revisa trimestralmente, el d\u00eda 1 de los meses de enero, abril, julio y octubre de cada a\u00f1o, produci\u00e9ndose su actualizaci\u00f3n siempre que el coste de la materia prima incluido en dicha tarifa experimente una variaci\u00f3n al alza o a la baja superior al 2% respecto al coste de la materia prima de la tarifa en vigor o en cualquier caso cuando entren en vigor nuevos peajes o c\u00e1nones.<\/div><\/div><div class=\"fusion-one-third one_third fusion-layout-column fusion-column last spacing-yes\"><div class=\"fusion-column-wrapper\"><span class=\"fusion-imageframe imageframe imageframe-none imageframe-1\"> <img decoding=\"async\" src=\"https:\/\/www.sedigas.es\/informeanual\/2022\/wp-content\/uploads\/2020\/01\/Tarifa-TUR-Informe-sistema-gasista.jpg\" alt=\"Informe Sistema gasista espa\u00f1ol\" class=\"img-responsive\" \/><\/span>\n<h6 style=\"text-align: right;\">La TUR de gas natural se revisa trimestralmente el d\u00eda 1 de los meses de enero, abril, julio y octubre de cada a\u00f1o<\/h6>\n<\/div><\/div><div class=\"fusion-clearfix\"><\/div><div class=\"fusion-three-fourth three_fourth fusion-layout-column fusion-column last spacing-yes\"><div class=\"fusion-column-wrapper\">\n<h2>Evoluci\u00f3n del coste de gas natural para consumidores tipo seg\u00fan TUR (*), incluido impuestos (ct\u20ac\/kWh)<\/h2>\n<\/div><\/div><div class=\"fusion-clearfix\"><\/div><div id=\"amchart1\" style=\"width: 100%; height: 300px;\"><\/div>\n<h6>(*)\u00a0IVA (16 % hasta\u00a0 julio 2010, 18 % a partir de julio 2010 y 21 % desde septiembre de 2012) e impuesto especial desde enero de 2013\u00a0 incluidos<\/h6>\n<h6><span style=\"color: #00cc66;\"><em>Fuente: Sedigas<\/em><\/span><\/h6>\n<div class=\"fusion-sep-clear\"><\/div><div class=\"fusion-separator fusion-full-width-sep sep-none\" style=\"border-color:#e0dede;margin-top:10px;margin-bottom:10px;\"><\/div><div class=\"fusion-one-half one_half fusion-layout-column fusion-column last spacing-yes\"><div class=\"fusion-column-wrapper\"><span style=\"color: #000000;\">Descarga la gr\u00e1fica:<\/span><div class=\"fusion-sep-clear\"><\/div><div class=\"fusion-separator fusion-full-width-sep sep-none\" style=\"border-color:#e0dede;margin-top:10px;\"><\/div><style type=\"text\/css\">#wrapper .fusion-button.button-1{text-shadow:none;-webkit-box-shadow:none;-moz-box-shadow:none;box-shadow: none;border-width:1px;color:#fff;border-color:#fff;}#wrapper .fusion-button.button-1:hover,.fusion-button.button-1:focus,.fusion-button.button-1:active{border-width:1px;border-color:#fff;color:#fff;}#wrapper .fusion-button.button-1{background: #00cc66;}#wrapper .fusion-button.button-1:hover,.button-1:focus,.fusion-button.button-1:active{background: #00cc66;}<\/style><a class=\"button small button custom fusion-button button-flat button-round button-small button-custom button-1 buttonshadow-no\" target=\"_self\" href=\"https:\/\/www.sedigas.es\/informeanual\/2020\/wp-content\/uploads\/2021\/03\/GES_Grafico-TUR.xlsx\"><span class=\"fusion-button-text\">XLS<\/span><\/a><\/div><\/div><div class=\"fusion-clearfix\"><\/div>\n","protected":false},"excerpt":{"rendered":"","protected":false},"author":1,"featured_media":0,"parent":1263,"menu_order":0,"comment_status":"open","ping_status":"open","template":"","meta":{"footnotes":""},"class_list":["post-2523","page","type-page","status-publish","hentry"],"_links":{"self":[{"href":"https:\/\/www.sedigas.es\/informeanual\/2022\/wp-json\/wp\/v2\/pages\/2523","targetHints":{"allow":["GET"]}}],"collection":[{"href":"https:\/\/www.sedigas.es\/informeanual\/2022\/wp-json\/wp\/v2\/pages"}],"about":[{"href":"https:\/\/www.sedigas.es\/informeanual\/2022\/wp-json\/wp\/v2\/types\/page"}],"author":[{"embeddable":true,"href":"https:\/\/www.sedigas.es\/informeanual\/2022\/wp-json\/wp\/v2\/users\/1"}],"replies":[{"embeddable":true,"href":"https:\/\/www.sedigas.es\/informeanual\/2022\/wp-json\/wp\/v2\/comments?post=2523"}],"version-history":[{"count":29,"href":"https:\/\/www.sedigas.es\/informeanual\/2022\/wp-json\/wp\/v2\/pages\/2523\/revisions"}],"predecessor-version":[{"id":3461,"href":"https:\/\/www.sedigas.es\/informeanual\/2022\/wp-json\/wp\/v2\/pages\/2523\/revisions\/3461"}],"up":[{"embeddable":true,"href":"https:\/\/www.sedigas.es\/informeanual\/2022\/wp-json\/wp\/v2\/pages\/1263"}],"wp:attachment":[{"href":"https:\/\/www.sedigas.es\/informeanual\/2022\/wp-json\/wp\/v2\/media?parent=2523"}],"curies":[{"name":"wp","href":"https:\/\/api.w.org\/{rel}","templated":true}]}}