{"id":2256,"date":"2019-01-12T16:56:52","date_gmt":"2019-01-12T15:56:52","guid":{"rendered":"http:\/\/www.sedigas.es\/informeanual\/2018\/?page_id=2256"},"modified":"2023-06-17T12:59:31","modified_gmt":"2023-06-17T10:59:31","slug":"desarrollo","status":"publish","type":"page","link":"https:\/\/www.sedigas.es\/informeanual\/2022\/gas-renovable\/desarrollo\/","title":{"rendered":"Desarrollo"},"content":{"rendered":"<div class=\"fusion-one-half one_half fusion-layout-column fusion-column spacing-yes\"><div class=\"fusion-column-wrapper\">\n<h2><strong>Desarrollo del biog\u00e1s y biometano en Espa\u00f1a<\/strong><\/h2>\n<p>El 2022 cerr\u00f3 con 210 plantas de biog\u00e1s operativas, 64 m\u00e1s que en 2021, con una capacidad total de producci\u00f3n de 836 MWh, seg\u00fan datos de la\u00a0<strong>Asociaci\u00f3n Espa\u00f1ola de Biog\u00e1s (AEBIG)<\/strong> y la <strong>European Biogas Association (EBA)<\/strong>. Las plantas que utilizan como materia prima principal los lodos de depuradora son las m\u00e1s numerosas (80 plantas), seguidas de las de base agr\u00edcola (53 plantas), los residuos de vertedero (40 plantas) y otras tipolog\u00edas (40 plantas).<\/p>\n<p>En cuanto al biometano, en 2022 exist\u00edan un total de cinco plantas activas que inyectaron a la red de transporte y de distribuci\u00f3n de gas 175,7 GWh, un 67,4% m\u00e1s que en 2021 seg\u00fan datos de Enag\u00e1s. Una cifra muy baja comparada con pa\u00edses de nuestro entorno como Francia, con 71 plantas y 2.374 GWh o Alemania con 238 plantas y 12.753 GWh de capacidad de producci\u00f3n y que contrasta con el potencial de nuestro pa\u00eds para producir este gas renovable.<\/p>\n<p>No obstante, los proyectos no dejaron de salir en 2022. Es el caso de la planta de biometano de la granja<strong>\u00a0Torre Santamar\u00eda (Lleida)<\/strong>, que comenz\u00f3 a inyectar biometano en la red de distribuci\u00f3n de <strong>Nedgia<\/strong> en febrero.<\/p>\n<p>Entre los hitos de 2022 tambi\u00e9n destaca el primer aniversario de la primera inyecci\u00f3n de biometano de <strong>la Planta UNUE <\/strong>(de <strong>Enag\u00e1s Renovable\u00a0<\/strong>y <strong>Suma Capital<\/strong>), en Burgos, con inyecciones superiores a los 5.200 Nm3\/d de biometano. Se trata de la primera inyecci\u00f3n de biometano a red por iniciativa privada.<\/p>\n<p>Otro hecho destacado es la ampliaci\u00f3n de la <strong>Planta de Tratamiento de Biog\u00e1s de Valdeming\u00f3mez<\/strong> (Madrid) que permite inyectar un 80% m\u00e1s de biometano en la red gasista, pasando de los 100 GWh (gigawatios hora) anuales de energ\u00eda t\u00e9rmica inyectada a la red hasta los 180 GW.<\/p>\n<h3><strong>Nuevos proyectos <\/strong><\/h3>\n<p>Adem\u00e1s, se anunciaron otros muchos proyectos de producci\u00f3n de biometano como el de Biogastd Arag\u00f3n, que invertir\u00e1 12 millones en una planta para producir biometano con gallinaza en la localidad zaragozana de La Almunia; el de <strong>Enag\u00e1s Renovable<\/strong> \u2500filial del Enag\u00e1s\u2500, la ingenier\u00eda energ\u00e9tica <strong>Genia Global Energy<\/strong> y la compa\u00f1\u00eda de gesti\u00f3n de residuos Grupo Valora, que han desarrollado un proyecto para impulsar la creaci\u00f3n de una planta de producci\u00f3n de biometano en Jabalquinto (Ja\u00e9n).<\/p>\n<p>Otro proyecto anunciado es <strong>BioVO,<\/strong> impulsado por el Consorcio para la Gesti\u00f3n de los Residuos del Vall\u00e8s Oriental y el Consorcio Bes\u00f2s Tordera, que tiene por objetivo la generaci\u00f3n de biometano, a partir del aprovechamiento de parte del biog\u00e1s que se genera en los procesos de tratamiento en la Planta de Digesti\u00f3n Anaer\u00f3bica y de Compostaje del Consorcio para la Gesti\u00f3n de los Residuos del Vall\u00e8s Oriental y en la Estaci\u00f3n Depuradora de Aguas Residuales (EDAR) Granollers del Consorcio Bes\u00f2s Tordera.<\/p>\n<p><strong>Waga Energy<\/strong>, <strong>Prezero<\/strong>\u00a0y <strong>Nedgia<\/strong> tambi\u00e9n est\u00e1n desarrollando un proyecto a gran escala de inyecci\u00f3n de biometano en la red, en el dep\u00f3sito controlado de Can Mata. Se trata del primer proyecto de inyecci\u00f3n de gas renovable en un dep\u00f3sito controlado que se financiar\u00e1 mediante un contrato de compra de energ\u00eda a largo plazo en Europa.<\/p>\n<p>El <strong>Proyecto TMB<\/strong> <strong>\u2013 Life Nimbus<\/strong> (Prat de Llobregat), donde participan el <strong>Centro Tecnol\u00f3gico del Agua (Cetaqua)<\/strong>, <strong>Transports Metropolitans de Barcelona (TMB)<\/strong> y <strong>Aig\u00fces de Barcelona<\/strong>, por su parte tiene como objetivo principal analizar la posibilidad de convertir las depuradoras en ecofactor\u00edas, es decir, instalaciones que generen nuevos recursos a partir de aguas residuales, en este caso, energ\u00eda en forma de gas.<\/p>\n<p>En 2023 comenzar\u00e1 a producir gas renovable la <strong>planta de Vila-Sana<\/strong>, la tercera planta de biometano en Espa\u00f1a de <strong>Naturgy<\/strong>. La planta, ubicada en la explotaci\u00f3n ganadera de Porgaporcs (Vila-Sana, Lleida), generar\u00e1 biometano para abastecer el consumo anual equivalente de 3.150 viviendas y evitar\u00e1 la emisi\u00f3n a la atm\u00f3sfera de cerca de 2.500 toneladas de CO2 al a\u00f1o, inyectando 11,8 GWh\/a\u00f1o a la red de distribuci\u00f3n de gas.<\/p>\n<p>Asimismo, en 2022 se anunci\u00f3 la construcci\u00f3n en <strong>\u00d3lvega (Soria)<\/strong> de la primera planta nacional de biog\u00e1s por valorizaci\u00f3n de residuos dise\u00f1ada para la inyecci\u00f3n directa de biometano en red, impulsada por el grupo <strong>Nortegas<\/strong>.<\/div><\/div><div class=\"fusion-one-half one_half fusion-layout-column fusion-column last spacing-yes\"><div class=\"fusion-column-wrapper\"><span class=\"fusion-imageframe imageframe imageframe-none imageframe-1\"> <img decoding=\"async\" src=\"https:\/\/www.sedigas.es\/informeanual\/2022\/wp-content\/uploads\/2019\/01\/Planta-UNUE-biometano-Foto-Enagas.jpg\" alt=\"\" class=\"img-responsive\" \/><\/span>\n<h6 style=\"text-align: left;\">Planta de\u00a0biometano UNUE, en Burgos<\/h6>\n\n<h3><strong>Hidr\u00f3geno Verde<\/strong><\/h3>\n<p>Espa\u00f1a demostr\u00f3 en 2022 su ambici\u00f3n y potencial para convertirse en un <em>hub<\/em> de distribuci\u00f3n de este gas renovable para toda Europa con el anuncio del <strong>H2Med<\/strong>. El primer gran hidroducto de dimensi\u00f3n europea, presentado p\u00fablicamente en Alicante en diciembre, est\u00e1 dise\u00f1ado para conectar Espa\u00f1a con el resto del continente. Se trata de una iniciativa liderada por Espa\u00f1a, Francia y Portugal (a la que tambi\u00e9n se uni\u00f3 posteriormente Alemania) que convertir\u00e1 a la Pen\u00ednsula Ib\u00e9rica en un <em>hub<\/em> de hidr\u00f3geno verde.<\/p>\n<p>Este 2022 marc\u00f3 asimismo el comienzo de la producci\u00f3n de hidr\u00f3geno verde en la planta de Lloseta perteneciente al proyecto <strong>Power to Green Hydrogen Mallorca<\/strong>, el primer proyecto de hidr\u00f3geno renovable a escala industrial en Espa\u00f1a y en el Sur de Europa. En relaci\u00f3n con este proyecto, <strong>Redexis<\/strong> obtuvo en diciembre de 2022 la autorizaci\u00f3n administrativa y de ejecuci\u00f3n para realizar la instalaci\u00f3n del sistema de inyecci\u00f3n de hidr\u00f3geno verde en la posici\u00f3n de uno de sus gasoductos de transporte primario, en concreto el situado en San Juan-Cas Tresorer-Son Reus, en la isla de Mallorca. Se trata de la primera instalaci\u00f3n de inyecci\u00f3n de hidr\u00f3geno renovable autorizada en el sistema gasista espa\u00f1ol y permitir\u00e1 inyectar este vector en la red de gas natural que suministra a toda la isla de Mallorca.<\/p>\n<p>En mayo de 2022 se inaugur\u00f3 in la planta de hidr\u00f3geno verde de Iberdrola en Puertollano, la mayor para uso industrial de Europa, que podr\u00e1 producir hasta 3.000 toneladas de hidr\u00f3geno renovable anuales.<\/p>\n<p>Los numerosos proyectos relacionados con el hidr\u00f3geno verde anunciados durante todo el ejercicio dan muestra del inter\u00e9s y el potencial de este gas renovable en Espa\u00f1a. Algunos ejemplos son la iniciativa <strong>T-HYNET<\/strong> de <strong>Repso<\/strong>l y <strong>Enag\u00e1s<\/strong>, para producir hidr\u00f3geno verde en Tarragona y abastecer a la industria petroqu\u00edmica local; el Proyecto Catalina, de Copenhagen Infrastructure Partners, Enag\u00e1s, Naturgy, Fertiberia y Vestas, para la producci\u00f3n de hidr\u00f3geno y amon\u00edaco verde, en \u00a0Arag\u00f3n; o el <strong>proyecto SHYNE<\/strong> (Spanish Hydrogen Network), el mayor consorcio multisectorial de Espa\u00f1a que nace para promover la descarbonizaci\u00f3n de la econom\u00eda a trav\u00e9s del hidr\u00f3geno renovable, liderado por Repsol junto a Alsa, Bosch, CELSA Group, Enag\u00e1s, Scania y Talgo.<\/p>\n<p>Adem\u00e1s, ha dado los primeros pasos <strong>HyDeal Espa\u00f1a<\/strong>, la primera implementaci\u00f3n industrial de la plataforma HyDeal Ambition, que se convertir\u00e1 en el mayor giga-proyecto de hidr\u00f3geno renovable a escala mundial. Esta iniciativa, impulsada por compa\u00f1\u00edas como ArcelorMittal, Enag\u00e1s, Grupo Fertiberia y DH2 Energy, ha dado ya los primeros pasos para el desarrollo, financiaci\u00f3n y construcci\u00f3n de todo un conjunto de infraestructuras para la producci\u00f3n y transporte de hidr\u00f3geno verde en nuestro pa\u00eds.<\/p>\n<p>En mayo de 2022 inici\u00f3 su tramitaci\u00f3n administrativa y medioambiental la primera gran planta de hidr\u00f3geno (H2) verde de Galicia. Se trata de una instalaci\u00f3n de producci\u00f3n mediante electr\u00f3lisis utilizando el agua del lago de <strong>As Pontes<\/strong> (A Coru\u00f1a) y nuevas fuentes de energ\u00eda limpia. La promueve Reganosa conjuntamente con EDP Renov\u00e1veis (EDPR) y Siemens Energy como socio tecnol\u00f3gico.<\/div><\/div><div class=\"fusion-clearfix\"><\/div>\n","protected":false},"excerpt":{"rendered":"","protected":false},"author":1,"featured_media":0,"parent":2248,"menu_order":4,"comment_status":"closed","ping_status":"closed","template":"","meta":{"footnotes":""},"class_list":["post-2256","page","type-page","status-publish","hentry"],"_links":{"self":[{"href":"https:\/\/www.sedigas.es\/informeanual\/2022\/wp-json\/wp\/v2\/pages\/2256","targetHints":{"allow":["GET"]}}],"collection":[{"href":"https:\/\/www.sedigas.es\/informeanual\/2022\/wp-json\/wp\/v2\/pages"}],"about":[{"href":"https:\/\/www.sedigas.es\/informeanual\/2022\/wp-json\/wp\/v2\/types\/page"}],"author":[{"embeddable":true,"href":"https:\/\/www.sedigas.es\/informeanual\/2022\/wp-json\/wp\/v2\/users\/1"}],"replies":[{"embeddable":true,"href":"https:\/\/www.sedigas.es\/informeanual\/2022\/wp-json\/wp\/v2\/comments?post=2256"}],"version-history":[{"count":26,"href":"https:\/\/www.sedigas.es\/informeanual\/2022\/wp-json\/wp\/v2\/pages\/2256\/revisions"}],"predecessor-version":[{"id":3473,"href":"https:\/\/www.sedigas.es\/informeanual\/2022\/wp-json\/wp\/v2\/pages\/2256\/revisions\/3473"}],"up":[{"embeddable":true,"href":"https:\/\/www.sedigas.es\/informeanual\/2022\/wp-json\/wp\/v2\/pages\/2248"}],"wp:attachment":[{"href":"https:\/\/www.sedigas.es\/informeanual\/2022\/wp-json\/wp\/v2\/media?parent=2256"}],"curies":[{"name":"wp","href":"https:\/\/api.w.org\/{rel}","templated":true}]}}