{"id":2252,"date":"2019-01-12T16:55:43","date_gmt":"2019-01-12T15:55:43","guid":{"rendered":"http:\/\/www.sedigas.es\/informeanual\/2018\/?page_id=2252"},"modified":"2023-06-17T12:36:03","modified_gmt":"2023-06-17T10:36:03","slug":"definicion-y-tipos","status":"publish","type":"page","link":"https:\/\/www.sedigas.es\/informeanual\/2022\/gas-renovable\/definicion-y-tipos\/","title":{"rendered":"Definici\u00f3n y tipos"},"content":{"rendered":"<div class=\"fusion-one-half one_half fusion-layout-column fusion-column spacing-yes\"><div class=\"fusion-column-wrapper\">\n<h2><strong>\u00bfQu\u00e9 son los gases renovables?<\/strong><\/h2>\n<p>Los gases renovables son aquellos que son producidos a partir de fuentes renovables. El biometano es la tecnolog\u00eda m\u00e1s madura y desarrollada hasta la fecha, pero tambi\u00e9n destacamos al hidr\u00f3geno renovable y el gas sint\u00e9tico.<\/p>\n<h3><strong>Biometano<\/strong><\/h3>\n<p>El biometano se obtiene del biog\u00e1s mediante un proceso de depuraci\u00f3n o\u00a0<em>upgrading<\/em> que mejora el porcentaje de metano en la mezcla. El biog\u00e1s, en primera instancia, se obtiene mediante el proceso de digesti\u00f3n anaerobia de materiales org\u00e1nicos biodegradables, principalmente residuos org\u00e1nicos dom\u00e9sticos, industriales, agr\u00edcolas, lodos de depuradora y deyecciones ganaderas, as\u00ed como cultivos energ\u00e9ticos.<\/p>\n<p>El biometano inyectado en las redes gasistas tiene la ventaja de ser totalmente intercambiable con el gas natural, por lo que mediante su inyecci\u00f3n en estas redes permite su f\u00e1cil distribuci\u00f3n y consumo para dar respuesta a las necesidades de la generaci\u00f3n el\u00e9ctrica, la industria, el sector residencial y la movilidad. De esta forma, el biometano se configura como la \u00fanica energ\u00eda renovable que puede usarse para cualquiera de las grandes aplicaciones o usos energ\u00e9ticos: el\u00e9ctricos, t\u00e9rmicos o como carburante.<\/p>\n<h3><strong>Hidr\u00f3geno renovable<\/strong><\/h3>\n<p>Es el hidrogeno obtenido de fuentes renovables, como el <em>power-to-gas<\/em> (producido mediante electrolisis del agua con electricidad renovable) capaz de ser inyectado ma\u0301s tarde en la red o bien usado para generar biometano. A diferencia de este \u00faltimo, el hidr\u00f3geno renovable no es un gas intercambiable al 100% del gas natural y su inyecci\u00f3n en las redes de gas existentes (<em>blending<\/em>) necesita todav\u00eda de ciertos desarrollos t\u00e9cnicos y legislativos.<\/p>\n<p>El uso de hidrogeno como combustible est\u00e1 experimentando un impulso sin precedentes que podr\u00eda establecer las bases para hacer realidad su enorme potencial como energ\u00eda limpia. En este contexto, el hidr\u00f3geno renovable se postula ya como una de las formas m\u00e1s eficientes en el futuro de almacenar los excedentes de electricidad renovable.<\/p>\n<p>Atendiendo a su m\u00e9todo de producci\u00f3n, el hidr\u00f3geno recibe diferentes denominaciones:<\/p>\n<ul>\n<li><strong>Hidr\u00f3geno gris<\/strong>: a partir del reformado de vapor de gas natural sin captura de CO<sub>2<\/sub>.<\/li>\n<li><strong>Hidr\u00f3geno azul<\/strong>: parte tambi\u00e9n del reformado de vapor de gas natural, pero incorporar un proceso de captura de ese CO<sub>2<\/sub>, de tal forma que se reducen de forma significativa las emisiones de carbono.<\/li>\n<li><strong>Hidr\u00f3geno verde<\/strong> (o hidr\u00f3geno renovable): producido por electr\u00f3lisis del agua a partir de electricidad excedentaria procedente de fuentes renovables. Este proceso no emite CO<sub>2<\/sub> y transforma el agua en mol\u00e9culas de gases de hidr\u00f3geno y ox\u00edgeno.<\/li>\n<li><strong>Hidr\u00f3geno amarillo:<\/strong> es aquel en el que la electricidad utilizada para la electr\u00f3lisis procede de fuentes mixtas, desde energ\u00edas renovables hasta combustibles f\u00f3siles.<\/li>\n<li><strong>Hidr\u00f3geno rosa<\/strong>: se obtiene mediante electr\u00f3lisis del agua alimentada por energ\u00eda nuclear.<\/li>\n<li><strong>Hidr\u00f3geno blanco<\/strong>: el que encontramos en la naturaleza, normalmente en forma gaseosa (H\u2082).<\/li>\n<li><strong>Hidr\u00f3geno turquesa:<\/strong> se genera mediante la pir\u00f3lisis del metal fundido, alimentada por gas natural. En el proceso, el gas natural pasa a trav\u00e9s de un metal fundido, y libera hidr\u00f3geno y carbono s\u00f3lido, con lo que se evitan emisiones contaminantes de CO\u2082.<\/li>\n<\/ul>\n<h3><\/h3>\n<\/div><\/div><div class=\"fusion-one-half one_half fusion-layout-column fusion-column last spacing-yes\"><div class=\"fusion-column-wrapper\"><span class=\"fusion-imageframe imageframe imageframe-none imageframe-1\"><a href=\"https:\/\/www.sedigas.es\/informeanual\/2022\/wp-content\/uploads\/2019\/01\/Infografia_gas_renovable_fases.jpg\" target=\"_blank\"> <img decoding=\"async\" alt=\"Tipos y usos finales de los gases renovables\" src=\"https:\/\/www.sedigas.es\/informeanual\/2022\/wp-content\/uploads\/2019\/01\/Infografia_gas_renovable_fases-1024x604.jpg\" class=\"img-responsive\" \/><\/a><\/span>\n<h3><strong>Gas Sint\u00e9tico (Syngas)<\/strong><\/h3>\n<p>Este gas renovable se obtiene mediante el proceso de gasificaci\u00f3n t\u00e9rmica de materiales org\u00e1nicos, principalmente lignocelul\u00f3sicos como, por ejemplo:<\/p>\n<ul>\n<li>Residuos agr\u00edcolas y de jardiner\u00eda, de cultivos herb\u00e1ceos o le\u00f1osos.<\/li>\n<li>Residuos forestales.<\/li>\n<li>Cultivos energ\u00e9ticos, agr\u00edcolas o forestales.<\/li>\n<li>Residuos de la industria agroalimentaria constituidos por compuestos lignocelul\u00f3sicos (c\u00e1scaras de almendra u otros frutos secos, subproductos de la producci\u00f3n de vino o aceite, etc.).<\/li>\n<li>Combustible derivado de residuos (CDR), obtenido de la fracci\u00f3n resto de residuos municipales.<\/li>\n<\/ul>\n<p>El agente gasificante pude ser aire, ox\u00edgeno, vapor de agua o hidr\u00f3geno.<\/div><\/div><div class=\"fusion-clearfix\"><\/div>\n","protected":false},"excerpt":{"rendered":"","protected":false},"author":1,"featured_media":0,"parent":2248,"menu_order":2,"comment_status":"closed","ping_status":"closed","template":"","meta":{"footnotes":""},"class_list":["post-2252","page","type-page","status-publish","hentry"],"_links":{"self":[{"href":"https:\/\/www.sedigas.es\/informeanual\/2022\/wp-json\/wp\/v2\/pages\/2252","targetHints":{"allow":["GET"]}}],"collection":[{"href":"https:\/\/www.sedigas.es\/informeanual\/2022\/wp-json\/wp\/v2\/pages"}],"about":[{"href":"https:\/\/www.sedigas.es\/informeanual\/2022\/wp-json\/wp\/v2\/types\/page"}],"author":[{"embeddable":true,"href":"https:\/\/www.sedigas.es\/informeanual\/2022\/wp-json\/wp\/v2\/users\/1"}],"replies":[{"embeddable":true,"href":"https:\/\/www.sedigas.es\/informeanual\/2022\/wp-json\/wp\/v2\/comments?post=2252"}],"version-history":[{"count":15,"href":"https:\/\/www.sedigas.es\/informeanual\/2022\/wp-json\/wp\/v2\/pages\/2252\/revisions"}],"predecessor-version":[{"id":3469,"href":"https:\/\/www.sedigas.es\/informeanual\/2022\/wp-json\/wp\/v2\/pages\/2252\/revisions\/3469"}],"up":[{"embeddable":true,"href":"https:\/\/www.sedigas.es\/informeanual\/2022\/wp-json\/wp\/v2\/pages\/2248"}],"wp:attachment":[{"href":"https:\/\/www.sedigas.es\/informeanual\/2022\/wp-json\/wp\/v2\/media?parent=2252"}],"curies":[{"name":"wp","href":"https:\/\/api.w.org\/{rel}","templated":true}]}}