{"id":2250,"date":"2019-01-12T16:55:03","date_gmt":"2019-01-12T15:55:03","guid":{"rendered":"http:\/\/www.sedigas.es\/informeanual\/2018\/?page_id=2250"},"modified":"2023-06-17T12:32:12","modified_gmt":"2023-06-17T10:32:12","slug":"contexto","status":"publish","type":"page","link":"https:\/\/www.sedigas.es\/informeanual\/2022\/gas-renovable\/contexto\/","title":{"rendered":"Contexto"},"content":{"rendered":"<div class=\"fusion-two-third two_third fusion-layout-column fusion-column spacing-yes\"><div class=\"fusion-column-wrapper\">\n<h2><strong>Los gases renovables en Espa\u00f1a<\/strong><\/h2>\n<p>A lo largo de 2022 se produjeron destacados avances para impulsar el despegue de los gases renovables, como por ejemplo el desarrollo del nuevo <strong>Sistema de Garant\u00edas de Origen<\/strong> que permite la expedici\u00f3n de estas garant\u00edas para el biog\u00e1s, el biometano y el hidrogeno verde, as\u00ed como para cualquier gas de origen renovable que defina en un futuro la Secretar\u00eda de Estado de Energ\u00eda.<\/p>\n<h3><strong>Sistema de Garant\u00edas de Origen (GdO)<\/strong><\/h3>\n<p>En mayo de 2022 se public\u00f3 en el BOE el <strong>Real Decreto 376\/2022<\/strong>, que regula entre otros aspectos los principios b\u00e1sicos que regir\u00e1n ese sistema de garant\u00edas de origen de gases renovables. La puesta en marcha de este sistema dinamizar\u00e1 el mercado de los gases renovables, aportando mayor informaci\u00f3n a los consumidores, quienes podr\u00e1n acreditar el origen renovable de la energ\u00eda consumida y, posteriormente, mediante otros certificados validar la reducci\u00f3n de sus emisiones de carbono.<\/div><\/div><div class=\"fusion-one-third one_third fusion-layout-column fusion-column last spacing-yes\"><div class=\"fusion-column-wrapper\"><span class=\"fusion-imageframe imageframe imageframe-none imageframe-1\"> <img decoding=\"async\" src=\"https:\/\/www.sedigas.es\/informeanual\/2022\/wp-content\/uploads\/2019\/01\/gases-renovables-informe-sector-gasista.jpg\" alt=\"gases renovables informe sector gasista\" class=\"img-responsive\" \/><\/span>\n<h6 style=\"text-align: right;\"><em><span style=\"color: #99ccff;\"><br \/>\n<\/span><\/em><\/h6>\n<\/div><\/div><div class=\"fusion-clearfix\"><\/div><div class=\"accordian fusion-accordian\"><div class=\"panel-group\" id=\"accordion-1\"><div class=\"fusion-panel panel-default\"><div class=\"panel-heading\"><h4 class=\"panel-title toggle\"><a data-toggle=\"collapse\" data-parent=\"#accordion-1\" data-target=\"#8e74e7178ec1f94c8\" href=\"#8e74e7178ec1f94c8\"><i class=\"fa-fusion-box\"><\/i>Plan REPowerEU<\/a><\/h4><\/div><div id=\"8e74e7178ec1f94c8\" class=\"panel-collapse collapse \"><div class=\"panel-body toggle-content\">El Plan REPowerEU de la Comisi\u00f3n Europea fue otro de los hitos del a\u00f1o, ya que define la estrategia para la autonom\u00eda energ\u00e9tica de Europa y su contribuci\u00f3n a la descarbonizaci\u00f3n. Este plan establece un objetivo de producci\u00f3n de biometano de 35.000 millones de metros c\u00fabicos en Europa en el a\u00f1o 2030, 10 millones de toneladas de producci\u00f3n interna de hidr\u00f3geno renovable y otros 10 millones de toneladas de importaciones de otros pa\u00edses fuera de la Uni\u00f3n Europea.<\/p>\n<p>Fruto de este plan, durante el a\u00f1o 2022, el Gobierno espa\u00f1ol public\u00f3 dos reales decretos-ley que impulsan la inyecci\u00f3n de gases renovables en la infraestructura gasista nacional:<\/p>\n<p>El <strong>Real Decreto-ley 6\/2022<\/strong>, de 29 de marzo, por el que se adoptan medidas urgentes en el marco del Plan Nacional de respuesta a las consecuencias econ\u00f3micas y sociales de la guerra en Ucrania, modific\u00f3 la <strong>Ley 34\/1998<\/strong>, de 7 de octubre, del sector de hidrocarburos, (LSH) para promover el suministro de gases renovables mediante canalizaciones aisladas: la consideraci\u00f3n de actividad de inter\u00e9s general y su declaraci\u00f3n de utilidad p\u00fablica; el procedimiento aplicable para la autorizaci\u00f3n de las infraestructuras; el acceso negociado de terceros y la no aplicabilidad de retribuci\u00f3n regulada y los derechos, obligaciones, infracciones, sanciones, y dem\u00e1s preceptos aplicables a los agentes. Adem\u00e1s, defini\u00f3 como l\u00ednea directa la conexi\u00f3n de una planta de producci\u00f3n de gases renovables con el sistema gasista destinada a la inyecci\u00f3n de gas en \u00e9l, lo cual ha facilitado la tramitaci\u00f3n de este tipo de conexiones.<\/p>\n<p>El <strong>Real Decreto-ley 14\/2022<\/strong>, de 1 de agosto, de medidas de sostenibilidad econ\u00f3mica en el \u00e1mbito del transporte, en materia de becas y ayudas al estudio, as\u00ed como de medidas de ahorro, eficiencia energ\u00e9tica y de reducci\u00f3n de la dependencia energ\u00e9tica del gas natural, introduce una serie de simplificaciones administrativas en relaci\u00f3n con las modificaciones de las posiciones de conexi\u00f3n para adaptarlas a la inyecci\u00f3n a red de gases renovables, especificando su condici\u00f3n de modificaci\u00f3n menor, es decir, sin necesidad de autorizaci\u00f3n administrativa ni aprobaci\u00f3n del proyecto de ejecuci\u00f3n.<\/p>\n<p>Adem\u00e1s, en marzo de 2022 el Gobierno de Espa\u00f1a aprob\u00f3 la tan esperada <strong>Hoja de Ruta del Biog\u00e1s<\/strong>, que reconoce de forma clara y manifiesta c\u00f3mo los gases de origen renovable forman parte de la soluci\u00f3n para alcanzar la neutralidad clim\u00e1tica en 2050.<\/p>\n<p>El <strong>Plan +SE <\/strong>(Plan M\u00e1s Seguridad Energ\u00e9tica), dise\u00f1ado por el Gobierno para aportar m\u00e1s seguridad frente a los precios de la energ\u00eda a los hogares y al conjunto de la econom\u00eda espa\u00f1ola, tambi\u00e9n inclu\u00eda medidas para reforzar el papel de los gases renovables. Concretamente el <strong>Real Decreto-ley 18\/2022<\/strong>, de 18 de octubre, declaraba en su art\u00edculo 13 de utilidad p\u00fablica las l\u00edneas directas de conexi\u00f3n de plantas de producci\u00f3n de gases renovables con la red de transporte y distribuci\u00f3n de gas natural.<br \/>\n<\/div><\/div><\/div><\/div><\/div>\n","protected":false},"excerpt":{"rendered":"","protected":false},"author":1,"featured_media":0,"parent":2248,"menu_order":1,"comment_status":"closed","ping_status":"closed","template":"","meta":{"footnotes":""},"class_list":["post-2250","page","type-page","status-publish","hentry"],"_links":{"self":[{"href":"https:\/\/www.sedigas.es\/informeanual\/2022\/wp-json\/wp\/v2\/pages\/2250","targetHints":{"allow":["GET"]}}],"collection":[{"href":"https:\/\/www.sedigas.es\/informeanual\/2022\/wp-json\/wp\/v2\/pages"}],"about":[{"href":"https:\/\/www.sedigas.es\/informeanual\/2022\/wp-json\/wp\/v2\/types\/page"}],"author":[{"embeddable":true,"href":"https:\/\/www.sedigas.es\/informeanual\/2022\/wp-json\/wp\/v2\/users\/1"}],"replies":[{"embeddable":true,"href":"https:\/\/www.sedigas.es\/informeanual\/2022\/wp-json\/wp\/v2\/comments?post=2250"}],"version-history":[{"count":26,"href":"https:\/\/www.sedigas.es\/informeanual\/2022\/wp-json\/wp\/v2\/pages\/2250\/revisions"}],"predecessor-version":[{"id":3468,"href":"https:\/\/www.sedigas.es\/informeanual\/2022\/wp-json\/wp\/v2\/pages\/2250\/revisions\/3468"}],"up":[{"embeddable":true,"href":"https:\/\/www.sedigas.es\/informeanual\/2022\/wp-json\/wp\/v2\/pages\/2248"}],"wp:attachment":[{"href":"https:\/\/www.sedigas.es\/informeanual\/2022\/wp-json\/wp\/v2\/media?parent=2250"}],"curies":[{"name":"wp","href":"https:\/\/api.w.org\/{rel}","templated":true}]}}