{"id":191,"date":"2015-01-19T11:24:46","date_gmt":"2015-01-19T10:24:46","guid":{"rendered":"http:\/\/www.sedigas.es\/informeanual\/2015\/?page_id=191"},"modified":"2023-06-17T11:23:18","modified_gmt":"2023-06-17T09:23:18","slug":"almacenamiento","status":"publish","type":"page","link":"https:\/\/www.sedigas.es\/informeanual\/2022\/el-gas-en-espana\/infraestructuras\/almacenamiento\/","title":{"rendered":"Almacenamientos subterr\u00e1neos"},"content":{"rendered":"\n<h2><strong>El\u00a0gas inyectado en los\u00a0almacenamientos fue de 14.289 GWh\u00a0<\/strong><\/h2>\nEspa\u00f1a dispone de cuatro almacenamientos subterr\u00e1neos (Gaviota, Serrablo, Yela y Marismas) que han resultado claves para reforzar la seguridad de suministro del sistema. En 2022, el gas inyectado a estos almacenamientos fue de 14.289 GWh (un 78% m\u00e1s que en 2021) mientras que la extracci\u00f3n fue de 3.978 GWh (un 69% menos).<\/p>\n<p>Tal y como establec\u00eda el Reglamento (UE) 2022\/1032, Espa\u00f1a alcanz\u00f3 el nivel de llenado exigido del 80% en sus almacenamientos subterr\u00e1neos el 1 de noviembre de 2022, alcanzando incluso un 94% de llenado ese mismo d\u00eda.\u00a0 Las existencias finales en los almacenamientos subterr\u00e1neos fueron de 61.802 GWh.<div class=\"fusion-fullwidth fullwidth-box\" style=\"background-attachment:scroll;background-position:left top;background-repeat:no-repeat;-webkit-background-size:cover;-moz-background-size:cover;-o-background-size:cover;background-size:cover;border-color:#eae9e9;border-bottom-width: 0px;border-top-width: 0px;border-bottom-style: solid;border-top-style: solid;padding-bottom:20px;padding-left:0px;padding-right:0px;padding-top:20px;\"><div class=\"avada-row\">\n<h2>Gesti\u00f3n total del almacenamiento subterr\u00e1neo (2022)<\/h2>\n\n<table id=\"tablepress-38\" class=\"tablepress tablepress-id-38 alinearDerecha\">\n<thead>\n<tr class=\"row-1 odd\">\n\t<th class=\"column-1\">Gesti\u00f3n total del almacenamiento subterr\u00e1neo<\/th><th class=\"column-2\">&nbsp;<\/th><th class=\"column-3\">Ene. <\/th><th class=\"column-4\">Feb. <\/th><th class=\"column-5\">Mar. <\/th><th class=\"column-6\">Abr. <\/th><th class=\"column-7\">May. <\/th><th class=\"column-8\">Jun. <\/th><th class=\"column-9\">Jul. <\/th><th class=\"column-10\">Ago. <\/th><th class=\"column-11\">Sep. <\/th><th class=\"column-12\">Oct. <\/th><th class=\"column-13\">Nov. <\/th><th class=\"column-14\">Dic.<\/th>\n<\/tr>\n<\/thead>\n<tbody class=\"row-hover\">\n<tr class=\"row-2 even\">\n\t<td class=\"column-1\">Capacidad util  GWh <\/td><td class=\"column-2\">GWh <\/td><td class=\"column-3\">34.910<\/td><td class=\"column-4\">34.910<\/td><td class=\"column-5\">34.910<\/td><td class=\"column-6\">35.342<\/td><td class=\"column-7\">35.342<\/td><td class=\"column-8\">35.342<\/td><td class=\"column-9\">35.342<\/td><td class=\"column-10\">35.342<\/td><td class=\"column-11\">35.342<\/td><td class=\"column-12\">35.342<\/td><td class=\"column-13\">35.342<\/td><td class=\"column-14\">35.342<\/td>\n<\/tr>\n<tr class=\"row-3 odd\">\n\t<td class=\"column-1\">Volumen gas colchon  GWh <\/td><td class=\"column-2\">GWh<\/td><td class=\"column-3\">28.793<\/td><td class=\"column-4\">28.793<\/td><td class=\"column-5\">28.793<\/td><td class=\"column-6\">28.793<\/td><td class=\"column-7\">28.793<\/td><td class=\"column-8\">28.793<\/td><td class=\"column-9\">28.793<\/td><td class=\"column-10\">28.793<\/td><td class=\"column-11\">28.793<\/td><td class=\"column-12\">28.793<\/td><td class=\"column-13\">28.793<\/td><td class=\"column-14\">28.793<\/td>\n<\/tr>\n<tr class=\"row-4 even\">\n\t<td class=\"column-1\">Existencias iniciales  GWh<\/td><td class=\"column-2\">GWh <\/td><td class=\"column-3\">51.543<\/td><td class=\"column-4\">49.556<\/td><td class=\"column-5\">48.851<\/td><td class=\"column-6\">48.851<\/td><td class=\"column-7\">50.569<\/td><td class=\"column-8\">52.279<\/td><td class=\"column-9\">54.416<\/td><td class=\"column-10\">56.385<\/td><td class=\"column-11\">58.902<\/td><td class=\"column-12\">60.793<\/td><td class=\"column-13\">62.249<\/td><td class=\"column-14\">62.910<\/td>\n<\/tr>\n<tr class=\"row-5 odd\">\n\t<td class=\"column-1\">Inyeccion (neta)  GWh\/mes <\/td><td class=\"column-2\">GWh\/mes<\/td><td class=\"column-3\">0<\/td><td class=\"column-4\">0<\/td><td class=\"column-5\">46<\/td><td class=\"column-6\">1.791<\/td><td class=\"column-7\">1.711<\/td><td class=\"column-8\">2.136<\/td><td class=\"column-9\">1.970<\/td><td class=\"column-10\">2.570<\/td><td class=\"column-11\">1.913<\/td><td class=\"column-12\">1.678<\/td><td class=\"column-13\">721<\/td><td class=\"column-14\">38<\/td>\n<\/tr>\n<tr class=\"row-6 even\">\n\t<td class=\"column-1\">Inyeccion media diaria  GWh\/d\u00eda <\/td><td class=\"column-2\">GWh\/d\u00eda <\/td><td class=\"column-3\">0<\/td><td class=\"column-4\">0<\/td><td class=\"column-5\">0<\/td><td class=\"column-6\">60<\/td><td class=\"column-7\">55<\/td><td class=\"column-8\">71<\/td><td class=\"column-9\">64<\/td><td class=\"column-10\">83<\/td><td class=\"column-11\">64<\/td><td class=\"column-12\">54<\/td><td class=\"column-13\">24<\/td><td class=\"column-14\">1<\/td>\n<\/tr>\n<tr class=\"row-7 odd\">\n\t<td class=\"column-1\">Extraccion (bruta)  GWh\/mes <\/td><td class=\"column-2\">GWh\/mes <\/td><td class=\"column-3\">1.986<\/td><td class=\"column-4\">705<\/td><td class=\"column-5\">46<\/td><td class=\"column-6\">0<\/td><td class=\"column-7\">0<\/td><td class=\"column-8\">0<\/td><td class=\"column-9\">0<\/td><td class=\"column-10\">35<\/td><td class=\"column-11\">0<\/td><td class=\"column-12\">0<\/td><td class=\"column-13\">59<\/td><td class=\"column-14\">1.147<\/td>\n<\/tr>\n<tr class=\"row-8 even\">\n\t<td class=\"column-1\">Extraccion media diaria  GWh\/d\u00eda <\/td><td class=\"column-2\">GWh\/d\u00eda<\/td><td class=\"column-3\">64<\/td><td class=\"column-4\">25<\/td><td class=\"column-5\">1<\/td><td class=\"column-6\">0<\/td><td class=\"column-7\">0<\/td><td class=\"column-8\">0<\/td><td class=\"column-9\">0<\/td><td class=\"column-10\">1<\/td><td class=\"column-11\">0<\/td><td class=\"column-12\">0<\/td><td class=\"column-13\">2<\/td><td class=\"column-14\">37<\/td>\n<\/tr>\n<tr class=\"row-9 odd\">\n\t<td class=\"column-1\">Existencias finales  GWh<\/td><td class=\"column-2\">GWh <\/td><td class=\"column-3\">49.556<\/td><td class=\"column-4\">48.851<\/td><td class=\"column-5\">48.851<\/td><td class=\"column-6\">50.569<\/td><td class=\"column-7\">52.279<\/td><td class=\"column-8\">54.416<\/td><td class=\"column-9\">56.385<\/td><td class=\"column-10\">58.902<\/td><td class=\"column-11\">60.793<\/td><td class=\"column-12\">62.249<\/td><td class=\"column-13\">62.910<\/td><td class=\"column-14\">61.802<\/td>\n<\/tr>\n<\/tbody>\n<\/table>\n<!-- #tablepress-38 from cache -->\n<h6><em>Fuente: ENAG\u00c1S GTS, S.A.U<\/em><\/h6>\n<div class=\"fusion-sep-clear\"><\/div><div class=\"fusion-separator fusion-full-width-sep sep-none\" style=\"border-color:#e0dede;margin-top:10px;margin-bottom:10px;\"><\/div><div class=\"fusion-one-half one_half fusion-layout-column fusion-column last spacing-yes\"><div class=\"fusion-column-wrapper\"><span style=\"color: #000000;\">Descarga la tabla:<\/span><div class=\"fusion-sep-clear\"><\/div><div class=\"fusion-separator fusion-full-width-sep sep-none\" style=\"border-color:#e0dede;margin-top:10px;\"><\/div><div class=\"alignleft\"><style type=\"text\/css\">#wrapper .fusion-button.button-1{text-shadow:none;-webkit-box-shadow:none;-moz-box-shadow:none;box-shadow: none;border-width:1px;color:#fff;border-color:#fff;}#wrapper .fusion-button.button-1:hover,.fusion-button.button-1:focus,.fusion-button.button-1:active{border-width:1px;border-color:#fff;color:#fff;}#wrapper .fusion-button.button-1{background: #00cc66;}#wrapper .fusion-button.button-1:hover,.button-1:focus,.fusion-button.button-1:active{background: #00cc66;}<\/style><a class=\"button small button custom fusion-button button-flat button-round button-small button-custom button-1 buttonshadow-no\" target=\"_self\" href=\"https:\/\/www.sedigas.es\/informeanual\/2022\/wp-content\/uploads\/2023\/06\/Gesti\u00f3n-total-del-almacenamiento-subterr\u00e1neo.xlsx\"><i class=\"fa fa-file-excel-o button-icon-left\"><\/i><span class=\"fusion-button-text\">XLS<\/span><\/a><\/div><\/div><\/div><div class=\"fusion-clearfix\"><\/div><\/div><\/div><div class=\"fusion-one-half one_half fusion-layout-column fusion-column last spacing-yes\"><div class=\"fusion-column-wrapper\"><\/div><\/div><div class=\"fusion-clearfix\"><\/div>\n","protected":false},"excerpt":{"rendered":"","protected":false},"author":1,"featured_media":0,"parent":1302,"menu_order":0,"comment_status":"open","ping_status":"open","template":"","meta":{"footnotes":""},"class_list":["post-191","page","type-page","status-publish","hentry"],"_links":{"self":[{"href":"https:\/\/www.sedigas.es\/informeanual\/2022\/wp-json\/wp\/v2\/pages\/191","targetHints":{"allow":["GET"]}}],"collection":[{"href":"https:\/\/www.sedigas.es\/informeanual\/2022\/wp-json\/wp\/v2\/pages"}],"about":[{"href":"https:\/\/www.sedigas.es\/informeanual\/2022\/wp-json\/wp\/v2\/types\/page"}],"author":[{"embeddable":true,"href":"https:\/\/www.sedigas.es\/informeanual\/2022\/wp-json\/wp\/v2\/users\/1"}],"replies":[{"embeddable":true,"href":"https:\/\/www.sedigas.es\/informeanual\/2022\/wp-json\/wp\/v2\/comments?post=191"}],"version-history":[{"count":124,"href":"https:\/\/www.sedigas.es\/informeanual\/2022\/wp-json\/wp\/v2\/pages\/191\/revisions"}],"predecessor-version":[{"id":3446,"href":"https:\/\/www.sedigas.es\/informeanual\/2022\/wp-json\/wp\/v2\/pages\/191\/revisions\/3446"}],"up":[{"embeddable":true,"href":"https:\/\/www.sedigas.es\/informeanual\/2022\/wp-json\/wp\/v2\/pages\/1302"}],"wp:attachment":[{"href":"https:\/\/www.sedigas.es\/informeanual\/2022\/wp-json\/wp\/v2\/media?parent=191"}],"curies":[{"name":"wp","href":"https:\/\/api.w.org\/{rel}","templated":true}]}}