{"id":1309,"date":"2015-04-22T12:21:40","date_gmt":"2015-04-22T10:21:40","guid":{"rendered":"http:\/\/www.sedigas.es\/informeanual\/2015\/?page_id=1309"},"modified":"2023-06-17T11:41:56","modified_gmt":"2023-06-17T09:41:56","slug":"consumidores","status":"publish","type":"page","link":"https:\/\/www.sedigas.es\/informeanual\/2022\/el-gas-en-espana\/expansion-del-sector\/consumidores\/","title":{"rendered":"Consumidores"},"content":{"rendered":"<div class=\"fusion-four-fifth fusion-layout-column fusion-column last spacing-yes\"><div class=\"fusion-column-wrapper\">\n<h2><strong>Espa\u00f1a, ocho millones de puntos de suministro\u00a0<\/strong><\/h2>\n<div id=\"gtx-trans\" style=\"position: absolute; left: 582px; top: 88.9167px;\"><\/div>\nLa expansi\u00f3n del sector gasista continu\u00f3 en 2022 con un aumento del n\u00famero de puntos de suministro de gas natural, que se situ\u00f3 al cierre del ejercicio en 7.990.187. Esto significa que 7.392 nuevos puntos de consumo se abastecen con la energ\u00eda del gas natural.<\/div><\/div><div class=\"fusion-clearfix\"><\/div><div class=\"fusion-sep-clear\"><\/div><div class=\"fusion-separator fusion-full-width-sep sep-single\" style=\"border-color:#00cc66;margin-top:10px;margin-bottom:10px;\"><\/div><div class=\"fusion-fullwidth fullwidth-box\" style=\"background-attachment:scroll;background-position:left top;background-repeat:no-repeat;-webkit-background-size:cover;-moz-background-size:cover;-o-background-size:cover;background-size:cover;border-color:#eae9e9;border-bottom-width: 0px;border-top-width: 0px;border-bottom-style: solid;border-top-style: solid;padding-bottom:20px;padding-left:0px;padding-right:0px;padding-top:20px;\"><div class=\"avada-row\">\n<h2 style=\"text-align: justify;\">Evoluci\u00f3n del n\u00famero de puntos de suministro en Espa\u00f1a<span style=\"color: #0082bc;\"><br \/>\n<\/span><\/h2>\n<div id=\"amchart1\" style=\"width: 100%; height: 450px;\"><\/div>\n<h6><span style=\"color: #00cc66;\"><em>Fuente: Sedigas<\/em><\/span><\/h6>\n<\/div><\/div><div class=\"fusion-one-half one_half fusion-layout-column fusion-column last spacing-yes\"><div class=\"fusion-column-wrapper\"><span style=\"color: #000000;\">Descarga el gr\u00e1fico:<\/span><div class=\"fusion-sep-clear\"><\/div><div class=\"fusion-separator fusion-full-width-sep sep-none\" style=\"border-color:#e0dede;margin-top:10px;\"><\/div><style type=\"text\/css\">#wrapper .fusion-button.button-1{text-shadow:none;-webkit-box-shadow:none;-moz-box-shadow:none;box-shadow: none;border-width:1px;color:#fff;border-color:#fff;}#wrapper .fusion-button.button-1:hover,.fusion-button.button-1:focus,.fusion-button.button-1:active{border-width:1px;border-color:#fff;color:#fff;}#wrapper .fusion-button.button-1{background: #00cc66;}#wrapper .fusion-button.button-1:hover,.button-1:focus,.fusion-button.button-1:active{background: #00cc66;}<\/style><a class=\"button small button custom fusion-button button-flat button-round button-small button-custom button-1 buttonshadow-no\" target=\"_self\" href=\"https:\/\/www.sedigas.es\/informeanual\/2022\/wp-content\/uploads\/2023\/06\/GES_EXPANSION-DEL-SECTOR_CONSUMIDORES_PUNTOS-SUMINISTRO-1.xls\"><i class=\"fa fa-file-image-o button-icon-left\"><\/i><span class=\"fusion-button-text\">XLS<\/span><\/a><\/div><\/div><div class=\"fusion-clearfix\"><\/div>\n","protected":false},"excerpt":{"rendered":"","protected":false},"author":1,"featured_media":0,"parent":1305,"menu_order":0,"comment_status":"open","ping_status":"open","template":"","meta":{"footnotes":""},"class_list":["post-1309","page","type-page","status-publish","hentry"],"_links":{"self":[{"href":"https:\/\/www.sedigas.es\/informeanual\/2022\/wp-json\/wp\/v2\/pages\/1309","targetHints":{"allow":["GET"]}}],"collection":[{"href":"https:\/\/www.sedigas.es\/informeanual\/2022\/wp-json\/wp\/v2\/pages"}],"about":[{"href":"https:\/\/www.sedigas.es\/informeanual\/2022\/wp-json\/wp\/v2\/types\/page"}],"author":[{"embeddable":true,"href":"https:\/\/www.sedigas.es\/informeanual\/2022\/wp-json\/wp\/v2\/users\/1"}],"replies":[{"embeddable":true,"href":"https:\/\/www.sedigas.es\/informeanual\/2022\/wp-json\/wp\/v2\/comments?post=1309"}],"version-history":[{"count":74,"href":"https:\/\/www.sedigas.es\/informeanual\/2022\/wp-json\/wp\/v2\/pages\/1309\/revisions"}],"predecessor-version":[{"id":3456,"href":"https:\/\/www.sedigas.es\/informeanual\/2022\/wp-json\/wp\/v2\/pages\/1309\/revisions\/3456"}],"up":[{"embeddable":true,"href":"https:\/\/www.sedigas.es\/informeanual\/2022\/wp-json\/wp\/v2\/pages\/1305"}],"wp:attachment":[{"href":"https:\/\/www.sedigas.es\/informeanual\/2022\/wp-json\/wp\/v2\/media?parent=1309"}],"curies":[{"name":"wp","href":"https:\/\/api.w.org\/{rel}","templated":true}]}}